{"id":849,"date":"2023-03-14T15:06:36","date_gmt":"2023-03-14T15:06:36","guid":{"rendered":"https:\/\/gcf.community\/?page_id=849"},"modified":"2023-12-16T12:13:52","modified_gmt":"2023-12-16T12:13:52","slug":"tools","status":"publish","type":"page","link":"https:\/\/staging.gcf.community\/pt\/tools\/","title":{"rendered":"Ferramentas"},"content":{"rendered":"<h1>\n\t\tFerramentas\n\t<\/h1>\n\t<p>H\u00e1 uma s\u00e9rie de ferramentas que desenvolvemos como parte do trabalho do Global Children&#039;s Forum. Essas ferramentas podem ser \u00fateis em v\u00e1rios contextos, como pensamento criativo, cria\u00e7\u00e3o de conte\u00fado colaborativo, trabalho em equipe, idealiza\u00e7\u00e3o de projetos. Alguns deles est\u00e3o listados aqui. Mais ser\u00e1 adicionado em breve.<\/p>\n<p><a href=\"https:\/\/staging.gcf.community\/pt\/tools\/creative-thinking-process\/\">Processo de Pensamento Criativo<\/a><\/p>\n<p><a href=\"https:\/\/staging.gcf.community\/pt\/tools\/flashlab\/\">Laborat\u00f3rio Flash<\/a><\/p>\n<p><a href=\"https:\/\/staging.gcf.community\/pt\/tools\/thinkramp\/\">Think Ramp<\/a><\/p>","protected":false},"excerpt":{"rendered":"","protected":false},"author":1,"featured_media":0,"parent":0,"menu_order":0,"comment_status":"closed","ping_status":"closed","template":"","meta":{"footnotes":""},"class_list":["post-849","page","type-page","status-publish"],"_links":{"self":[{"href":"https:\/\/staging.gcf.community\/pt\/wp-json\/wp\/v2\/pages\/849","targetHints":{"allow":["GET"]}}],"collection":[{"href":"https:\/\/staging.gcf.community\/pt\/wp-json\/wp\/v2\/pages"}],"about":[{"href":"https:\/\/staging.gcf.community\/pt\/wp-json\/wp\/v2\/types\/page"}],"author":[{"embeddable":true,"href":"https:\/\/staging.gcf.community\/pt\/wp-json\/wp\/v2\/users\/1"}],"replies":[{"embeddable":true,"href":"https:\/\/staging.gcf.community\/pt\/wp-json\/wp\/v2\/comments?post=849"}],"version-history":[{"count":1,"href":"https:\/\/staging.gcf.community\/pt\/wp-json\/wp\/v2\/pages\/849\/revisions"}],"predecessor-version":[{"id":2362,"href":"https:\/\/staging.gcf.community\/pt\/wp-json\/wp\/v2\/pages\/849\/revisions\/2362"}],"wp:attachment":[{"href":"https:\/\/staging.gcf.community\/pt\/wp-json\/wp\/v2\/media?parent=849"}],"curies":[{"name":"wp","href":"https:\/\/api.w.org\/{rel}","templated":true}]}}