{"id":804,"date":"2023-03-14T14:57:09","date_gmt":"2023-03-14T14:57:09","guid":{"rendered":"https:\/\/gcf.community\/?page_id=804"},"modified":"2023-10-03T23:06:30","modified_gmt":"2023-10-03T22:06:30","slug":"about","status":"publish","type":"page","link":"https:\/\/staging.gcf.community\/pt\/about\/","title":{"rendered":"Sobre"},"content":{"rendered":"<h1>\n\t\tVis\u00e3o geral\n\t<\/h1>\n<h3>\n\t\tQuem somos n\u00f3s?\n\t<\/h3>\n\t<p>Somos uma rede parceira de mais de 100 organiza\u00e7\u00f5es, grandes e pequenas, locais e internacionais, que se uniram em torno das crian\u00e7as e do evangelho. N\u00f3s aderimos ao <a href=\"https:\/\/lausanne.org\/content\/covenant\/lausanne-covenant#cov\" target=\"_blank\" rel=\"noopener\">Pacto de Lausanne<\/a> em quest\u00f5es de f\u00e9 crist\u00e3 e procurar viver os valores do reino de Deus em tudo o que fazemos.<\/p>\n<p>Com dois ter\u00e7os dos 2,2 mil milh\u00f5es de crian\u00e7as do mundo intocados pelos nossos esfor\u00e7os actuais, algo tem de mudar \u2013 rapidamente. Como resultado, desafiamos uns aos outros a pensar biblicamente sobre o minist\u00e9rio com crian\u00e7as e a explorar o melhor pensamento missional de todo o mundo. \u00c0 medida que combinamos isto com um ambiente de pensamento criativo e inovador, novas formas maravilhosas de fazer minist\u00e9rio com crian\u00e7as, l\u00edderes, igrejas e fam\u00edlias est\u00e3o a surgir e a ser partilhadas.<\/p>\n<p>A tecnologia permite que pessoas de todo o mundo trabalhem continuamente juntas em projetos e explorem novas ideias. A cada dois anos, aproximadamente, temos uma reuni\u00e3o cara a cara global maior. Entre esses hor\u00e1rios, grupos menores se re\u00fanem conforme a necessidade. Tentamos nos encontrar em diferentes locais ao redor do mundo para permitir a participa\u00e7\u00e3o de uma grande variedade de pessoas.<\/p>\n<p>Tudo isto \u00e9 feito atrav\u00e9s de parcerias globais e sinceras. Nosso desejo \u00e9 ver ferramentas eficazes e pensamento inovador prontamente dispon\u00edveis para todo o Corpo de Cristo. Nos sites do GCF voc\u00ea descobrir\u00e1 muitos recursos e modelos de minist\u00e9rio que s\u00e3o livres de custos e restri\u00e7\u00f5es de direitos autorais \u2013 sinta-se \u00e0 vontade para traduzi-los, us\u00e1-los, melhor\u00e1-los, adicion\u00e1-los e repass\u00e1-los a outros.<\/p>\n<p>Sabemos que n\u00e3o somos a \u00fanica resposta ao desafio global de evangelismo e discipulado de crian\u00e7as. Pensamos em n\u00f3s mesmos como o fermento que ajuda toda a massa a crescer. Embora pequenos, procuramos servir de tal forma que toda igreja e toda organiza\u00e7\u00e3o possam se beneficiar de nossos esfor\u00e7os.<\/p>\n<h3>\n\t\tO que valorizamos\n\t<\/h3>\n\t<p>Um outro<\/p>\n\t<p>Trabalhando juntos<\/p>\n\t<p>amor e humildade<\/p>\n\t<p>Compartilhando generosamente<\/p>\n\t<p>Coragem e criatividade<\/p>\n<h3>\n\t\tPrioridades Estrat\u00e9gicas\n\t<\/h3>\n\t<p>A prioridade do GCF \u00e9 ajudar o povo de Deus a fazer disc\u00edpulos entre as crian\u00e7as e ajud\u00e1-los a experimentar o shalom de Deus. Aten\u00e7\u00e3o especial \u00e9 dada a isso no contexto da fam\u00edlia e das crian\u00e7as em risco. Acreditamos que o objetivo final disso \u00e9 equipar e encorajar as crian\u00e7as a serem contribuintes ativos para a miss\u00e3o de Deus e sua comunidade.<\/p>\n<ol>\n<li>Facilitar a comunidade para compartilhar conhecimento, ferramentas e oportunidades<\/li>\n<li>Facilitar a parceria para alcan\u00e7ar mais juntos do que podemos separados<\/li>\n<li>Incentivar e facilitar uma libera\u00e7\u00e3o generosa de recursos dentro de uma estrutura de c\u00f3digo aberto<\/li>\n<li>Fortalecer a colabora\u00e7\u00e3o, especialmente em torno de fam\u00edlias mission\u00e1rias<\/li>\n<li>Reformular a lideran\u00e7a, integrando lideran\u00e7as mais jovens<\/li>\n<li>Desenvolver pilotos regionais da Comunidade de Aprendizagem<\/li>\n<li>Expandir o escopo estrat\u00e9gico da Experi\u00eancia de Lideran\u00e7a GCF (LE)<\/li>\n<li>Implemente o FlashLab e outras ferramentas de inova\u00e7\u00e3o<\/li>\n<\/ol>","protected":false},"excerpt":{"rendered":"","protected":false},"author":1,"featured_media":0,"parent":0,"menu_order":0,"comment_status":"closed","ping_status":"closed","template":"","meta":{"footnotes":""},"class_list":["post-804","page","type-page","status-publish"],"_links":{"self":[{"href":"https:\/\/staging.gcf.community\/pt\/wp-json\/wp\/v2\/pages\/804","targetHints":{"allow":["GET"]}}],"collection":[{"href":"https:\/\/staging.gcf.community\/pt\/wp-json\/wp\/v2\/pages"}],"about":[{"href":"https:\/\/staging.gcf.community\/pt\/wp-json\/wp\/v2\/types\/page"}],"author":[{"embeddable":true,"href":"https:\/\/staging.gcf.community\/pt\/wp-json\/wp\/v2\/users\/1"}],"replies":[{"embeddable":true,"href":"https:\/\/staging.gcf.community\/pt\/wp-json\/wp\/v2\/comments?post=804"}],"version-history":[{"count":1,"href":"https:\/\/staging.gcf.community\/pt\/wp-json\/wp\/v2\/pages\/804\/revisions"}],"predecessor-version":[{"id":2237,"href":"https:\/\/staging.gcf.community\/pt\/wp-json\/wp\/v2\/pages\/804\/revisions\/2237"}],"wp:attachment":[{"href":"https:\/\/staging.gcf.community\/pt\/wp-json\/wp\/v2\/media?parent=804"}],"curies":[{"name":"wp","href":"https:\/\/api.w.org\/{rel}","templated":true}]}}