{"id":792,"date":"2023-03-14T14:54:06","date_gmt":"2023-03-14T14:54:06","guid":{"rendered":"https:\/\/gcf.community\/?page_id=792"},"modified":"2023-03-16T12:19:08","modified_gmt":"2023-03-16T12:19:08","slug":"brokenness-to-wholeness-framework","status":"publish","type":"page","link":"https:\/\/staging.gcf.community\/pt\/about\/brokenness-to-wholeness-framework\/","title":{"rendered":"Estrutura do quebrantamento para a totalidade"},"content":{"rendered":"<h3>\n\t\tSobre\n\t<\/h3>\n<h1>\n\t\tEstrutura do quebrantamento para a totalidade\n\t<\/h1>\n\t\t\t\t<img loading=\"lazy\" decoding=\"async\" src=\"https:\/\/staging.gcf.community\/wp-content\/uploads\/2023\/03\/Brokennes-to-Wholeness-2018.jpg\" alt=\"Brokennes to Wholeness 2018\" itemprop=\"image\" height=\"1084\" width=\"1200\" title=\"Quebrados para a Totalidade 2018\" onerror=\"this.style.display='none'\"  \/>\n\t<p>Este diagrama mostra o caminho do quebrantamento do pecado para a plenitude de shalom.<\/p>\n<p>Os dois eixos representam as duas esferas de quebrantamento.<\/p>\n<h4>Eixo horizontal<\/h4>\n<p>A fragilidade f\u00edsica, pessoal e social \u00e9 evidenciada pela pobreza, guerra, abuso, doen\u00e7a, etc. Programas de ajuda e desenvolvimento podem ajudar a levar essas crian\u00e7as a um ambiente seguro e saud\u00e1vel onde possam se desenvolver pessoalmente e contribuir para a sociedade.<\/p>\n<h4>Eixo vertical<\/h4>\n<p>A separa\u00e7\u00e3o espiritual de Deus atrav\u00e9s do pecado e da ignor\u00e2ncia \u00e9 curada quando a igreja alcan\u00e7a, compartilha o Evangelho e os guia para um relacionamento com Deus. Como parte da comunidade de Seu Corpo, seu relacionamento com Deus \u00e9 fortalecido e eles podem se tornar participantes ativos em Sua obra.<\/p>\n<p>All children are currently somewhere on this matrix &#8211; experiencing different levels of brokenness and wholeness in different areas of their lives. Our goal is to move them closer to the complete wholeness of Shalom, found in the upper right quadrant.<\/p>","protected":false},"excerpt":{"rendered":"","protected":false},"author":1,"featured_media":0,"parent":804,"menu_order":0,"comment_status":"closed","ping_status":"closed","template":"","meta":{"footnotes":""},"class_list":["post-792","page","type-page","status-publish"],"_links":{"self":[{"href":"https:\/\/staging.gcf.community\/pt\/wp-json\/wp\/v2\/pages\/792","targetHints":{"allow":["GET"]}}],"collection":[{"href":"https:\/\/staging.gcf.community\/pt\/wp-json\/wp\/v2\/pages"}],"about":[{"href":"https:\/\/staging.gcf.community\/pt\/wp-json\/wp\/v2\/types\/page"}],"author":[{"embeddable":true,"href":"https:\/\/staging.gcf.community\/pt\/wp-json\/wp\/v2\/users\/1"}],"replies":[{"embeddable":true,"href":"https:\/\/staging.gcf.community\/pt\/wp-json\/wp\/v2\/comments?post=792"}],"version-history":[{"count":0,"href":"https:\/\/staging.gcf.community\/pt\/wp-json\/wp\/v2\/pages\/792\/revisions"}],"up":[{"embeddable":true,"href":"https:\/\/staging.gcf.community\/pt\/wp-json\/wp\/v2\/pages\/804"}],"wp:attachment":[{"href":"https:\/\/staging.gcf.community\/pt\/wp-json\/wp\/v2\/media?parent=792"}],"curies":[{"name":"wp","href":"https:\/\/api.w.org\/{rel}","templated":true}]}}