{"id":788,"date":"2023-03-14T14:52:26","date_gmt":"2023-03-14T14:52:26","guid":{"rendered":"https:\/\/gcf.community\/?page_id=788"},"modified":"2023-08-30T15:39:41","modified_gmt":"2023-08-30T14:39:41","slug":"writing-process","status":"publish","type":"page","link":"https:\/\/staging.gcf.community\/pt\/tools\/flashlab\/writing-process\/","title":{"rendered":"Processo de escrita"},"content":{"rendered":"<h1>\n\t\tProcesso de escrita do FlashLab\n\t<\/h1>\n\t<p>Cada equipe de trabalho partir\u00e1 de um ponto diferente, ent\u00e3o cada um ter\u00e1 tarefas diferentes a cumprir. Algumas equipes n\u00e3o t\u00eam sess\u00f5es de treinamento escritas em seu t\u00f3pico amplo, enquanto outras equipes t\u00eam a maioria das sess\u00f5es de treinamento escritas. No entanto, como estamos criando novas ferramentas al\u00e9m dos treinamentos, haver\u00e1 muitas tarefas para cada equipe realizar.<\/p>\n\t\t\t\t<img loading=\"lazy\" decoding=\"async\" src=\"https:\/\/staging.gcf.community\/wp-content\/uploads\/2023\/03\/flashlab-process.png\" alt=\"flashlab process\" itemprop=\"image\" height=\"222\" width=\"900\" title=\"processo flashlab\" onerror=\"this.style.display='none'\">\n\t<p>This writing process below is indicative only. Each team&#8217;s facilitator will be shaping a process that will uniquely work for their team. Your team will need to:<\/p>\n<h5>Entenda toda a tarefa<\/h5>\n<p>Audit and understand the content area your team is working on. Understand how the sessions \/ parts fit into the bigger picture.<\/p>\n<ul>\n<li>Quais novos componentes voc\u00ea est\u00e1 fazendo? Por que?<\/li>\n<li>Qual \u00e9 o problema que voc\u00ea est\u00e1 tentando resolver?<\/li>\n<li>Entenda os modelos e como cada pe\u00e7a se encaixa.<\/li>\n<\/ul>\n<h5>Fa\u00e7a um plano<\/h5>\n<p>Ao planejar, pergunte a si mesmo essas perguntas.<\/p>\n<ul>\n<li>What can we prioritise to do in this FlashLab time frame?<\/li>\n<li>Quais s\u00e3o as lacunas e tarefas a serem conclu\u00eddas?<\/li>\n<li>Quais ser\u00e3o as equipes e subequipes? Pap\u00e9is?<\/li>\n<li>Quem far\u00e1 quais tarefas?<\/li>\n<li>How can we continue after this FlashLab?<\/li>\n<\/ul>\n\t\t\t\t<img loading=\"lazy\" decoding=\"async\" src=\"https:\/\/staging.gcf.community\/wp-content\/uploads\/2023\/03\/Stretch-play-choose.png\" alt=\"Stretch play choose\" itemprop=\"image\" height=\"258\" width=\"600\" title=\"Estique o jogo, escolha\" onerror=\"this.style.display='none'\">\n\t<h5>Brainstorm, criar, escrever e revisar<\/h5>\n<p>Veja o processo de 1 a 7 abaixo.<\/p>\n\t\t\t\t<a href=\"https:\/\/staging.gcf.community\/wp-content\/uploads\/2023\/03\/brainstorm.png\" target=\"_self\" itemprop=\"url\" rel=\"noopener\">\n\t\t\t\t<img loading=\"lazy\" decoding=\"async\" src=\"https:\/\/staging.gcf.community\/wp-content\/uploads\/2023\/03\/brainstorm.png\" alt=\"brainstorm\" itemprop=\"image\" height=\"781\" width=\"1200\" title=\"chuva de ideias\" onerror=\"this.style.display='none'\">\n\t\t\t\t<\/a>\n\t<h5>Comemore tudo o que Deus fez<\/h5>\n<p>Let&#8217;s see what God can do in our midst as we labor together.<\/p>","protected":false},"excerpt":{"rendered":"","protected":false},"author":1,"featured_media":0,"parent":1917,"menu_order":0,"comment_status":"closed","ping_status":"closed","template":"","meta":{"footnotes":""},"class_list":["post-788","page","type-page","status-publish"],"_links":{"self":[{"href":"https:\/\/staging.gcf.community\/pt\/wp-json\/wp\/v2\/pages\/788","targetHints":{"allow":["GET"]}}],"collection":[{"href":"https:\/\/staging.gcf.community\/pt\/wp-json\/wp\/v2\/pages"}],"about":[{"href":"https:\/\/staging.gcf.community\/pt\/wp-json\/wp\/v2\/types\/page"}],"author":[{"embeddable":true,"href":"https:\/\/staging.gcf.community\/pt\/wp-json\/wp\/v2\/users\/1"}],"replies":[{"embeddable":true,"href":"https:\/\/staging.gcf.community\/pt\/wp-json\/wp\/v2\/comments?post=788"}],"version-history":[{"count":0,"href":"https:\/\/staging.gcf.community\/pt\/wp-json\/wp\/v2\/pages\/788\/revisions"}],"up":[{"embeddable":true,"href":"https:\/\/staging.gcf.community\/pt\/wp-json\/wp\/v2\/pages\/1917"}],"wp:attachment":[{"href":"https:\/\/staging.gcf.community\/pt\/wp-json\/wp\/v2\/media?parent=788"}],"curies":[{"name":"wp","href":"https:\/\/api.w.org\/{rel}","templated":true}]}}