{"id":776,"date":"2023-03-14T14:43:06","date_gmt":"2023-03-14T14:43:06","guid":{"rendered":"https:\/\/gcf.community\/?page_id=776"},"modified":"2023-03-17T07:15:29","modified_gmt":"2023-03-17T07:15:29","slug":"venue-information","status":"publish","type":"page","link":"https:\/\/staging.gcf.community\/pt\/events\/brazil2023\/venue-information\/","title":{"rendered":"Informa\u00e7\u00f5es do local"},"content":{"rendered":"<h3>\n\t\tBrasil 2023\n\t<\/h3>\n<h1>\n\t\tInforma\u00e7\u00f5es do local\n\t<\/h1>\n\t<h4>Wi-fi<\/h4>\n<p>Selecione FAROL_WIFI. Voc\u00ea ser\u00e1 solicitado a preencher um formul\u00e1rio de registro simples.<\/p>\n<h4>Refei\u00e7\u00f5es<\/h4>\n<p>Por favor, esteja atento aos hor\u00e1rios das refei\u00e7\u00f5es. O restaurante est\u00e1 localizado no piso inferior.<\/p>\n<ul>\n<li>Breakfast: 8 &#8211; 10am<\/li>\n<li>Lunch: 12 &#8211; 2pm<\/li>\n<li>Dinner: 7 &#8211; 9pm<\/li>\n<\/ul>\n<h4>Para quem se hospeda no Ibis<\/h4>\n<p>Para aqueles que ficam no IBIS, um servi\u00e7o de transporte \u00e9 fornecido antes do caf\u00e9 da manh\u00e3 e uma viagem de volta ap\u00f3s o jantar. Por favor, traga tudo o que voc\u00ea pode precisar durante o dia para o local. Se precisar fazer uma viagem adicional ao hotel, fa\u00e7a amizade com algu\u00e9m que est\u00e1 aqui com o carro ou consulte Val ou Liz para ajudar a coordenar uma corrida de t\u00e1xi.<\/p>\n<h4>Mercado \/ loja<\/h4>\n<p>If you forgot, or run out of, any essentials please feel free to check out the store (open 10am &#8211; 6pm).<\/p>\n<p>O IBIS est\u00e1 localizado ao lado de um shopping. Se quiser explorar, consulte a equipe do hotel sobre compartilhar uma carona com os h\u00f3spedes do IBIS. Voc\u00ea precisar\u00e1 coordenar sua pr\u00f3pria viagem de volta. O shopping fecha \u00e0s 22h.<\/p>\n<h4>Atividades<\/h4>\n<ul>\n<li>Pool hours: 9am &#8211; 6pm<\/li>\n<li>Court hours: 7am &#8211; 10pm<\/li>\n<li>Lake activities (kayak, hammocks and paddle boats): 10am &#8211; 5pm<\/li>\n<\/ul>\n<h4>Secadores de cabelo<\/h4>\n<p>Existem alguns secadores de cabelo que podem ser emprestados no hotel. Por favor, pergunte na recep\u00e7\u00e3o. Certifique-se de devolver o secador de cabelo \u00e0 recep\u00e7\u00e3o quando terminar de us\u00e1-lo.<\/p>\n<h4>\u00c1gua<\/h4>\n<p>A \u00e1gua do quarto e do restaurante est\u00e3o inclu\u00eddos. Observe que a fonte de \u00e1gua (no grande jarro azul) perto do audit\u00f3rio \u00e9 de um po\u00e7o de \u00e1gua local.<\/p>","protected":false},"excerpt":{"rendered":"","protected":false},"author":1,"featured_media":0,"parent":919,"menu_order":0,"comment_status":"closed","ping_status":"closed","template":"","meta":{"footnotes":""},"class_list":["post-776","page","type-page","status-publish"],"_links":{"self":[{"href":"https:\/\/staging.gcf.community\/pt\/wp-json\/wp\/v2\/pages\/776","targetHints":{"allow":["GET"]}}],"collection":[{"href":"https:\/\/staging.gcf.community\/pt\/wp-json\/wp\/v2\/pages"}],"about":[{"href":"https:\/\/staging.gcf.community\/pt\/wp-json\/wp\/v2\/types\/page"}],"author":[{"embeddable":true,"href":"https:\/\/staging.gcf.community\/pt\/wp-json\/wp\/v2\/users\/1"}],"replies":[{"embeddable":true,"href":"https:\/\/staging.gcf.community\/pt\/wp-json\/wp\/v2\/comments?post=776"}],"version-history":[{"count":0,"href":"https:\/\/staging.gcf.community\/pt\/wp-json\/wp\/v2\/pages\/776\/revisions"}],"up":[{"embeddable":true,"href":"https:\/\/staging.gcf.community\/pt\/wp-json\/wp\/v2\/pages\/919"}],"wp:attachment":[{"href":"https:\/\/staging.gcf.community\/pt\/wp-json\/wp\/v2\/media?parent=776"}],"curies":[{"name":"wp","href":"https:\/\/api.w.org\/{rel}","templated":true}]}}