{"id":717,"date":"2023-02-23T07:22:21","date_gmt":"2023-02-23T07:22:21","guid":{"rendered":"https:\/\/gcf.community\/?page_id=717"},"modified":"2023-03-17T05:45:30","modified_gmt":"2023-03-17T05:45:30","slug":"travel-information","status":"publish","type":"page","link":"https:\/\/staging.gcf.community\/pt\/events\/brazil2023\/travel-information\/","title":{"rendered":"Informa\u00e7\u00e3o de viagem"},"content":{"rendered":"<h3>\n\t\tBrasil 2023\n\t<\/h3>\n<h1>\n\t\tInforma\u00e7\u00e3o de viagem\n\t<\/h1>\n\t<p>Voc\u00ea pode achar as seguintes informa\u00e7\u00f5es \u00fateis.<\/p>\n<p>Se voc\u00ea deseja baixar essas informa\u00e7\u00f5es como um PDF, pode faz\u00ea-lo clicando no bot\u00e3o abaixo.<\/p>\n\t<a href=\"https:\/\/staging.gcf.community\/wp-content\/uploads\/2023\/02\/Brazil-2023-Meetings-INFORMATION.pdf\" target=\"_self\" role=\"button\" download=\"Brazil-2023-Meetings-INFORMATION.pdf\" aria-label=\"baixar PDF\" rel=\"noopener\">\n\t\t\t\t\t\tbaixar PDF\n\t\t\t\t\t<\/a>\n\t\t\t\tInforma\u00e7\u00f5es de contato\n\t\t\t\t<p>O endere\u00e7o do local \u00e9:<\/p>\n<p>Farol IBM Alphaville, Caminho Concordia Salus 3100\/3500, Jacare\u00ed, SP 12334-080<\/p>\n<p>O link do Waze para obter instru\u00e7\u00f5es \u00e9: <a href=\"https:\/\/waze.com\/ul\/h6gz78gccg\" target=\"_blank\" rel=\"noopener\">https:\/\/waze.com\/ul\/h6gz78gccg<\/a><\/p>\n<p>Telefone: <a href=\"tel:+5511947276718\">+55 11 94727-6718<\/a><\/p>\n\t\t\t\tEm caso de emerg\u00eancia\n\t\t\t\t<p><strong>Val<\/strong><br \/>Telefone: <a href=\"tel:+5511981120201\">+55 11 98112-0201<\/a> <br \/>E-mail: <a href=\"mailto:valbygill@gmail.com\">valbygill@gmail.com<\/a><\/p>\n<p><strong>James<br \/><\/strong>Telefone: <a href=\"tel:+447506789420\">+44 7506 789420<\/a> <br \/>E-mail: <a href=\"mailto:james@perfectlydigital.net\">james@perfectlydigital.net<\/a><\/p>\n<p><strong>Pedro<br \/><\/strong>Telefone: <a href=\"tel:+351916686956\">+351 916 686 956<\/a> <br \/>E-mail: <a href=\"mailto:pedritomateus@gmail.com\">pedritomateus@gmail.com<\/a><\/p>\n\t\t\t\tTransporte do aeroporto\n\t\t\t\t<p>Traslados do aeroporto e de volta s\u00e3o fornecidos. Voc\u00ea n\u00e3o precisa reservar sua pr\u00f3pria transfer\u00eancia. Organizaremos os detalhes disso e informaremos voc\u00ea sobre os detalhes mais perto do momento. Isso incluir\u00e1 onde encontrar o servi\u00e7o de transporte e quaisquer outras pessoas que viajar\u00e3o para o local com voc\u00ea.<\/p>\n\t\t\t\tClima em S\u00e3o Paulo\n\t\t\t\t<p>A temperatura m\u00e9dia em S\u00e3o Paulo em mar\u00e7o \u00e9 de 20-28\u00b0C. Ser\u00e1 o fim da esta\u00e7\u00e3o chuvosa. Uma vez que estamos no final da esta\u00e7\u00e3o chuvosa, recomendamos fortemente que voc\u00ea traga repelente de mosquitos. \u00a0<\/p>\n<p>The venue is located in the outskirts of the city (about an hour&#8217;s drive from S\u00e3o Paulo airport) in a wooded area.<\/p>\n\t\t\t\tO que vestir\n\t\t\t\t<p>Nossos hor\u00e1rios de reuni\u00e3o ser\u00e3o traje casual. Shorts, jeans, cal\u00e7as, camisetas, vestidos s\u00e3o trajes adequados, o que for confort\u00e1vel. N\u00e3o h\u00e1 necessidade de ternos, gravatas ou qualquer roupa formal.\u00a0<\/p>\n\t\t\t\tTempo\n\t\t\t\t<p>The time in S\u00e3o Paulo is GMT &#8211; 3.<\/p>\n\t\t\t\tEletr\u00f4nicos\n\t\t\t\t<p><img loading=\"lazy\" decoding=\"async\" src=\"https:\/\/staging.gcf.community\/wp-content\/uploads\/2023\/02\/socket.png\" alt=\"\" width=\"193\" height=\"193\" \/>A voltagem em S\u00e3o Paulo \u00e9 220, por\u00e9m a tomada \u00e9 diferente. As tomadas no local requerem tr\u00eas pinos, conforme mostrado na imagem. Estes s\u00e3o chamados de Tipo N. Voc\u00ea vai querer trazer um adaptador.<\/p>\n\t\t\t\tLinguagem\n\t\t\t\t<p>A l\u00edngua inglesa n\u00e3o \u00e9 amplamente falada. Se voc\u00ea quiser impressionar alguns dos locais, aprenda algumas das palavras e express\u00f5es em portugu\u00eas, como: \u00a0<\/p>\n<ul>\n<li>bom dia (bom dia)<\/li>\n<li>Boa noite (boa noite)<\/li>\n<li>Obrigada (thank you &#8211; if you are female)<\/li>\n<li>Obrigado (thank you &#8211; if you are male)<\/li>\n<li>Legal (legal)<\/li>\n<\/ul>\n\t\t\t\tDinheiro \/ cart\u00f5es\n\t\t\t\t<p>A maioria dos lugares aceita cart\u00f5es de cr\u00e9dito e d\u00e9bito (Visa e Mastercard). American Express n\u00e3o \u00e9 t\u00e3o amplamente aceito. Se voc\u00ea deseja converter para dinheiro local (REAL), pode retirar fundos em caixas eletr\u00f4nicos comuns ou no Cambio. Para converter fundos em d\u00f3lares, ser\u00e3o cobradas taxas de fundos locais e, em seguida, uma segunda vez para converter em d\u00f3lares. Se voc\u00ea fez acordos para pagar uma parte de seus custos em dinheiro, recomendamos que voc\u00ea fa\u00e7a a troca em seu pa\u00eds local em d\u00f3lares. \u00a0<\/p>\n\t\t\t\tM\u00e9dico\n\t\t\t\t<p>Se voc\u00ea tiver alguma condi\u00e7\u00e3o m\u00e9dica pr\u00e9-existente, pedimos que nos notifique, especialmente qualquer alergia alimentar ou ambiental. H\u00e1 primeiros socorros dispon\u00edveis no local, mas qualquer problema de sa\u00fade significativo exigir\u00e1 uma visita a um m\u00e9dico local. Por favor, certifique-se de ter uma c\u00f3pia impressa dos detalhes de contato do seu seguro e do n\u00famero da ap\u00f3lice.<\/p>\n<p>Se voc\u00ea estiver tomando medicamentos, voc\u00ea precisa trazer uma c\u00f3pia de suas receitas com voc\u00ea. Tamb\u00e9m \u00e9 uma boa ideia levar um suprimento de suas prescri\u00e7\u00f5es tanto na bagagem de m\u00e3o quanto na bagagem despachada, para o caso de perda.<\/p>\n\t\t\t\tComodidades do hotel\n\t\t\t\t<p>O local disponibiliza sabonete l\u00edquido, xampu, condicionador e lo\u00e7\u00e3o. H\u00e1 tamb\u00e9m tr\u00eas secadores de cabelo que podem ser emprestados e devolvidos na recep\u00e7\u00e3o ap\u00f3s o uso. Observe que o papel higi\u00eanico deve ir para a cesta de lixo e n\u00e3o para o banheiro.<\/p>\n\t\t\t\tInternet\n\t\t\t\t<p>Haver\u00e1 internet em todo o local onde estamos hospedados e reuni\u00f5es. Esteja ciente de que pode ser mais lento durante o tempo livre, quando as pessoas est\u00e3o tentando se conectar.<\/p>\n\t\t\t\tsauda\u00e7\u00f5es culturais\n\t\t\t\t<p>Como voc\u00ea provavelmente sabe, os brasileiros s\u00e3o muito relacionais e adoram um toque pessoal quando se conectam com voc\u00ea. Muitos podem querer abra\u00e7\u00e1-lo quando o cumprimentam, especialmente aqueles com quem voc\u00ea come\u00e7a a se relacionar mais de uma ou duas vezes. Eles est\u00e3o mais sens\u00edveis desde o COVID, mas voc\u00ea encontrar\u00e1 alguns que ainda v\u00e3o querer cumpriment\u00e1-lo com abra\u00e7os sempre que se reconectarem com voc\u00ea. Se voc\u00ea deseja manter a dist\u00e2ncia, estenda a m\u00e3o para um aperto de m\u00e3o ou use uma m\u00e1scara. Isso ser\u00e1 um sinal de que voc\u00ea est\u00e1 sendo mais cauteloso e prefere evitar os toques amorosos extras.\u00a0<\/p>\n\t\t\t\tQuando fora do local\n\t\t\t\t<p><strong>Fa\u00e7a c\u00f3pias dos seus documentos<br \/><\/strong>O porte de documento de identidade \u00e9 obrigat\u00f3rio no Brasil e, mesmo que nunca seja solicitado a mostr\u00e1-lo, nos raros casos em que o fizer, \u00e9 esperado que voc\u00ea o tenha. Em vez de carregar seu passaporte, carteira de motorista ou qualquer outra forma de identidade consigo, leve apenas fotoc\u00f3pias claras e limpas de sua identidade, certificando-se de que seja um documento de identidade com foto.<\/p>\n<p><strong>Bolsas \/ malas<br \/><\/strong>A bag that crosses over your body is the best kind. Avoid carrying around larger, expensive handbags or bags with an open pocket which is easy for pick-pocketing. Don&#8217;t leave your bag unattended.<\/p>\n<p>Evite pendurar suas malas nas costas das cadeiras, pois \u00e9 f\u00e1cil para uma pessoa pegar suas coisas e fugir rapidamente. Mantenha seus pertences pr\u00f3ximos ao corpo ou na cadeira ao seu lado.<\/p>\n<p><strong>Celulares<br \/><\/strong>Evite que seu celular fique vis\u00edvel ao caminhar ao ar livre. N\u00e3o guarde o celular no bolso de tr\u00e1s ou no bolso lateral da bolsa, onde seja f\u00e1cil de pegar.<\/p>\n<p><strong>cruzamento de rua<br \/><\/strong>Double check EVEN if there is green man telling you are allowed to cross. It&#8217;s common for cars to start speeding up from far away when the light has turned yellow and go through as it turns red.<\/p>","protected":false},"excerpt":{"rendered":"","protected":false},"author":1,"featured_media":0,"parent":919,"menu_order":0,"comment_status":"closed","ping_status":"closed","template":"","meta":{"footnotes":""},"class_list":["post-717","page","type-page","status-publish"],"_links":{"self":[{"href":"https:\/\/staging.gcf.community\/pt\/wp-json\/wp\/v2\/pages\/717","targetHints":{"allow":["GET"]}}],"collection":[{"href":"https:\/\/staging.gcf.community\/pt\/wp-json\/wp\/v2\/pages"}],"about":[{"href":"https:\/\/staging.gcf.community\/pt\/wp-json\/wp\/v2\/types\/page"}],"author":[{"embeddable":true,"href":"https:\/\/staging.gcf.community\/pt\/wp-json\/wp\/v2\/users\/1"}],"replies":[{"embeddable":true,"href":"https:\/\/staging.gcf.community\/pt\/wp-json\/wp\/v2\/comments?post=717"}],"version-history":[{"count":0,"href":"https:\/\/staging.gcf.community\/pt\/wp-json\/wp\/v2\/pages\/717\/revisions"}],"up":[{"embeddable":true,"href":"https:\/\/staging.gcf.community\/pt\/wp-json\/wp\/v2\/pages\/919"}],"wp:attachment":[{"href":"https:\/\/staging.gcf.community\/pt\/wp-json\/wp\/v2\/media?parent=717"}],"curies":[{"name":"wp","href":"https:\/\/api.w.org\/{rel}","templated":true}]}}