{"id":221,"date":"2021-10-27T10:10:20","date_gmt":"2021-10-27T10:10:20","guid":{"rendered":"https:\/\/gcf.community\/terms-of-service\/"},"modified":"2022-02-20T16:24:51","modified_gmt":"2022-02-20T16:24:51","slug":"terms-of-service","status":"publish","type":"page","link":"https:\/\/staging.gcf.community\/pt\/terms-of-service\/","title":{"rendered":"Termos de servi\u00e7o"},"content":{"rendered":"<h1>\n\t\tTermos de servi\u00e7o\n\t<\/h1>\n\t<p>Por favor, leia estes termos e condi\u00e7\u00f5es cuidadosamente antes de usar este site<\/p>\n<h3>O que h\u00e1 nesses termos?<\/h3>\n<p>Estes termos informam as regras para usar nosso site <a href=\"https:\/\/staging.gcf.community\/pt\/\">https:\/\/staging.gcf.community<\/a> (nosso site).<\/p>\n<h3>Quem somos e como entrar em contato conosco<\/h3>\n<p><a href=\"https:\/\/staging.gcf.community\/pt\/\">https:\/\/staging.gcf.community<\/a> \u00e9 um site operado por XX. Estamos registrados em XX sob o n\u00famero de empresa XX e temos sede em XX.<\/p>\n<p>Estamos registrados no Information Commissioners Office (ref: XX).<\/p>\n<h3>Ao utilizar nosso site voc\u00ea aceita estes termos<\/h3>\n<p>Ao utilizar nosso site, voc\u00ea confirma que aceita estes termos e que concorda em cumpri-los.<\/p>\n<p>Se voc\u00ea n\u00e3o concordar com estes termos, n\u00e3o dever\u00e1 usar nosso site.<\/p>\n<h3>Existem outros termos que se aplicam a voc\u00ea<\/h3>\n<p>Estes termos referem-se aos seguintes termos adicionais, que tamb\u00e9m se aplicam ao uso do nosso site:<\/p>\n<ul>\n<li>Nosso <a href=\"https:\/\/staging.gcf.community\/pt\/privacy\/\">pol\u00edtica de Privacidade<\/a> (veja mais em Como podemos usar suas informa\u00e7\u00f5es pessoais).<\/li>\n<li>Nosso <a href=\"https:\/\/staging.gcf.community\/pt\/cookies\/\">Pol\u00edtica de Cookies<\/a> (isto apresenta informa\u00e7\u00f5es sobre os cookies em nosso site).<\/li>\n<\/ul>\n<h3>Podemos fazer altera\u00e7\u00f5es nestes termos<\/h3>\n<p>Alteramos estes termos de tempos em tempos. Sempre que desejar usar nosso site, verifique estes termos para garantir que voc\u00ea entende os termos aplic\u00e1veis naquele momento.<\/p>\n<h3>Podemos fazer altera\u00e7\u00f5es em nosso site<\/h3>\n<p>Podemos atualizar e alterar nosso site de tempos em tempos.<\/p>\n<h3>Podemos suspender ou retirar nosso site<\/h3>\n<p>Nosso site \u00e9 disponibilizado gratuitamente.<\/p>\n<p>N\u00e3o garantimos que nosso site, ou qualquer conte\u00fado nele contido, estar\u00e1 sempre dispon\u00edvel ou ininterrupto. Poderemos suspender, retirar ou restringir a disponibilidade de todo ou parte do nosso site por motivos operacionais.<\/p>\n<p>Voc\u00ea tamb\u00e9m \u00e9 respons\u00e1vel por garantir que todas as pessoas que acessam nosso site atrav\u00e9s de sua conex\u00e3o com a Internet estejam cientes destes termos e de outros termos e condi\u00e7\u00f5es aplic\u00e1veis, e que os cumpram.<\/p>\n<h3>Voc\u00ea deve manter os detalhes da sua conta seguros<\/h3>\n<p>Se voc\u00ea escolher ou receber um nome de usu\u00e1rio, c\u00f3digo de identifica\u00e7\u00e3o, senha ou qualquer outra informa\u00e7\u00e3o como parte de nossos procedimentos de seguran\u00e7a, voc\u00ea dever\u00e1 tratar essas informa\u00e7\u00f5es como confidenciais. Voc\u00ea n\u00e3o deve divulg\u00e1-lo a terceiros.<\/p>\n<p>Temos o direito de desativar qualquer nome de usu\u00e1rio, c\u00f3digo de identifica\u00e7\u00e3o ou senha, escolhidos por voc\u00ea ou atribu\u00eddos por n\u00f3s, a qualquer momento, se, em nossa opini\u00e3o razo\u00e1vel, voc\u00ea n\u00e3o tiver cumprido qualquer uma das disposi\u00e7\u00f5es destes termos.<\/p>\n<p>Se voc\u00ea souber ou suspeitar que algu\u00e9m al\u00e9m de voc\u00ea conhece seu nome de usu\u00e1rio, c\u00f3digo de identifica\u00e7\u00e3o ou senha, voc\u00ea dever\u00e1 nos notificar imediatamente.<\/p>\n<h3>N\u00e3o endossamos materiais aos quais nos referimos<\/h3>\n<p>Onde nosso site faz refer\u00eancia ou cita materiais de terceiros, essas informa\u00e7\u00f5es s\u00e3o fornecidas apenas para sua informa\u00e7\u00e3o. Essas refer\u00eancias n\u00e3o devem ser interpretadas como nossa aprova\u00e7\u00e3o ou endosso desses materiais e n\u00e3o representam nossos pontos de vista ou valores.<\/p>\n<h3>N\u00e3o somos respons\u00e1veis pelos sites aos quais vinculamos<\/h3>\n<p>Quando nosso site cont\u00e9m links para outros sites e recursos fornecidos por terceiros, esses links s\u00e3o fornecidos apenas para sua informa\u00e7\u00e3o. Esses links n\u00e3o devem ser interpretados como uma aprova\u00e7\u00e3o nossa desses sites vinculados ou de informa\u00e7\u00f5es que voc\u00ea possa obter deles.<\/p>\n<p>N\u00e3o temos controle sobre o conte\u00fado desses sites ou recursos.<\/p>\n<h3>Como podemos usar suas informa\u00e7\u00f5es pessoais<\/h3>\n<p>Usaremos apenas suas informa\u00e7\u00f5es pessoais conforme estabelecido em nosso <a href=\"https:\/\/staging.gcf.community\/pt\/privacy\/\">pol\u00edtica de Privacidade<\/a>.<\/p>\n<h3>N\u00e3o nos responsabilizamos por v\u00edrus e voc\u00ea n\u00e3o deve introduzi-los<\/h3>\n<p>N\u00e3o garantimos que nosso site seja seguro ou livre de bugs ou v\u00edrus.<\/p>\n<p>Voc\u00ea \u00e9 respons\u00e1vel por configurar sua tecnologia de informa\u00e7\u00e3o, programas de computador e plataforma para acessar nosso site. Voc\u00ea deve usar seu pr\u00f3prio software de prote\u00e7\u00e3o contra v\u00edrus.<\/p>\n<p>Voc\u00ea n\u00e3o deve fazer uso indevido do nosso site, introduzindo conscientemente v\u00edrus, trojans, worms, bombas l\u00f3gicas ou outros materiais maliciosos ou tecnologicamente prejudiciais. Voc\u00ea n\u00e3o deve tentar obter acesso n\u00e3o autorizado ao nosso site, ao servidor no qual nosso site est\u00e1 armazenado ou a qualquer servidor, computador ou banco de dados conectado ao nosso site. Voc\u00ea n\u00e3o deve atacar nosso site por meio de um ataque de nega\u00e7\u00e3o de servi\u00e7o ou de um ataque distribu\u00eddo de nega\u00e7\u00e3o de servi\u00e7o. Ao violar esta disposi\u00e7\u00e3o, voc\u00ea cometeria uma infra\u00e7\u00e3o criminal nos termos da Lei de Uso Indevido de Computadores de 1990. Relataremos qualquer viola\u00e7\u00e3o desse tipo \u00e0s autoridades respons\u00e1veis pela aplica\u00e7\u00e3o da lei e cooperaremos com essas autoridades, revelando-lhes a sua identidade. No caso de tal viola\u00e7\u00e3o, o seu direito de usar o nosso site cessar\u00e1 imediatamente.<\/p>\n<h3>Regras sobre links para nosso site<\/h3>\n<p>Voc\u00ea pode criar um link para nossa p\u00e1gina inicial, desde que o fa\u00e7a de uma forma justa e legal e que n\u00e3o prejudique nossa reputa\u00e7\u00e3o nem tire vantagem dela.<\/p>\n<p>Voc\u00ea n\u00e3o deve estabelecer um link de forma a sugerir qualquer forma de associa\u00e7\u00e3o, aprova\u00e7\u00e3o ou endosso de nossa parte, onde n\u00e3o existe.<\/p>\n<p>Voc\u00ea n\u00e3o deve estabelecer um link para nosso site em nenhum site que n\u00e3o seja de sua propriedade.<\/p>\n<p>Nosso site n\u00e3o deve ser enquadrado em nenhum outro site, nem voc\u00ea pode criar um link para qualquer parte de nosso site que n\u00e3o seja a p\u00e1gina inicial.<\/p>\n<p>Reservamo-nos o direito de retirar a permiss\u00e3o de vincula\u00e7\u00e3o sem aviso pr\u00e9vio.<\/p>","protected":false},"excerpt":{"rendered":"","protected":false},"author":1,"featured_media":0,"parent":0,"menu_order":0,"comment_status":"closed","ping_status":"closed","template":"","meta":{"footnotes":""},"class_list":["post-221","page","type-page","status-publish"],"_links":{"self":[{"href":"https:\/\/staging.gcf.community\/pt\/wp-json\/wp\/v2\/pages\/221","targetHints":{"allow":["GET"]}}],"collection":[{"href":"https:\/\/staging.gcf.community\/pt\/wp-json\/wp\/v2\/pages"}],"about":[{"href":"https:\/\/staging.gcf.community\/pt\/wp-json\/wp\/v2\/types\/page"}],"author":[{"embeddable":true,"href":"https:\/\/staging.gcf.community\/pt\/wp-json\/wp\/v2\/users\/1"}],"replies":[{"embeddable":true,"href":"https:\/\/staging.gcf.community\/pt\/wp-json\/wp\/v2\/comments?post=221"}],"version-history":[{"count":0,"href":"https:\/\/staging.gcf.community\/pt\/wp-json\/wp\/v2\/pages\/221\/revisions"}],"wp:attachment":[{"href":"https:\/\/staging.gcf.community\/pt\/wp-json\/wp\/v2\/media?parent=221"}],"curies":[{"name":"wp","href":"https:\/\/api.w.org\/{rel}","templated":true}]}}