{"id":1992,"date":"2023-08-30T14:52:30","date_gmt":"2023-08-30T13:52:30","guid":{"rendered":"https:\/\/gcf.community\/?page_id=1992"},"modified":"2023-09-05T13:49:24","modified_gmt":"2023-09-05T12:49:24","slug":"think-and-explore","status":"publish","type":"page","link":"https:\/\/staging.gcf.community\/pt\/tools\/flashlab\/think-and-explore\/","title":{"rendered":"2 \u2013 Pense e explore"},"content":{"rendered":"<nav aria-label=\"Laborat\u00f3rio Flash\" itemscope=\"itemscope\" itemtype=\"https:\/\/schema.org\/SiteNavigationElement\">\n\t\t<ul id=\"menu-flashlab\"><li id=\"menu-item-2008\"><a href=\"https:\/\/staging.gcf.community\/pt\/tools\/flashlab\/\" tabindex=\"0\" role=\"link\">Laborat\u00f3rio Flash<\/a><\/li><li id=\"menu-item-2010\"><a href=\"https:\/\/staging.gcf.community\/pt\/tools\/flashlab\/flashlab23\/\" tabindex=\"0\" role=\"link\">FlashLab23<\/a><ul>\t<li id=\"menu-item-2022\"><a href=\"https:\/\/staging.gcf.community\/pt\/tools\/flashlab\/flashlab23\/reflection\/\" tabindex=\"0\" role=\"link\">Reflex\u00e3o<\/a><\/li>\t<li id=\"menu-item-2016\"><a href=\"https:\/\/staging.gcf.community\/pt\/tools\/flashlab\/flashlab23\/files\/\" tabindex=\"0\" role=\"link\">arquivos<\/a><\/li>\t<li id=\"menu-item-2027\"><a href=\"https:\/\/staging.gcf.community\/pt\/tools\/flashlab\/zoom-recordings\/\" tabindex=\"0\" role=\"link\">Grava\u00e7\u00f5es com zoom<\/a><\/li>\t<li id=\"menu-item-2142\"><a href=\"https:\/\/staging.gcf.community\/pt\/tools\/flashlab\/flashlab23\/schedule\/\" tabindex=\"0\" role=\"link\">Agendar<\/a><\/li><\/ul><\/li><li id=\"menu-item-2014\"><a href=\"https:\/\/staging.gcf.community\/pt\/tools\/flashlab\/overview\/\" tabindex=\"0\" role=\"link\">Vis\u00e3o geral<\/a><\/li><li id=\"menu-item-2011\"><a href=\"https:\/\/staging.gcf.community\/pt\/tools\/flashlab\/how-to-start\/\" tabindex=\"0\" role=\"link\">Como come\u00e7ar<\/a><\/li><li id=\"menu-item-2017\"><a href=\"https:\/\/staging.gcf.community\/pt\/tools\/flashlab\/process\/\" tabindex=\"0\" role=\"link\">Processo<\/a><\/li><li id=\"menu-item-2009\"><a href=\"https:\/\/staging.gcf.community\/pt\/tools\/flashlab\/different-models\/\" tabindex=\"0\" role=\"link\">Modelos diferentes<\/a><\/li><li id=\"menu-item-2012\"><a href=\"https:\/\/staging.gcf.community\/pt\/tools\/flashlab\/look-and-listen\/\" tabindex=\"0\" role=\"link\">1 \u2013 Olhe e ou\u00e7a<\/a><\/li><li id=\"menu-item-2020\"><a href=\"https:\/\/staging.gcf.community\/pt\/tools\/flashlab\/think-and-explore\/\" aria-current=\"page\" tabindex=\"0\" role=\"link\">2 \u2013 Pense e explore<\/a><\/li><li id=\"menu-item-2013\"><a href=\"https:\/\/staging.gcf.community\/pt\/tools\/flashlab\/make-and-create\/\" tabindex=\"0\" role=\"link\">3 \u2013 Fa\u00e7a e Crie<\/a><\/li><li id=\"menu-item-2019\"><a href=\"https:\/\/staging.gcf.community\/pt\/tools\/flashlab\/test-and-refine\/\" tabindex=\"0\" role=\"link\">4 \u2013 Teste e refine<\/a><\/li><li id=\"menu-item-2018\"><a href=\"https:\/\/staging.gcf.community\/pt\/tools\/flashlab\/share-and-multiply\/\" tabindex=\"0\" role=\"link\">5 \u2013 Compartilhe e multiplique<\/a><\/li><li id=\"menu-item-2136\"><a href=\"https:\/\/staging.gcf.community\/pt\/tools\/flashlab\/useful-links\/\" tabindex=\"0\" role=\"link\">Links \u00dateis<\/a><\/li><\/ul>\n\t\t\t<\/nav>\n\t\t\t<button tabindex=\"0\" role=\"button\" aria-label=\"Card\u00e1pio do FlashLab\">\n\t\t\t\tCard\u00e1pio do FlashLab\t\t\t<\/button>\n\t<nav aria-label=\"Laborat\u00f3rio Flash\" itemscope=\"itemscope\" itemtype=\"https:\/\/schema.org\/SiteNavigationElement\">\n\t\t<a href=\"javascript:void(0)\" aria-label=\"Fechar o card\u00e1pio\" role=\"button\">\u00d7<\/a>\n\t\t<ul id=\"menu-flashlab-1\"><li id=\"menu-item-2008\"><a href=\"https:\/\/staging.gcf.community\/pt\/tools\/flashlab\/\" tabindex=\"0\" role=\"link\">Laborat\u00f3rio Flash<\/a><\/li><li id=\"menu-item-2010\"><a href=\"https:\/\/staging.gcf.community\/pt\/tools\/flashlab\/flashlab23\/\" tabindex=\"0\" role=\"link\">FlashLab23<\/a><ul>\t<li id=\"menu-item-2022\"><a href=\"https:\/\/staging.gcf.community\/pt\/tools\/flashlab\/flashlab23\/reflection\/\" tabindex=\"0\" role=\"link\">Reflex\u00e3o<\/a><\/li>\t<li id=\"menu-item-2016\"><a href=\"https:\/\/staging.gcf.community\/pt\/tools\/flashlab\/flashlab23\/files\/\" tabindex=\"0\" role=\"link\">arquivos<\/a><\/li>\t<li id=\"menu-item-2027\"><a href=\"https:\/\/staging.gcf.community\/pt\/tools\/flashlab\/zoom-recordings\/\" tabindex=\"0\" role=\"link\">Grava\u00e7\u00f5es com zoom<\/a><\/li>\t<li id=\"menu-item-2142\"><a href=\"https:\/\/staging.gcf.community\/pt\/tools\/flashlab\/flashlab23\/schedule\/\" tabindex=\"0\" role=\"link\">Agendar<\/a><\/li><\/ul><\/li><li id=\"menu-item-2014\"><a href=\"https:\/\/staging.gcf.community\/pt\/tools\/flashlab\/overview\/\" tabindex=\"0\" role=\"link\">Vis\u00e3o geral<\/a><\/li><li id=\"menu-item-2011\"><a href=\"https:\/\/staging.gcf.community\/pt\/tools\/flashlab\/how-to-start\/\" tabindex=\"0\" role=\"link\">Como come\u00e7ar<\/a><\/li><li id=\"menu-item-2017\"><a href=\"https:\/\/staging.gcf.community\/pt\/tools\/flashlab\/process\/\" tabindex=\"0\" role=\"link\">Processo<\/a><\/li><li id=\"menu-item-2009\"><a href=\"https:\/\/staging.gcf.community\/pt\/tools\/flashlab\/different-models\/\" tabindex=\"0\" role=\"link\">Modelos diferentes<\/a><\/li><li id=\"menu-item-2012\"><a href=\"https:\/\/staging.gcf.community\/pt\/tools\/flashlab\/look-and-listen\/\" tabindex=\"0\" role=\"link\">1 \u2013 Olhe e ou\u00e7a<\/a><\/li><li id=\"menu-item-2020\"><a href=\"https:\/\/staging.gcf.community\/pt\/tools\/flashlab\/think-and-explore\/\" aria-current=\"page\" tabindex=\"0\" role=\"link\">2 \u2013 Pense e explore<\/a><\/li><li id=\"menu-item-2013\"><a href=\"https:\/\/staging.gcf.community\/pt\/tools\/flashlab\/make-and-create\/\" tabindex=\"0\" role=\"link\">3 \u2013 Fa\u00e7a e Crie<\/a><\/li><li id=\"menu-item-2019\"><a href=\"https:\/\/staging.gcf.community\/pt\/tools\/flashlab\/test-and-refine\/\" tabindex=\"0\" role=\"link\">4 \u2013 Teste e refine<\/a><\/li><li id=\"menu-item-2018\"><a href=\"https:\/\/staging.gcf.community\/pt\/tools\/flashlab\/share-and-multiply\/\" tabindex=\"0\" role=\"link\">5 \u2013 Compartilhe e multiplique<\/a><\/li><li id=\"menu-item-2136\"><a href=\"https:\/\/staging.gcf.community\/pt\/tools\/flashlab\/useful-links\/\" tabindex=\"0\" role=\"link\">Links \u00dateis<\/a><\/li><\/ul>\n\t\t\t<\/nav>\n\n<h4>\n\t\tReserve um tempo para ter ideias boas, novas e \u00fateis. Escolha um para levar adiante.\n\t<\/h4>\n<h2>\n\t\tExplorar ideias\n\t<\/h2>\n\t<p>A segunda etapa consiste em envolver o c\u00e9rebro e o cora\u00e7\u00e3o de diferentes maneiras para ter ideias que ajudem a atender \u00e0s necessidades descobertas em <a href=\"https:\/\/staging.gcf.community\/pt\/tools\/flashlab\/look-and-listen\/\">Olhe e escute<\/a>.<\/p>\n<h3>Produza muitas ideias<\/h3>\n<p>Em sua equipe, reserve de 20 a 30 minutos para produzir o m\u00e1ximo de ideias poss\u00edvel. Parar.<\/p>\n<ul>\n<li>Don&#8217;t discuss or judge ideas yet &#8211; just allow the group to write down or share their ideas.<\/li>\n<li>Build on everyone&#8217;s ideas (For example, one person suggests an idea, and others take up the &#8220;Yes! And &#8230;&#8221; challenge, offering something that builds upon the original idea).<\/li>\n<li>Continue estimulando seu c\u00e9rebro em busca de mais ideias. Sua d\u00e9cima ou 30\u00aa ideia pode acabar sendo a melhor!<\/li>\n<li>Adicione um objeto ou palavra aleat\u00f3ria ao brainstorming (exemplos: azul, sandu\u00edche, nuvem, polvo). Tente criar mais ideias usando esta palavra como plataforma de lan\u00e7amento.<\/li>\n<\/ul>\n<p>Capture everyone&#8217;s ideas in a visible way. Use what you have: boards, small notes, large sheets of paper. <a href=\"https:\/\/jamboard.google.com\/\" target=\"_blank\" rel=\"noopener\">Google Jamboard<\/a> \u00e9 uma boa ferramenta online gratuita para brainstorming de ideias. \u00c9 especialmente \u00fatil para FlashLabs virtuais.<\/p>\n<h2>\n\t\tDescanse e esque\u00e7a\n\t<\/h2>\n\t<p>Seu c\u00e9rebro foi feito por nosso Deus para ser incrivelmente criativo. O que \u00e9 incr\u00edvel \u00e9 que seu c\u00e9rebro \u00e9 mais criativo quando voc\u00ea N\u00c3O est\u00e1 tentando ser criativo!<\/p>\n<p>O pr\u00f3ximo passo nesta etapa do FlashLab \u00e9 sair do brainstorming e focar em outra coisa!<\/p>\n<ul>\n<li>Descansar<\/li>\n<li>Fa\u00e7a uma caminhada ou pratique esportes<\/li>\n<li>Fa\u00e7a algo diferente<\/li>\n<\/ul>\n<p>Deixe seu c\u00e9rebro fazer seu trabalho enquanto voc\u00ea est\u00e1 focado em outro lugar. Voc\u00ea pode descobrir que produz suas melhores ideias no chuveiro, quando est\u00e1 correndo ou ao acordar. Este \u00e9 o seu c\u00e9rebro incr\u00edvel fazendo seu trabalho em segundo plano.<\/p>\n<p>Write down any new thoughts or modifications to build on existing ideas that &#8216;pop&#8217; into your mind.<\/p>\n<h2>\n\t\tBrinque com ideias\n\t<\/h2>\n\t<p>Brincar \u00e9 um exerc\u00edcio valioso para as ideias que sua equipe produziu na etapa acima.<\/p>\n<p>Escolha tr\u00eas das ideias:<\/p>\n<ul>\n<li>Um que parece f\u00e1cil e pr\u00e1tico<\/li>\n<li>Aquele que parece ultrajante ou dif\u00edcil<\/li>\n<li>One in the middle &#8211; not too easy or too hard<\/li>\n<\/ul>\n<p>Aqui est\u00e3o algumas maneiras de brincar com ideias. Voc\u00ea pode encontrar mais informa\u00e7\u00f5es no kit de ferramentas FlashLab.<\/p>\n<p>Dobre uma ideia imaginando como seria se:<\/p>\n<ul>\n<li>It was upside down &#8211; for example, instead of one big event, you had many small events.<\/li>\n<li>If it was shrunk &#8211; instead of a 50-page manual, you made one with only two pages.<\/li>\n<\/ul>\n<p>Quebre uma ideia dividindo-a em suas partes e:<\/p>\n<ul>\n<li>Reorganize as pe\u00e7as de volta em uma nova ordem.<\/li>\n<li>Descarte uma parte e veja o que voc\u00ea tem.<\/li>\n<\/ul>\n<p>Combine ideias por:<\/p>\n<ul>\n<li>Combinando duas de suas ideias diferentes.<\/li>\n<\/ul>\n<p>Fa\u00e7a malabarismos com essas duas ideias em sua mente e veja o que elas podem se tornar.<\/p>\n<ul>\n<li>Veja uma ideia atrav\u00e9s de lentes diferentes, como a perspectiva de uma crian\u00e7a, de uma formiga ou do alto.<\/li>\n<\/ul>\n<h2>\n\t\tEscolha ideias\n\t<\/h2>\n\t<p>Depois de brincar com as ideias, reserve um tempo para orar, pensar e escolher o que ir\u00e1 desenvolver.<\/p>\n<h3>Como escolher uma boa ideia<\/h3>\n<p>Alguns desses aspectos podem ser \u00fateis na escolha de qual ideia levar adiante:<\/p>\n<ul>\n<li>Depois da ora\u00e7\u00e3o, voc\u00ea consegue identificar qual delas Deus gostaria que voc\u00ea fizesse?<\/li>\n<li>Qual ideia atender\u00e1 melhor \u00e0s necessidades e \u00e0s pessoas que voc\u00ea identificou no est\u00e1gio 1?<\/li>\n<li>Qual ideia mais te entusiasma?<\/li>\n<li>Qual ideia \u00e9 vi\u00e1vel no tempo que voc\u00ea tem?<\/li>\n<li>Qual ideia o estimula e o leva a criar algo \u00fanico?<\/li>\n<\/ul>\n\t<a href=\"https:\/\/staging.gcf.community\/pt\/tools\/flashlab\/look-and-listen\/\" target=\"_self\" role=\"button\" aria-label=\"ANTERIOR\" rel=\"noopener\">\n\t\t\t\t\t\tANTERIOR\n\t\t\t\t\t<\/a>\n\t<a href=\"https:\/\/staging.gcf.community\/pt\/tools\/flashlab\/make-and-create\/\" target=\"_self\" role=\"button\" aria-label=\"PR\u00d3XIMO\" rel=\"noopener\">\n\t\t\t\t\t\tPR\u00d3XIMO\n\t\t\t<\/a>","protected":false},"excerpt":{"rendered":"","protected":false},"author":1,"featured_media":0,"parent":1917,"menu_order":0,"comment_status":"closed","ping_status":"closed","template":"","meta":{"footnotes":""},"class_list":["post-1992","page","type-page","status-publish"],"_links":{"self":[{"href":"https:\/\/staging.gcf.community\/pt\/wp-json\/wp\/v2\/pages\/1992","targetHints":{"allow":["GET"]}}],"collection":[{"href":"https:\/\/staging.gcf.community\/pt\/wp-json\/wp\/v2\/pages"}],"about":[{"href":"https:\/\/staging.gcf.community\/pt\/wp-json\/wp\/v2\/types\/page"}],"author":[{"embeddable":true,"href":"https:\/\/staging.gcf.community\/pt\/wp-json\/wp\/v2\/users\/1"}],"replies":[{"embeddable":true,"href":"https:\/\/staging.gcf.community\/pt\/wp-json\/wp\/v2\/comments?post=1992"}],"version-history":[{"count":0,"href":"https:\/\/staging.gcf.community\/pt\/wp-json\/wp\/v2\/pages\/1992\/revisions"}],"up":[{"embeddable":true,"href":"https:\/\/staging.gcf.community\/pt\/wp-json\/wp\/v2\/pages\/1917"}],"wp:attachment":[{"href":"https:\/\/staging.gcf.community\/pt\/wp-json\/wp\/v2\/media?parent=1992"}],"curies":[{"name":"wp","href":"https:\/\/api.w.org\/{rel}","templated":true}]}}