{"id":1971,"date":"2023-08-30T14:50:05","date_gmt":"2023-08-30T13:50:05","guid":{"rendered":"https:\/\/gcf.community\/?page_id=1971"},"modified":"2023-09-05T13:56:16","modified_gmt":"2023-09-05T12:56:16","slug":"process","status":"publish","type":"page","link":"https:\/\/staging.gcf.community\/pt\/tools\/flashlab\/process\/","title":{"rendered":"Processo"},"content":{"rendered":"<nav aria-label=\"Laborat\u00f3rio Flash\" itemscope=\"itemscope\" itemtype=\"https:\/\/schema.org\/SiteNavigationElement\">\n\t\t<ul id=\"menu-flashlab\"><li id=\"menu-item-2008\"><a href=\"https:\/\/staging.gcf.community\/pt\/tools\/flashlab\/\" tabindex=\"0\" role=\"link\">Laborat\u00f3rio Flash<\/a><\/li><li id=\"menu-item-2010\"><a href=\"https:\/\/staging.gcf.community\/pt\/tools\/flashlab\/flashlab23\/\" tabindex=\"0\" role=\"link\">FlashLab23<\/a><ul>\t<li id=\"menu-item-2022\"><a href=\"https:\/\/staging.gcf.community\/pt\/tools\/flashlab\/flashlab23\/reflection\/\" tabindex=\"0\" role=\"link\">Reflex\u00e3o<\/a><\/li>\t<li id=\"menu-item-2016\"><a href=\"https:\/\/staging.gcf.community\/pt\/tools\/flashlab\/flashlab23\/files\/\" tabindex=\"0\" role=\"link\">arquivos<\/a><\/li>\t<li id=\"menu-item-2027\"><a href=\"https:\/\/staging.gcf.community\/pt\/tools\/flashlab\/zoom-recordings\/\" tabindex=\"0\" role=\"link\">Grava\u00e7\u00f5es com zoom<\/a><\/li>\t<li id=\"menu-item-2142\"><a href=\"https:\/\/staging.gcf.community\/pt\/tools\/flashlab\/flashlab23\/schedule\/\" tabindex=\"0\" role=\"link\">Agendar<\/a><\/li><\/ul><\/li><li id=\"menu-item-2014\"><a href=\"https:\/\/staging.gcf.community\/pt\/tools\/flashlab\/overview\/\" tabindex=\"0\" role=\"link\">Vis\u00e3o geral<\/a><\/li><li id=\"menu-item-2011\"><a href=\"https:\/\/staging.gcf.community\/pt\/tools\/flashlab\/how-to-start\/\" tabindex=\"0\" role=\"link\">Como come\u00e7ar<\/a><\/li><li id=\"menu-item-2017\"><a href=\"https:\/\/staging.gcf.community\/pt\/tools\/flashlab\/process\/\" aria-current=\"page\" tabindex=\"0\" role=\"link\">Processo<\/a><\/li><li id=\"menu-item-2009\"><a href=\"https:\/\/staging.gcf.community\/pt\/tools\/flashlab\/different-models\/\" tabindex=\"0\" role=\"link\">Modelos diferentes<\/a><\/li><li id=\"menu-item-2012\"><a href=\"https:\/\/staging.gcf.community\/pt\/tools\/flashlab\/look-and-listen\/\" tabindex=\"0\" role=\"link\">1 \u2013 Olhe e ou\u00e7a<\/a><\/li><li id=\"menu-item-2020\"><a href=\"https:\/\/staging.gcf.community\/pt\/tools\/flashlab\/think-and-explore\/\" tabindex=\"0\" role=\"link\">2 \u2013 Pense e explore<\/a><\/li><li id=\"menu-item-2013\"><a href=\"https:\/\/staging.gcf.community\/pt\/tools\/flashlab\/make-and-create\/\" tabindex=\"0\" role=\"link\">3 \u2013 Fa\u00e7a e Crie<\/a><\/li><li id=\"menu-item-2019\"><a href=\"https:\/\/staging.gcf.community\/pt\/tools\/flashlab\/test-and-refine\/\" tabindex=\"0\" role=\"link\">4 \u2013 Teste e refine<\/a><\/li><li id=\"menu-item-2018\"><a href=\"https:\/\/staging.gcf.community\/pt\/tools\/flashlab\/share-and-multiply\/\" tabindex=\"0\" role=\"link\">5 \u2013 Compartilhe e multiplique<\/a><\/li><li id=\"menu-item-2136\"><a href=\"https:\/\/staging.gcf.community\/pt\/tools\/flashlab\/useful-links\/\" tabindex=\"0\" role=\"link\">Links \u00dateis<\/a><\/li><\/ul>\n\t\t\t<\/nav>\n\t\t\t<button tabindex=\"0\" role=\"button\" aria-label=\"Card\u00e1pio do FlashLab\">\n\t\t\t\tCard\u00e1pio do FlashLab\t\t\t<\/button>\n\t<nav aria-label=\"Laborat\u00f3rio Flash\" itemscope=\"itemscope\" itemtype=\"https:\/\/schema.org\/SiteNavigationElement\">\n\t\t<a href=\"javascript:void(0)\" aria-label=\"Fechar o card\u00e1pio\" role=\"button\">\u00d7<\/a>\n\t\t<ul id=\"menu-flashlab-1\"><li id=\"menu-item-2008\"><a href=\"https:\/\/staging.gcf.community\/pt\/tools\/flashlab\/\" tabindex=\"0\" role=\"link\">Laborat\u00f3rio Flash<\/a><\/li><li id=\"menu-item-2010\"><a href=\"https:\/\/staging.gcf.community\/pt\/tools\/flashlab\/flashlab23\/\" tabindex=\"0\" role=\"link\">FlashLab23<\/a><ul>\t<li id=\"menu-item-2022\"><a href=\"https:\/\/staging.gcf.community\/pt\/tools\/flashlab\/flashlab23\/reflection\/\" tabindex=\"0\" role=\"link\">Reflex\u00e3o<\/a><\/li>\t<li id=\"menu-item-2016\"><a href=\"https:\/\/staging.gcf.community\/pt\/tools\/flashlab\/flashlab23\/files\/\" tabindex=\"0\" role=\"link\">arquivos<\/a><\/li>\t<li id=\"menu-item-2027\"><a href=\"https:\/\/staging.gcf.community\/pt\/tools\/flashlab\/zoom-recordings\/\" tabindex=\"0\" role=\"link\">Grava\u00e7\u00f5es com zoom<\/a><\/li>\t<li id=\"menu-item-2142\"><a href=\"https:\/\/staging.gcf.community\/pt\/tools\/flashlab\/flashlab23\/schedule\/\" tabindex=\"0\" role=\"link\">Agendar<\/a><\/li><\/ul><\/li><li id=\"menu-item-2014\"><a href=\"https:\/\/staging.gcf.community\/pt\/tools\/flashlab\/overview\/\" tabindex=\"0\" role=\"link\">Vis\u00e3o geral<\/a><\/li><li id=\"menu-item-2011\"><a href=\"https:\/\/staging.gcf.community\/pt\/tools\/flashlab\/how-to-start\/\" tabindex=\"0\" role=\"link\">Como come\u00e7ar<\/a><\/li><li id=\"menu-item-2017\"><a href=\"https:\/\/staging.gcf.community\/pt\/tools\/flashlab\/process\/\" aria-current=\"page\" tabindex=\"0\" role=\"link\">Processo<\/a><\/li><li id=\"menu-item-2009\"><a href=\"https:\/\/staging.gcf.community\/pt\/tools\/flashlab\/different-models\/\" tabindex=\"0\" role=\"link\">Modelos diferentes<\/a><\/li><li id=\"menu-item-2012\"><a href=\"https:\/\/staging.gcf.community\/pt\/tools\/flashlab\/look-and-listen\/\" tabindex=\"0\" role=\"link\">1 \u2013 Olhe e ou\u00e7a<\/a><\/li><li id=\"menu-item-2020\"><a href=\"https:\/\/staging.gcf.community\/pt\/tools\/flashlab\/think-and-explore\/\" tabindex=\"0\" role=\"link\">2 \u2013 Pense e explore<\/a><\/li><li id=\"menu-item-2013\"><a href=\"https:\/\/staging.gcf.community\/pt\/tools\/flashlab\/make-and-create\/\" tabindex=\"0\" role=\"link\">3 \u2013 Fa\u00e7a e Crie<\/a><\/li><li id=\"menu-item-2019\"><a href=\"https:\/\/staging.gcf.community\/pt\/tools\/flashlab\/test-and-refine\/\" tabindex=\"0\" role=\"link\">4 \u2013 Teste e refine<\/a><\/li><li id=\"menu-item-2018\"><a href=\"https:\/\/staging.gcf.community\/pt\/tools\/flashlab\/share-and-multiply\/\" tabindex=\"0\" role=\"link\">5 \u2013 Compartilhe e multiplique<\/a><\/li><li id=\"menu-item-2136\"><a href=\"https:\/\/staging.gcf.community\/pt\/tools\/flashlab\/useful-links\/\" tabindex=\"0\" role=\"link\">Links \u00dateis<\/a><\/li><\/ul>\n\t\t\t<\/nav>\n\n\t<h2>Cinco etapas de um FlashLab<\/h2>\n<p>Esta se\u00e7\u00e3o lhe dar\u00e1 uma vis\u00e3o geral de todo o processo de um FlashLab e as se\u00e7\u00f5es a seguir ir\u00e3o gui\u00e1-lo por cada uma dessas etapas com mais detalhes.<\/p>\n\t\t\t\t1: Olhe e ou\u00e7a\n\t\t\t\t<p>Nesta etapa voc\u00ea ir\u00e1:<\/p>\n<ul>\n<li>Olhe a sua volta<\/li>\n<li>Ou\u00e7a as necessidades<\/li>\n<\/ul>\n<p><strong>Perguntar<\/strong>: O que seria \u00fatil criar? O que seu pessoal precisa? Qual \u00e9 o problema que voc\u00ea deseja corrigir? Ou que oportunidade voc\u00ea poderia servir?<\/p>\n\t\t\t\t2: Pense e explore\n\t\t\t\t<p>Taking what you discover above,&nbsp;you then:<\/p>\n<ul>\n<li>Tenha muitas ideias (tente fazer um brainstorming de tantas ideias quanto poss\u00edvel!)<\/li>\n<li>Reserve um tempo para seu c\u00e9rebro descansar<\/li>\n<li>Brinque com as ideias<\/li>\n<li>Escolha a melhor ideia para levar adiante<\/li>\n<\/ul>\n\t\t\t\t3: Fa\u00e7a e crie\n\t\t\t\t<p>Depois de ter algo para fazer:<\/p>\n<ul>\n<li>Comece a cri\u00e1-lo<\/li>\n<li>Editar e concluir um rascunho<\/li>\n<li>Complete todos os elementos de design<\/li>\n<\/ul>\n\t\t\t\t4: Teste e refine\n\t\t\t\t<p>Test your draft &#8211; it does not need to be the final version:<\/p>\n<ul>\n<li>Teste-o em um ambiente real<\/li>\n<li>Obter feedback<\/li>\n<li>Refine-o com base no feedback<\/li>\n<li>Termine isso<\/li>\n<\/ul>\n\t\t\t\t5: Compartilhe e multiplique\n\t\t\t\t<p>FlashLabs visa equipar e fornecer recursos a outros, ent\u00e3o a etapa final \u00e9:<\/p>\n<ul>\n<li>Compartilhe<\/li>\n<li>Traduza isso<\/li>\n<li>Comemoro!<\/li>\n<\/ul>\n\t<a href=\"https:\/\/staging.gcf.community\/pt\/tools\/flashlab\/how-to-start\/\" target=\"_self\" role=\"button\" aria-label=\"ANTERIOR\" rel=\"noopener\">\n\t\t\t\t\t\tANTERIOR\n\t\t\t\t\t<\/a>\n\t<a href=\"https:\/\/staging.gcf.community\/pt\/tools\/flashlab\/different-models\/\" target=\"_self\" role=\"button\" aria-label=\"PR\u00d3XIMO\" rel=\"noopener\">\n\t\t\t\t\t\tPR\u00d3XIMO\n\t\t\t<\/a>","protected":false},"excerpt":{"rendered":"","protected":false},"author":1,"featured_media":0,"parent":1917,"menu_order":0,"comment_status":"closed","ping_status":"closed","template":"","meta":{"footnotes":""},"class_list":["post-1971","page","type-page","status-publish"],"_links":{"self":[{"href":"https:\/\/staging.gcf.community\/pt\/wp-json\/wp\/v2\/pages\/1971","targetHints":{"allow":["GET"]}}],"collection":[{"href":"https:\/\/staging.gcf.community\/pt\/wp-json\/wp\/v2\/pages"}],"about":[{"href":"https:\/\/staging.gcf.community\/pt\/wp-json\/wp\/v2\/types\/page"}],"author":[{"embeddable":true,"href":"https:\/\/staging.gcf.community\/pt\/wp-json\/wp\/v2\/users\/1"}],"replies":[{"embeddable":true,"href":"https:\/\/staging.gcf.community\/pt\/wp-json\/wp\/v2\/comments?post=1971"}],"version-history":[{"count":0,"href":"https:\/\/staging.gcf.community\/pt\/wp-json\/wp\/v2\/pages\/1971\/revisions"}],"up":[{"embeddable":true,"href":"https:\/\/staging.gcf.community\/pt\/wp-json\/wp\/v2\/pages\/1917"}],"wp:attachment":[{"href":"https:\/\/staging.gcf.community\/pt\/wp-json\/wp\/v2\/media?parent=1971"}],"curies":[{"name":"wp","href":"https:\/\/api.w.org\/{rel}","templated":true}]}}