{"id":1954,"date":"2023-08-30T14:42:25","date_gmt":"2023-08-30T13:42:25","guid":{"rendered":"https:\/\/gcf.community\/?page_id=1954"},"modified":"2023-09-05T13:54:24","modified_gmt":"2023-09-05T12:54:24","slug":"reflection","status":"publish","type":"page","link":"https:\/\/staging.gcf.community\/pt\/tools\/flashlab\/flashlab23\/reflection\/","title":{"rendered":"Reflex\u00e3o"},"content":{"rendered":"<nav aria-label=\"Laborat\u00f3rio Flash\" itemscope=\"itemscope\" itemtype=\"https:\/\/schema.org\/SiteNavigationElement\">\n\t\t<ul id=\"menu-flashlab\"><li id=\"menu-item-2008\"><a href=\"https:\/\/staging.gcf.community\/pt\/tools\/flashlab\/\" tabindex=\"0\" role=\"link\">Laborat\u00f3rio Flash<\/a><\/li><li id=\"menu-item-2010\"><a href=\"https:\/\/staging.gcf.community\/pt\/tools\/flashlab\/flashlab23\/\" tabindex=\"0\" role=\"link\">FlashLab23<\/a><ul>\t<li id=\"menu-item-2022\"><a href=\"https:\/\/staging.gcf.community\/pt\/tools\/flashlab\/flashlab23\/reflection\/\" aria-current=\"page\" tabindex=\"0\" role=\"link\">Reflex\u00e3o<\/a><\/li>\t<li id=\"menu-item-2016\"><a href=\"https:\/\/staging.gcf.community\/pt\/tools\/flashlab\/flashlab23\/files\/\" tabindex=\"0\" role=\"link\">arquivos<\/a><\/li>\t<li id=\"menu-item-2027\"><a href=\"https:\/\/staging.gcf.community\/pt\/tools\/flashlab\/zoom-recordings\/\" tabindex=\"0\" role=\"link\">Grava\u00e7\u00f5es com zoom<\/a><\/li><\/ul><\/li><li id=\"menu-item-2014\"><a href=\"https:\/\/staging.gcf.community\/pt\/tools\/flashlab\/overview\/\" tabindex=\"0\" role=\"link\">Vis\u00e3o geral<\/a><\/li><li id=\"menu-item-2011\"><a href=\"https:\/\/staging.gcf.community\/pt\/tools\/flashlab\/how-to-start\/\" tabindex=\"0\" role=\"link\">Como come\u00e7ar<\/a><\/li><li id=\"menu-item-2017\"><a href=\"https:\/\/staging.gcf.community\/pt\/tools\/flashlab\/process\/\" tabindex=\"0\" role=\"link\">Processo<\/a><\/li><li id=\"menu-item-2009\"><a href=\"https:\/\/staging.gcf.community\/pt\/tools\/flashlab\/different-models\/\" tabindex=\"0\" role=\"link\">Modelos diferentes<\/a><\/li><li id=\"menu-item-2012\"><a href=\"https:\/\/staging.gcf.community\/pt\/tools\/flashlab\/look-and-listen\/\" tabindex=\"0\" role=\"link\">Olhe e escute<\/a><\/li><li id=\"menu-item-2020\"><a href=\"https:\/\/staging.gcf.community\/pt\/tools\/flashlab\/think-and-explore\/\" tabindex=\"0\" role=\"link\">Pense e explore<\/a><\/li><li id=\"menu-item-2013\"><a href=\"https:\/\/staging.gcf.community\/pt\/tools\/flashlab\/make-and-create\/\" tabindex=\"0\" role=\"link\">Fa\u00e7a e crie<\/a><\/li><li id=\"menu-item-2019\"><a href=\"https:\/\/staging.gcf.community\/pt\/tools\/flashlab\/test-and-refine\/\" tabindex=\"0\" role=\"link\">Teste e refine<\/a><\/li><li id=\"menu-item-2018\"><a href=\"https:\/\/staging.gcf.community\/pt\/tools\/flashlab\/share-and-multiply\/\" tabindex=\"0\" role=\"link\">Compartilhe e multiplique<\/a><\/li><\/ul>\n\t\t\t<\/nav>\n\t\t\t<button tabindex=\"0\" role=\"button\" aria-label=\"Card\u00e1pio do FlashLab\">\n\t\t\t\tCard\u00e1pio do FlashLab\t\t\t<\/button>\n\t<nav aria-label=\"Laborat\u00f3rio Flash\" itemscope=\"itemscope\" itemtype=\"https:\/\/schema.org\/SiteNavigationElement\">\n\t\t<a href=\"javascript:void(0)\" aria-label=\"Fechar o card\u00e1pio\" role=\"button\">\u00d7<\/a>\n\t\t<ul id=\"menu-flashlab-1\"><li id=\"menu-item-2008\"><a href=\"https:\/\/staging.gcf.community\/pt\/tools\/flashlab\/\" tabindex=\"0\" role=\"link\">Laborat\u00f3rio Flash<\/a><\/li><li id=\"menu-item-2010\"><a href=\"https:\/\/staging.gcf.community\/pt\/tools\/flashlab\/flashlab23\/\" tabindex=\"0\" role=\"link\">FlashLab23<\/a><ul>\t<li id=\"menu-item-2022\"><a href=\"https:\/\/staging.gcf.community\/pt\/tools\/flashlab\/flashlab23\/reflection\/\" aria-current=\"page\" tabindex=\"0\" role=\"link\">Reflex\u00e3o<\/a><\/li>\t<li id=\"menu-item-2016\"><a href=\"https:\/\/staging.gcf.community\/pt\/tools\/flashlab\/flashlab23\/files\/\" tabindex=\"0\" role=\"link\">arquivos<\/a><\/li>\t<li id=\"menu-item-2027\"><a href=\"https:\/\/staging.gcf.community\/pt\/tools\/flashlab\/zoom-recordings\/\" tabindex=\"0\" role=\"link\">Grava\u00e7\u00f5es com zoom<\/a><\/li><\/ul><\/li><li id=\"menu-item-2014\"><a href=\"https:\/\/staging.gcf.community\/pt\/tools\/flashlab\/overview\/\" tabindex=\"0\" role=\"link\">Vis\u00e3o geral<\/a><\/li><li id=\"menu-item-2011\"><a href=\"https:\/\/staging.gcf.community\/pt\/tools\/flashlab\/how-to-start\/\" tabindex=\"0\" role=\"link\">Como come\u00e7ar<\/a><\/li><li id=\"menu-item-2017\"><a href=\"https:\/\/staging.gcf.community\/pt\/tools\/flashlab\/process\/\" tabindex=\"0\" role=\"link\">Processo<\/a><\/li><li id=\"menu-item-2009\"><a href=\"https:\/\/staging.gcf.community\/pt\/tools\/flashlab\/different-models\/\" tabindex=\"0\" role=\"link\">Modelos diferentes<\/a><\/li><li id=\"menu-item-2012\"><a href=\"https:\/\/staging.gcf.community\/pt\/tools\/flashlab\/look-and-listen\/\" tabindex=\"0\" role=\"link\">Olhe e escute<\/a><\/li><li id=\"menu-item-2020\"><a href=\"https:\/\/staging.gcf.community\/pt\/tools\/flashlab\/think-and-explore\/\" tabindex=\"0\" role=\"link\">Pense e explore<\/a><\/li><li id=\"menu-item-2013\"><a href=\"https:\/\/staging.gcf.community\/pt\/tools\/flashlab\/make-and-create\/\" tabindex=\"0\" role=\"link\">Fa\u00e7a e crie<\/a><\/li><li id=\"menu-item-2019\"><a href=\"https:\/\/staging.gcf.community\/pt\/tools\/flashlab\/test-and-refine\/\" tabindex=\"0\" role=\"link\">Teste e refine<\/a><\/li><li id=\"menu-item-2018\"><a href=\"https:\/\/staging.gcf.community\/pt\/tools\/flashlab\/share-and-multiply\/\" tabindex=\"0\" role=\"link\">Compartilhe e multiplique<\/a><\/li><\/ul>\n\t\t\t<\/nav>\n\n\t<p>FlashLab \u00e9 um processo e m\u00e9todo para criar novas ferramentas e recursos ministeriais.<\/p>\n<p>Voc\u00ea pode perguntar por qu\u00ea? N\u00f3s sabemos isso:<\/p>\n        <p><em>Toda a Escritura \u00e9 inspirada por Deus e \u00fatil para <\/em><em>ensinar, repreender, corrigir e treinar em <\/em><em>justi\u00e7a, para que o servo de Deus seja <\/em><em>perfeitamente equipados para toda boa obra.<\/em>2 Tim\u00f3teo 3:16 NVI<\/p>    \n\t<p>Ent\u00e3o, por que precisamos de mais ferramentas e recursos?<\/p>\n<p>At the heart of FlashLab is a desire to see people everywhere engaged with God&#8217;s Word. Making new tools and resources is a way of training, equipping, engaging, inspiring and communicating God&#8217;s Word in many languages. Maybe it&#8217;s a Bible curriculum or a video or a training session or an experiential game. Any one of these can be used by God to help others engage with His Word and meet Jesus.<\/p>\n        <p><em>O amor inabal\u00e1vel do Senhor nunca cessa;<\/em><br><em>&nbsp; &nbsp;suas miseric\u00f3rdias nunca terminam;<\/em><br><em>eles s\u00e3o novos todas as manh\u00e3s;<\/em><br><em>&nbsp; &nbsp;grande \u00e9 a sua fidelidade.<\/em>Lamenta\u00e7\u00f5es 3:22-23 NVI<\/p>    \n\t<p>Como parte deste FlashLab, reserve algum tempo para ler a B\u00edblia e refletir sobre como o Senhor nos criou.<\/p>\n<h3>Em ser criativo<\/h3>\n<p>Read about the first person in the Bible said to be &#8220;filled with the Spirit of God&#8221; &#8211; Bezalel (Exodus 31: 1-5). What creative gifts can we offer?<\/p>\n<p>David, so creative, wanted to &#8220;sing a new song&#8221; to the Lord (Psalms 96 &amp; 98). What can we offer to the Lord that is fresh and new today?<\/p>\n<h3>Em nossa doa\u00e7\u00e3o de tempo<\/h3>\n<p>Leia 2 Cor\u00edntios 9:6-8. Como podemos ser generosos em nosso tempo, encorajar e trabalhar em benef\u00edcio dos outros?<\/p>\n<h3>Ao compartilhar nossos dons em unidade<\/h3>\n<p>Cada membro de uma equipe tem presentes diferentes a oferecer, mas somos todos um sob Jesus. Leia Ef\u00e9sios 4:1-16 ou 1 Cor\u00edntios 12:12-19. Para que o FlashLab funcione, haver\u00e1 pessoas diferentes servindo de maneiras diferentes.<\/p>","protected":false},"excerpt":{"rendered":"","protected":false},"author":1,"featured_media":0,"parent":1921,"menu_order":0,"comment_status":"closed","ping_status":"closed","template":"","meta":{"footnotes":""},"class_list":["post-1954","page","type-page","status-publish"],"_links":{"self":[{"href":"https:\/\/staging.gcf.community\/pt\/wp-json\/wp\/v2\/pages\/1954","targetHints":{"allow":["GET"]}}],"collection":[{"href":"https:\/\/staging.gcf.community\/pt\/wp-json\/wp\/v2\/pages"}],"about":[{"href":"https:\/\/staging.gcf.community\/pt\/wp-json\/wp\/v2\/types\/page"}],"author":[{"embeddable":true,"href":"https:\/\/staging.gcf.community\/pt\/wp-json\/wp\/v2\/users\/1"}],"replies":[{"embeddable":true,"href":"https:\/\/staging.gcf.community\/pt\/wp-json\/wp\/v2\/comments?post=1954"}],"version-history":[{"count":0,"href":"https:\/\/staging.gcf.community\/pt\/wp-json\/wp\/v2\/pages\/1954\/revisions"}],"up":[{"embeddable":true,"href":"https:\/\/staging.gcf.community\/pt\/wp-json\/wp\/v2\/pages\/1921"}],"wp:attachment":[{"href":"https:\/\/staging.gcf.community\/pt\/wp-json\/wp\/v2\/media?parent=1954"}],"curies":[{"name":"wp","href":"https:\/\/api.w.org\/{rel}","templated":true}]}}