{"id":1776,"date":"2023-05-29T13:49:07","date_gmt":"2023-05-29T12:49:07","guid":{"rendered":"https:\/\/gcf.community\/?page_id=1776"},"modified":"2024-08-21T13:07:34","modified_gmt":"2024-08-21T12:07:34","slug":"projects","status":"publish","type":"page","link":"https:\/\/staging.gcf.community\/pt\/projects\/","title":{"rendered":"Projetos"},"content":{"rendered":"<h1>\n\t\tProjetos\n\t<\/h1>\n\t<p>Acreditamos que a vida das crian\u00e7as \u00e9 moldada pela fam\u00edlia, pelos meios de comunica\u00e7\u00e3o, pela igreja, pela escola e por uma s\u00e9rie de outras organiza\u00e7\u00f5es. O GCF procura ser um movimento altru\u00edsta que serve silenciosamente cada um deles de uma forma que os ajuda no seu papel de proteger as crian\u00e7as e ajud\u00e1-los a identificar, moldar e libertar o seu potencial dado por Deus.<\/p>\n<p>Acreditamos que a colabora\u00e7\u00e3o \u00e9 a chave para alcan\u00e7ar e fazer disc\u00edpulos de crian\u00e7as em todo o mundo. Trabalhando sozinhos, estamos apenas arranhando a superf\u00edcie desse desafio. Para este fim, v\u00e1rios projetos est\u00e3o sendo desenvolvidos atrav\u00e9s do GCF para servir a igreja local. Esses projetos incluem:<\/p>\n\t<p>Experi\u00eancia de lideran\u00e7a<\/p>\n\t<p>Fam\u00edlias em miss\u00e3o<\/p>\n\t<p>Crian\u00e7as em todos os lugares<\/p>\n\t<p>Max7<\/p>\n\t<p>KidsHubs<\/p>\n\t<p>Kidshubs TV<\/p>\n\t<p>Crian\u00e7as em risco<\/p>\n\t<p>Crian\u00e7as e Fam\u00edlias<\/p>\n\t<p>Gera\u00e7\u00f5es Generosas<\/p>","protected":false},"excerpt":{"rendered":"","protected":false},"author":1,"featured_media":0,"parent":0,"menu_order":0,"comment_status":"closed","ping_status":"closed","template":"","meta":{"footnotes":""},"class_list":["post-1776","page","type-page","status-publish"],"_links":{"self":[{"href":"https:\/\/staging.gcf.community\/pt\/wp-json\/wp\/v2\/pages\/1776","targetHints":{"allow":["GET"]}}],"collection":[{"href":"https:\/\/staging.gcf.community\/pt\/wp-json\/wp\/v2\/pages"}],"about":[{"href":"https:\/\/staging.gcf.community\/pt\/wp-json\/wp\/v2\/types\/page"}],"author":[{"embeddable":true,"href":"https:\/\/staging.gcf.community\/pt\/wp-json\/wp\/v2\/users\/1"}],"replies":[{"embeddable":true,"href":"https:\/\/staging.gcf.community\/pt\/wp-json\/wp\/v2\/comments?post=1776"}],"version-history":[{"count":3,"href":"https:\/\/staging.gcf.community\/pt\/wp-json\/wp\/v2\/pages\/1776\/revisions"}],"predecessor-version":[{"id":2378,"href":"https:\/\/staging.gcf.community\/pt\/wp-json\/wp\/v2\/pages\/1776\/revisions\/2378"}],"wp:attachment":[{"href":"https:\/\/staging.gcf.community\/pt\/wp-json\/wp\/v2\/media?parent=1776"}],"curies":[{"name":"wp","href":"https:\/\/api.w.org\/{rel}","templated":true}]}}