{"id":1719,"date":"2023-05-29T10:36:59","date_gmt":"2023-05-29T09:36:59","guid":{"rendered":"https:\/\/gcf.community\/?page_id=1719"},"modified":"2023-09-11T15:54:30","modified_gmt":"2023-09-11T14:54:30","slug":"statement","status":"publish","type":"page","link":"https:\/\/staging.gcf.community\/pt\/campaigns\/families-on-mission\/statement\/","title":{"rendered":"Declara\u00e7\u00e3o"},"content":{"rendered":"<a href=\"https:\/\/staging.gcf.community\/pt\/campaigns\/families-on-mission\/\" target=\"_self\" itemprop=\"url\" rel=\"noopener\">\n\t\t\t\t<img loading=\"lazy\" decoding=\"async\" src=\"https:\/\/staging.gcf.community\/wp-content\/uploads\/2023\/05\/fom-logo-portrait-transparent-for-white-background-600.png\" alt=\"fom logo portrait transparent for white background 600\" itemprop=\"image\" height=\"536\" width=\"600\" title=\"fom logotipo retrato transparente para fundo branco 600\" onerror=\"this.style.display='none'\"  \/>\n\t\t\t\t<\/a>\n<h2>\n\t\tcada fam\u00edlia\n\t<\/h2>\n<h2>\n\t\tAtrav\u00e9s de cada igreja\n\t<\/h2>\n<h2>\n\t\tPara cada comunidade\n\t<\/h2>\n\t\t\t<button tabindex=\"0\" role=\"button\" aria-label=\"Card\u00e1pio\">\n\t\t\t\t\t\t\t<\/button>\n\t<nav aria-label=\"FoM\" itemscope=\"itemscope\" itemtype=\"https:\/\/schema.org\/SiteNavigationElement\">\n\t\t<ul id=\"menu-fom\"><li id=\"menu-item-1752\"><a href=\"https:\/\/staging.gcf.community\/pt\/campaigns\/families-on-mission\/\">Introdu\u00e7\u00e3o<\/a><\/li><li id=\"menu-item-1723\"><a href=\"https:\/\/staging.gcf.community\/pt\/campaigns\/families-on-mission\/statement\/\" aria-current=\"page\">Declara\u00e7\u00e3o<\/a><\/li><li id=\"menu-item-1725\"><a href=\"https:\/\/staging.gcf.community\/pt\/campaigns\/families-on-mission\/report\/\">Relat\u00f3rio<\/a><\/li><li id=\"menu-item-2204\"><a href=\"https:\/\/staging.gcf.community\/pt\/campaigns\/families-on-mission\/resources\/\">Recursos<\/a><\/li><li id=\"menu-item-1724\"><a href=\"https:\/\/staging.gcf.community\/pt\/campaigns\/families-on-mission\/showcase\/\">Mostru\u00e1rio<\/a><\/li><li id=\"menu-item-1731\"><a href=\"https:\/\/staging.gcf.community\/pt\/campaigns\/families-on-mission\/videos\/\">V\u00eddeos<\/a><\/li><\/ul>\n\t\t\t<\/nav>\n<h1>\n\t\tDeclara\u00e7\u00e3o de S\u00e3o Paulo sobre Fam\u00edlias em Miss\u00e3o\n\t<\/h1>\n\t<p>Deus nos criou para estarmos em <strong>comunidades<\/strong>, sendo o menor <strong>fam\u00edlias<\/strong>. Estas se combinam com outras fam\u00edlias para formar comunidades maiores (aldeias, cidades etc.).<\/p>\n<p><strong>Juntos, os lares crist\u00e3os formam igrejas.<\/strong><\/p>\n<p>Todas estas fam\u00edlias crist\u00e3s s\u00e3o chamadas a ser &#039;<strong>em miss\u00e3o<\/strong>&#039;: moldar tanto a vida de suas pr\u00f3prias fam\u00edlias quanto a vida de outras pessoas, sendo <strong>sal<\/strong> e <strong>luz<\/strong> na sociedade e chamando uns aos outros para <strong>Refletir a imagem de Deus<\/strong>.<\/p>\n<p>E se <strong>cada fam\u00edlia crist\u00e3<\/strong> abra\u00e7ou estar em miss\u00e3o? E se <strong>todas as igrejas<\/strong> apoiou aquelas fam\u00edlias a estarem em Miss\u00e3o para que a Igreja se tornasse o que Deus pretendia que a Igreja fosse, junto <strong>impactando comunidades mais amplas<\/strong>?<\/p>\n<p>E se, juntos, os lares crist\u00e3os fossem como &#039;<strong>cidades em uma colina<\/strong>&#039;, iluminando e trazendo esperan\u00e7a aos outros?<\/p>\n<p>Tal vis\u00e3o exige que todos os lares crist\u00e3os sejam &#039;<strong>Fam\u00edlias em miss\u00e3o<\/strong>&#039;, refletindo o prop\u00f3sito, a identidade e a voca\u00e7\u00e3o das fam\u00edlias crist\u00e3s.<\/p>\n<p><strong>Oramos para que deixemos o amor de Jesus entrar em nossos lares para compartilhar Sua luz com os outros.<\/strong><\/p>","protected":false},"excerpt":{"rendered":"","protected":false},"author":1,"featured_media":0,"parent":1656,"menu_order":0,"comment_status":"closed","ping_status":"closed","template":"","meta":{"footnotes":""},"class_list":["post-1719","page","type-page","status-publish"],"_links":{"self":[{"href":"https:\/\/staging.gcf.community\/pt\/wp-json\/wp\/v2\/pages\/1719","targetHints":{"allow":["GET"]}}],"collection":[{"href":"https:\/\/staging.gcf.community\/pt\/wp-json\/wp\/v2\/pages"}],"about":[{"href":"https:\/\/staging.gcf.community\/pt\/wp-json\/wp\/v2\/types\/page"}],"author":[{"embeddable":true,"href":"https:\/\/staging.gcf.community\/pt\/wp-json\/wp\/v2\/users\/1"}],"replies":[{"embeddable":true,"href":"https:\/\/staging.gcf.community\/pt\/wp-json\/wp\/v2\/comments?post=1719"}],"version-history":[{"count":0,"href":"https:\/\/staging.gcf.community\/pt\/wp-json\/wp\/v2\/pages\/1719\/revisions"}],"up":[{"embeddable":true,"href":"https:\/\/staging.gcf.community\/pt\/wp-json\/wp\/v2\/pages\/1656"}],"wp:attachment":[{"href":"https:\/\/staging.gcf.community\/pt\/wp-json\/wp\/v2\/media?parent=1719"}],"curies":[{"name":"wp","href":"https:\/\/api.w.org\/{rel}","templated":true}]}}