{"id":1687,"date":"2023-05-27T10:30:07","date_gmt":"2023-05-27T09:30:07","guid":{"rendered":"https:\/\/gcf.community\/?page_id=1687"},"modified":"2023-05-29T15:01:54","modified_gmt":"2023-05-29T14:01:54","slug":"participate","status":"publish","type":"page","link":"https:\/\/staging.gcf.community\/pt\/participate\/","title":{"rendered":"Participar"},"content":{"rendered":"<h1>\n\t\tEnvolver-se!\n\t<\/h1>\n\t<p>Voc\u00ea gostaria de fazer parte do F\u00f3rum Global das Crian\u00e7as? \u00c9 muito simples! Um bom primeiro passo \u00e9 assinar nossa newsletter abaixo. Em seguida, voc\u00ea receber\u00e1 atualiza\u00e7\u00f5es sobre nossas novidades e tamb\u00e9m sobre nossos eventos online e presenciais.<\/p>\n<p>Talvez voc\u00ea tenha uma hist\u00f3ria para compartilhar sobre o minist\u00e9rio infantil. Adorar\u00edamos ouvir isso tamb\u00e9m!<\/p>\n<p>Se voc\u00ea tiver alguma d\u00favida, n\u00e3o hesite em perguntar.<\/p>\n\t<a href=\"https:\/\/staging.gcf.community\/pt\/participate\/subscribe\/\" target=\"_self\" role=\"button\" aria-label=\"Assinar atualiza\u00e7\u00f5es\" rel=\"noopener\">\n\t\t\t\t\t\tAssinar atualiza\u00e7\u00f5es\n\t\t\t\t\t<\/a>\n\t<a href=\"https:\/\/staging.gcf.community\/pt\/participate\/share-your-story\/\" target=\"_self\" role=\"button\" aria-label=\"Compartilhe sua hist\u00f3ria\" rel=\"noopener\">\n\t\t\t\t\t\tCompartilhe sua hist\u00f3ria\n\t\t\t\t\t<\/a>\n\t<a href=\"https:\/\/staging.gcf.community\/pt\/contact\/\" target=\"_self\" role=\"button\" aria-label=\"Entrar em contato\" rel=\"noopener\">\n\t\t\t\t\t\tEntrar em contato\n\t\t\t\t\t<\/a>","protected":false},"excerpt":{"rendered":"","protected":false},"author":1,"featured_media":0,"parent":0,"menu_order":0,"comment_status":"closed","ping_status":"closed","template":"","meta":{"footnotes":""},"class_list":["post-1687","page","type-page","status-publish"],"_links":{"self":[{"href":"https:\/\/staging.gcf.community\/pt\/wp-json\/wp\/v2\/pages\/1687","targetHints":{"allow":["GET"]}}],"collection":[{"href":"https:\/\/staging.gcf.community\/pt\/wp-json\/wp\/v2\/pages"}],"about":[{"href":"https:\/\/staging.gcf.community\/pt\/wp-json\/wp\/v2\/types\/page"}],"author":[{"embeddable":true,"href":"https:\/\/staging.gcf.community\/pt\/wp-json\/wp\/v2\/users\/1"}],"replies":[{"embeddable":true,"href":"https:\/\/staging.gcf.community\/pt\/wp-json\/wp\/v2\/comments?post=1687"}],"version-history":[{"count":0,"href":"https:\/\/staging.gcf.community\/pt\/wp-json\/wp\/v2\/pages\/1687\/revisions"}],"wp:attachment":[{"href":"https:\/\/staging.gcf.community\/pt\/wp-json\/wp\/v2\/media?parent=1687"}],"curies":[{"name":"wp","href":"https:\/\/api.w.org\/{rel}","templated":true}]}}