{"id":1656,"date":"2023-05-26T16:18:46","date_gmt":"2023-05-26T15:18:46","guid":{"rendered":"https:\/\/gcf.community\/?page_id=1656"},"modified":"2023-09-11T15:55:02","modified_gmt":"2023-09-11T14:55:02","slug":"families-on-mission","status":"publish","type":"page","link":"https:\/\/staging.gcf.community\/pt\/campaigns\/families-on-mission\/","title":{"rendered":"Fam\u00edlias em miss\u00e3o"},"content":{"rendered":"<a href=\"https:\/\/staging.gcf.community\/pt\/campaigns\/families-on-mission\/\" target=\"_self\" itemprop=\"url\" rel=\"noopener\">\n\t\t\t\t<img loading=\"lazy\" decoding=\"async\" src=\"https:\/\/staging.gcf.community\/wp-content\/uploads\/2023\/05\/fom-logo-portrait-transparent-for-white-background-600.png\" alt=\"fom logo portrait transparent for white background 600\" itemprop=\"image\" height=\"536\" width=\"600\" title=\"fom logotipo retrato transparente para fundo branco 600\" onerror=\"this.style.display='none'\"  \/>\n\t\t\t\t<\/a>\n<h2>\n\t\tcada fam\u00edlia\n\t<\/h2>\n<h2>\n\t\tAtrav\u00e9s de cada igreja\n\t<\/h2>\n<h2>\n\t\tPara cada comunidade\n\t<\/h2>\n\t\t\t<button tabindex=\"0\" role=\"button\" aria-label=\"Card\u00e1pio\">\n\t\t\t\t\t\t\t<\/button>\n\t<nav aria-label=\"FoM\" itemscope=\"itemscope\" itemtype=\"https:\/\/schema.org\/SiteNavigationElement\">\n\t\t<ul id=\"menu-fom\"><li id=\"menu-item-1752\"><a href=\"https:\/\/staging.gcf.community\/pt\/campaigns\/families-on-mission\/\" aria-current=\"page\">Introdu\u00e7\u00e3o<\/a><\/li><li id=\"menu-item-1723\"><a href=\"https:\/\/staging.gcf.community\/pt\/campaigns\/families-on-mission\/statement\/\">Declara\u00e7\u00e3o<\/a><\/li><li id=\"menu-item-1725\"><a href=\"https:\/\/staging.gcf.community\/pt\/campaigns\/families-on-mission\/report\/\">Relat\u00f3rio<\/a><\/li><li id=\"menu-item-2204\"><a href=\"https:\/\/staging.gcf.community\/pt\/campaigns\/families-on-mission\/resources\/\">Recursos<\/a><\/li><li id=\"menu-item-1724\"><a href=\"https:\/\/staging.gcf.community\/pt\/campaigns\/families-on-mission\/showcase\/\">Mostru\u00e1rio<\/a><\/li><li id=\"menu-item-1731\"><a href=\"https:\/\/staging.gcf.community\/pt\/campaigns\/families-on-mission\/videos\/\">V\u00eddeos<\/a><\/li><\/ul>\n\t\t\t<\/nav>\n<h1>\n\t\tIntrodu\u00e7\u00e3o\n\t<\/h1>\n\t<p>Tem havido um impulso crescente em torno das necessidades das fam\u00edlias e como podemos atend\u00ea-las melhor ao lado das crian\u00e7as. Discuss\u00f5es recentes colocaram o desafio de como poder\u00edamos ver um milh\u00e3o de fam\u00edlias em todo o mundo abra\u00e7ando o que significa pensar e agir missionalmente. Olhando para as necessidades ao nosso redor em nosso mundo, e como parceiros do Reino, come\u00e7amos a sonhar como poder\u00edamos ver Deus abrir uma maneira de equipar e liberar 100 milh\u00f5es de fam\u00edlias mission\u00e1rias enquanto exploramos e servimos juntos.<\/p>\n<p>Em mar\u00e7o de 2023 nos reunimos em S\u00e3o Paulo como um f\u00f3rum de parceria colaborativa reunindo as equipes do GCF, GOPlay, Go Health &amp; Fitness, Gera\u00e7\u00e3o Generosa, family.fit e Rede M\u00e3os Dados. Juntos, procuramos servir crian\u00e7as, jovens e fam\u00edlias com foco especial em fam\u00edlias mission\u00e1rias, explorando como podemos crescer como comunidades de aprendizado, incubando ideias contagiantes juntos e incluindo um foco especial em investir em l\u00edderes mais jovens.<\/p>\n<p>O f\u00f3rum de S\u00e3o Paulo iniciou uma s\u00e9rie de grupos de trabalho e projetos. Isso incluiu olhar para as igrejas locais, o papel dos pais e av\u00f3s, o escopo regional, global e digital e um grupo especial explorando toda a \u00e1rea da generosidade.<\/p>\n<p>Baixe o relat\u00f3rio em PDF usando o bot\u00e3o abaixo.<\/p>\n\t<a href=\"https:\/\/staging.gcf.community\/wp-content\/uploads\/2023\/05\/Sao-Paulo-Report-compressed.pdf\" target=\"_self\" role=\"button\" download=\"Sao-Paulo-Report-compressed.pdf\" aria-label=\"Relat\u00f3rio Completo (PDF)\" rel=\"noopener\">\n\t\t\t\t\t\tRelat\u00f3rio Completo (PDF)\n\t\t\t\t\t<\/a>","protected":false},"excerpt":{"rendered":"","protected":false},"author":1,"featured_media":0,"parent":1652,"menu_order":0,"comment_status":"closed","ping_status":"closed","template":"","meta":{"footnotes":""},"class_list":["post-1656","page","type-page","status-publish"],"_links":{"self":[{"href":"https:\/\/staging.gcf.community\/pt\/wp-json\/wp\/v2\/pages\/1656","targetHints":{"allow":["GET"]}}],"collection":[{"href":"https:\/\/staging.gcf.community\/pt\/wp-json\/wp\/v2\/pages"}],"about":[{"href":"https:\/\/staging.gcf.community\/pt\/wp-json\/wp\/v2\/types\/page"}],"author":[{"embeddable":true,"href":"https:\/\/staging.gcf.community\/pt\/wp-json\/wp\/v2\/users\/1"}],"replies":[{"embeddable":true,"href":"https:\/\/staging.gcf.community\/pt\/wp-json\/wp\/v2\/comments?post=1656"}],"version-history":[{"count":0,"href":"https:\/\/staging.gcf.community\/pt\/wp-json\/wp\/v2\/pages\/1656\/revisions"}],"up":[{"embeddable":true,"href":"https:\/\/staging.gcf.community\/pt\/wp-json\/wp\/v2\/pages\/1652"}],"wp:attachment":[{"href":"https:\/\/staging.gcf.community\/pt\/wp-json\/wp\/v2\/media?parent=1656"}],"curies":[{"name":"wp","href":"https:\/\/api.w.org\/{rel}","templated":true}]}}