{"id":1576,"date":"2023-04-20T18:45:23","date_gmt":"2023-04-20T17:45:23","guid":{"rendered":"https:\/\/gcf.community\/?page_id=1576"},"modified":"2023-10-24T08:38:02","modified_gmt":"2023-10-24T07:38:02","slug":"registration","status":"publish","type":"page","link":"https:\/\/staging.gcf.community\/pt\/events\/ethiopia2023\/registration\/","title":{"rendered":"Cadastro"},"content":{"rendered":"<h1>\n\t\tGCF Eti\u00f3pia 2023\n\t<\/h1>\n\t\t\t<button tabindex=\"0\" aria-label=\"Card\u00e1pio\">\n\t\t\t\t\t\t\t<\/button>\n\t<nav aria-label=\"Eti\u00f3pia\" itemscope=\"itemscope\" itemtype=\"https:\/\/schema.org\/SiteNavigationElement\">\n\t\t<ul id=\"menu-ethiopia\"><li id=\"menu-item-1790\"><a href=\"https:\/\/staging.gcf.community\/pt\/events\/ethiopia2023\/registration\/\" aria-current=\"page\">Cadastro<\/a><\/li><li id=\"menu-item-2277\"><a href=\"https:\/\/staging.gcf.community\/pt\/events\/ethiopia2023\/confirmation\/\">Confirma\u00e7\u00e3o<\/a><\/li><li id=\"menu-item-1797\"><a href=\"https:\/\/staging.gcf.community\/pt\/events\/ethiopia2023\/payment\/\">Pagamento<\/a><\/li><li id=\"menu-item-2292\"><a href=\"https:\/\/staging.gcf.community\/pt\/events\/ethiopia2023\/important-messages\/\">Mensagens importantes<\/a><\/li><\/ul>\n\t\t\t<\/nav>\n<h2>\n\t\tFormul\u00e1rio de cadastro\n\t<\/h2>\n\t<p>Temos o prazer de anunciar que a pr\u00f3xima reuni\u00e3o do F\u00f3rum Global da Crian\u00e7a ter\u00e1 lugar em Adis Abeba, Eti\u00f3pia, a partir do jantar do dia <strong>Ter\u00e7a-feira, 7 de novembro<\/strong> at\u00e9 o caf\u00e9 da manh\u00e3 em <strong>domingo, 12 de novembro de 2023<\/strong>.<\/p>\n\t\t\t\t\t<a href=\"javascript:void(0);\" id=\"fl-accordion--label-0\" tabindex=\"0\" aria-controls=\"fl-accordion--panel-0\">Por que eu deveria participar?<\/a>\n\t\t\t\t\t\t\t\t\t\t\t<a href=\"#\" id=\"fl-accordion--icon-0\" tabindex=\"-1\" aria-controls=\"fl-accordion--panel-0\"><i>Expandir<\/i><\/a>\n\t\t\t\t\t<p>Tanta coisa aconteceu nos \u00faltimos anos, onde viajar n\u00e3o foi poss\u00edvel e, de muitas maneiras, ainda estamos nos adaptando \u00e0 forma como as coisas mudaram. Em mar\u00e7o deste ano, nossa comunidade GCF, juntamente com as equipes GOPlay, family.fit e Generous Generation se reuniram em S\u00e3o Paulo, Brasil, com o foco principal sendo Fam\u00edlias em Miss\u00e3o. V\u00e1rias equipes de trabalho de projeto foram lan\u00e7adas e o trabalho nos projetos continua ap\u00f3s a reuni\u00e3o no Brasil. Estamos ansiosos para ver quais ser\u00e3o os resultados enquanto continuamos a nos esfor\u00e7ar em dire\u00e7\u00e3o ao nosso objetivo de equipar 100 milh\u00f5es de fam\u00edlias mission\u00e1rias!<\/p>\n<p>Ao reunirmo-nos em Novembro em Adis, o trabalho sobre Fam\u00edlias em Miss\u00e3o continuar\u00e1 a centrar-se na procura da orienta\u00e7\u00e3o de Deus sobre como equipar as fam\u00edlias mission\u00e1rias num contexto africano. Tem havido um impulso crescente em torno das necessidades das fam\u00edlias e de como podemos melhor atend\u00ea-las junto com as crian\u00e7as. Ao olharmos para as necessidades que nos rodeiam no nosso mundo, especificamente em \u00c1frica, e \u00e0 medida que nos reunimos como parceiros do Reino, poder\u00edamos sequer come\u00e7ar a imaginar como poder\u00edamos ver Deus abrir o caminho para equipar 100 milh\u00f5es de fam\u00edlias mission\u00e1rias?<\/p>\n<p>Temos uma vis\u00e3o para crian\u00e7as em todos os lugares caminhando com Jesus. Junte-se a n\u00f3s por alguns dias preciosos para orar, explorar, aprender e criar juntos enquanto desenvolvemos as reuni\u00f5es que realizamos no Brasil no contexto das seguintes \u00e1reas:<\/p>\n<ul>\n<li><strong>Lideran\u00e7a<\/strong>\n<ul>\n<li>Libere jovens l\u00edderes para serem pioneiros na pr\u00f3xima temporada<\/li>\n<li>Conectar mentores e pupilos, ampliando o desenvolvimento da lideran\u00e7a<\/li>\n<li>Desenvolver estrat\u00e9gias de multiplica\u00e7\u00e3o para a Experi\u00eancia de Lideran\u00e7a<\/li>\n<\/ul>\n<\/li>\n<li><strong>Pilotos Regionais da Comunidade de Aprendizagem<\/strong>\n<ul>\n<li>Conecte e acelere comunidades regionais de aprendizagem na Am\u00e9rica Latina, \u00c1frica, \u00c1sia e Europa<\/li>\n<li>Integrar a Experi\u00eancia de Lideran\u00e7a como uma estrat\u00e9gia de multiplica\u00e7\u00e3o do DNA GCF<\/li>\n<\/ul>\n<\/li>\n<li><strong>Inova\u00e7\u00e3o<\/strong>\n<ul>\n<li>Crie equipes h\u00edbridas de FlashLab para inovar em projetos-chave (family.fit, Leadership Experience, Family, Regions, Academia)<\/li>\n<\/ul>\n<\/li>\n<\/ul>\n<p>As reuni\u00f5es em Addis incluir\u00e3o representantes de institui\u00e7\u00f5es teol\u00f3gicas, l\u00edderes de igrejas, l\u00edderes de minist\u00e9rios, praticantes locais e jovens l\u00edderes. As reuni\u00f5es do GCF s\u00e3o inovadoras, perspicazes e uma grande comunidade de companheirismo como uma fam\u00edlia.<\/p>\n<p>Se voc\u00ea \u00e9 novo no GCF, tenha certeza de que somos uma comunidade acolhedora! Priorizamos um ambiente acolhedor e amig\u00e1vel, garantindo que os rec\u00e9m-chegados se sintam \u00e0 vontade. Se voc\u00ea est\u00e1 se juntando a n\u00f3s pela primeira vez, estamos felizes em ajud\u00e1-lo a navegar pelo tempo que passamos juntos, ajud\u00e1-lo a fazer novos amigos e a se familiarizar com os diferentes aspectos dos grupos e projetos.<\/p>\n\t<p>Nossos encontros acontecer\u00e3o no <a href=\"https:\/\/www.elianahotel.com\/\" target=\"_blank\" rel=\"noopener\">Grande Eliana Hotel<\/a> localizado aqui:<\/p>\n\t<iframe src=\"https:\/\/www.google.com\/maps\/embed?pb=!1m18!1m12!1m3!1d3940.3685937515565!2d38.74956814206024!3d9.030100697551262!2m3!1f0!2f0!3f0!3m2!1i1024!2i768!4f13.1!3m3!1m2!1s0x164b85f137eb0829%3A0xc367647315386be6!2sEliana%20Hotel%20%7C%20Piazza!5e0!3m2!1sen!2suk!4v1683127388262!5m2!1sen!2suk\" width=\"1020\" height=\"450\" allowfullscreen=\"\" loading=\"lazy\" referrerpolicy=\"no-referrer-when-downgrade\"><\/iframe>\n\t<p>o <em>Grande Eliana Hotel<\/em> est\u00e1 situado a 10 km do Aeroporto Internacional Addis Abeba Bole (ADD).<\/p>\n\t\t\t\t\t\t\t\t\t\t\t\t\t\t\t\t\t<a href=\"https:\/\/staging.gcf.community\/wp-content\/uploads\/2023\/05\/Deluxe-Queen-2-400x300-1.jpg\" target=\"_self\" data-caption=\"\" rel=\"noopener\">\n\t\t\t\t\t\t<figure>\n\t\t\t\t\t\t\t\t\t\t\t\t\t\t\t<img decoding=\"async\" src=\"https:\/\/staging.gcf.community\/wp-content\/uploads\/2023\/05\/Deluxe-Queen-2-400x300-1.jpg\" alt=\"\" \/>\n\t\t\t\t\t\t\t\t\t\t\t\t\t<\/figure>\n\t\t\t\t\t\t\t\t\t\t<\/a>\n\t\t\t\t\t\t\t\t\t\t\t\t\t\t\t\t\t<a href=\"https:\/\/staging.gcf.community\/wp-content\/uploads\/2023\/05\/Eliana-hotel-2-400x300-1.jpg\" target=\"_self\" data-caption=\"\" rel=\"noopener\">\n\t\t\t\t\t\t<figure>\n\t\t\t\t\t\t\t\t\t\t\t\t\t\t\t<img decoding=\"async\" src=\"https:\/\/staging.gcf.community\/wp-content\/uploads\/2023\/05\/Eliana-hotel-2-400x300-1.jpg\" alt=\"\" \/>\n\t\t\t\t\t\t\t\t\t\t\t\t\t<\/figure>\n\t\t\t\t\t\t\t\t\t\t<\/a>\n\t\t\t\t\t\t\t\t\t\t\t\t\t\t\t\t\t<a href=\"https:\/\/staging.gcf.community\/wp-content\/uploads\/2023\/05\/Eliana-hotel-4-400x300-1.jpg\" target=\"_self\" data-caption=\"\" rel=\"noopener\">\n\t\t\t\t\t\t<figure>\n\t\t\t\t\t\t\t\t\t\t\t\t\t\t\t<img decoding=\"async\" src=\"https:\/\/staging.gcf.community\/wp-content\/uploads\/2023\/05\/Eliana-hotel-4-400x300-1.jpg\" alt=\"\" \/>\n\t\t\t\t\t\t\t\t\t\t\t\t\t<\/figure>\n\t\t\t\t\t\t\t\t\t\t<\/a>\n\t\t\t\t\t\t\t\t\t\t\t\t\t\t\t\t\t<a href=\"https:\/\/staging.gcf.community\/wp-content\/uploads\/2023\/05\/Eliana-hotel-5-400x300-1.jpg\" target=\"_self\" data-caption=\"\" rel=\"noopener\">\n\t\t\t\t\t\t<figure>\n\t\t\t\t\t\t\t\t\t\t\t\t\t\t\t<img decoding=\"async\" src=\"https:\/\/staging.gcf.community\/wp-content\/uploads\/2023\/05\/Eliana-hotel-5-400x300-1.jpg\" alt=\"\" \/>\n\t\t\t\t\t\t\t\t\t\t\t\t\t<\/figure>\n\t\t\t\t\t\t\t\t\t\t<\/a>\n\t\t\t\t\t\t\t\t\t\t\t\t\t\t\t\t\t<a href=\"https:\/\/staging.gcf.community\/wp-content\/uploads\/2023\/05\/Eliana-hotel-6-400x300-1.jpg\" target=\"_self\" data-caption=\"\" rel=\"noopener\">\n\t\t\t\t\t\t<figure>\n\t\t\t\t\t\t\t\t\t\t\t\t\t\t\t<img decoding=\"async\" src=\"https:\/\/staging.gcf.community\/wp-content\/uploads\/2023\/05\/Eliana-hotel-6-400x300-1.jpg\" alt=\"\" \/>\n\t\t\t\t\t\t\t\t\t\t\t\t\t<\/figure>\n\t\t\t\t\t\t\t\t\t\t<\/a>\n\t\t\t\t\t\t\t\t\t\t\t\t\t\t\t\t\t<a href=\"https:\/\/staging.gcf.community\/wp-content\/uploads\/2023\/05\/Eliana-hotel-7-400x300-1.jpg\" target=\"_self\" data-caption=\"\" rel=\"noopener\">\n\t\t\t\t\t\t<figure>\n\t\t\t\t\t\t\t\t\t\t\t\t\t\t\t<img decoding=\"async\" src=\"https:\/\/staging.gcf.community\/wp-content\/uploads\/2023\/05\/Eliana-hotel-7-400x300-1.jpg\" alt=\"\" \/>\n\t\t\t\t\t\t\t\t\t\t\t\t\t<\/figure>\n\t\t\t\t\t\t\t\t\t\t<\/a>\n\t\t\t\t\t\t\t\t\t\t\t\t\t\t\t\t\t<a href=\"https:\/\/staging.gcf.community\/wp-content\/uploads\/2023\/05\/Eliana-hotel-8-400x300-1.jpg\" target=\"_self\" data-caption=\"\" rel=\"noopener\">\n\t\t\t\t\t\t<figure>\n\t\t\t\t\t\t\t\t\t\t\t\t\t\t\t<img decoding=\"async\" src=\"https:\/\/staging.gcf.community\/wp-content\/uploads\/2023\/05\/Eliana-hotel-8-400x300-1.jpg\" alt=\"\" \/>\n\t\t\t\t\t\t\t\t\t\t\t\t\t<\/figure>\n\t\t\t\t\t\t\t\t\t\t<\/a>\n\t\t\t\t\t\t\t\t\t\t\t\t\t\t\t\t\t<a href=\"https:\/\/staging.gcf.community\/wp-content\/uploads\/2023\/05\/Eliana-hotel-10-400x300-1.jpg\" target=\"_self\" data-caption=\"\" rel=\"noopener\">\n\t\t\t\t\t\t<figure>\n\t\t\t\t\t\t\t\t\t\t\t\t\t\t\t<img decoding=\"async\" src=\"https:\/\/staging.gcf.community\/wp-content\/uploads\/2023\/05\/Eliana-hotel-10-400x300-1.jpg\" alt=\"\" \/>\n\t\t\t\t\t\t\t\t\t\t\t\t\t<\/figure>\n\t\t\t\t\t\t\t\t\t\t<\/a>\n\t\t\t\t\t\t\t\t\t\t\t\t\t\t\t\t\t<a href=\"https:\/\/staging.gcf.community\/wp-content\/uploads\/2023\/05\/Eliana-hotel-11-400x300-1.jpg\" target=\"_self\" data-caption=\"\" rel=\"noopener\">\n\t\t\t\t\t\t<figure>\n\t\t\t\t\t\t\t\t\t\t\t\t\t\t\t<img decoding=\"async\" src=\"https:\/\/staging.gcf.community\/wp-content\/uploads\/2023\/05\/Eliana-hotel-11-400x300-1.jpg\" alt=\"\" \/>\n\t\t\t\t\t\t\t\t\t\t\t\t\t<\/figure>\n\t\t\t\t\t\t\t\t\t\t<\/a>\n\t\t\t\t\t\t\t\t\t\t\t\t\t\t\t\t\t<a href=\"https:\/\/staging.gcf.community\/wp-content\/uploads\/2023\/05\/Elliana-Gallery-2-400x300-1.jpg\" target=\"_self\" data-caption=\"\" rel=\"noopener\">\n\t\t\t\t\t\t<figure>\n\t\t\t\t\t\t\t\t\t\t\t\t\t\t\t<img decoding=\"async\" src=\"https:\/\/staging.gcf.community\/wp-content\/uploads\/2023\/05\/Elliana-Gallery-2-400x300-1.jpg\" alt=\"\" \/>\n\t\t\t\t\t\t\t\t\t\t\t\t\t<\/figure>\n\t\t\t\t\t\t\t\t\t\t<\/a>\n\t\t\t\t\t\t\t\t\t\t\t\t\t\t\t\t\t<a href=\"https:\/\/staging.gcf.community\/wp-content\/uploads\/2023\/05\/Elliana-Gallery-10-400x300-1.jpg\" target=\"_self\" data-caption=\"\" rel=\"noopener\">\n\t\t\t\t\t\t<figure>\n\t\t\t\t\t\t\t\t\t\t\t\t\t\t\t<img decoding=\"async\" src=\"https:\/\/staging.gcf.community\/wp-content\/uploads\/2023\/05\/Elliana-Gallery-10-400x300-1.jpg\" alt=\"\" \/>\n\t\t\t\t\t\t\t\t\t\t\t\t\t<\/figure>\n\t\t\t\t\t\t\t\t\t\t<\/a>\n\t\t\t\t\t\t\t\t\t\t\t\t\t\t\t\t\t<a href=\"https:\/\/staging.gcf.community\/wp-content\/uploads\/2023\/05\/Elliana-Gallery-15-400x300-1.jpg\" target=\"_self\" data-caption=\"\" rel=\"noopener\">\n\t\t\t\t\t\t<figure>\n\t\t\t\t\t\t\t\t\t\t\t\t\t\t\t<img decoding=\"async\" src=\"https:\/\/staging.gcf.community\/wp-content\/uploads\/2023\/05\/Elliana-Gallery-15-400x300-1.jpg\" alt=\"\" \/>\n\t\t\t\t\t\t\t\t\t\t\t\t\t<\/figure>\n\t\t\t\t\t\t\t\t\t\t<\/a>\n\t\t\t\t\t\t<!-- pagination -->\n\t<h3>Anota\u00e7\u00f5es importantes<\/h3>\n<hr \/>\n<ul>\n<li>Todos os pre\u00e7os abaixo s\u00e3o em d\u00f3lares americanos.<\/li>\n<li>Nossas reuni\u00f5es come\u00e7ar\u00e3o com o jantar na ter\u00e7a-feira, 7 de novembro. Por favor, chegue a tempo para o in\u00edcio das reuni\u00f5es.<\/li>\n<li>Nossas reuni\u00f5es terminar\u00e3o ap\u00f3s o caf\u00e9 da manh\u00e3 no domingo, 12 de novembro. Por favor, planeje ficar durante nossas reuni\u00f5es e organize sua viagem de retorno ap\u00f3s o t\u00e9rmino das reuni\u00f5es.<\/li>\n<\/ul>\n<p><strong>Para quem vem de fora da Eti\u00f3pia:<\/strong><\/p>\n<ul>\n<li>Voc\u00ea precisar\u00e1 fornecer seguro de viagem.<\/li>\n<li>Seu passaporte deve ser v\u00e1lido por seis meses ap\u00f3s a data de entrada.<\/li>\n<\/ul>\n\t\t\t\t\t<a href=\"javascript:void(0);\" id=\"fl-accordion--label-0\" tabindex=\"0\" aria-controls=\"fl-accordion--panel-0\">Covid-19<\/a>\n\t\t\t\t\t\t\t\t\t\t\t<a href=\"#\" id=\"fl-accordion--icon-0\" tabindex=\"-1\" aria-controls=\"fl-accordion--panel-0\"><i>Expandir<\/i><\/a>\n\t\t\t\t\t<ul>\n<li>No momento da reda\u00e7\u00e3o deste artigo (maio de 2023), n\u00e3o \u00e9 necess\u00e1rio fornecer evid\u00eancias de vacina\u00e7\u00e3o contra a Covid-19 ou um resultado de teste negativo recente.<\/li>\n<li><strong>No entanto<\/strong>, alguns pa\u00edses exigem que voc\u00ea apresente comprovante de vacina\u00e7\u00e3o ao voltar para casa. Por favor, verifique com o departamento de imigra\u00e7\u00e3o do seu pa\u00eds se isso se aplica a voc\u00ea.<\/li>\n<li>\u00c9 proibida a entrada na Eti\u00f3pia a qualquer pessoa que saiba estar infetada com Covid-19.<\/li>\n<li>Qualquer pessoa que apresente sintomas de Covid-19 tem o dever de usar adequadamente uma m\u00e1scara facial, fazer o teste e, se receber um resultado positivo, isolar-se at\u00e9 testar negativo.<\/li>\n<li>Observe que as orienta\u00e7\u00f5es podem mudar e \u00e9 sua responsabilidade verificar as recomenda\u00e7\u00f5es do governo nacional sobre viagens para a Eti\u00f3pia.<\/li>\n<li>Pode haver ocasi\u00f5es em que voc\u00ea seja obrigado a usar uma m\u00e1scara para cumprir os regulamentos locais. Por favor, forne\u00e7a sua pr\u00f3pria m\u00e1scara.<\/li>\n<\/ul>\n\t\t\t\t\t<a href=\"javascript:void(0);\" id=\"fl-accordion--label-1\" tabindex=\"0\" aria-controls=\"fl-accordion--panel-1\">Transporte de\/para aeroporto<\/a>\n\t\t\t\t\t\t\t\t\t\t\t<a href=\"#\" id=\"fl-accordion--icon-1\" tabindex=\"-1\" aria-controls=\"fl-accordion--panel-1\"><i>Expandir<\/i><\/a>\n\t\t\t\t\t<ul>\n<li>Forneceremos transporte do Aeroporto Internacional Addis Abeba Bole (ADD) para o local para qualquer chegada na ter\u00e7a-feira, 7 de novembro. O aeroporto fica a aproximadamente 30 minutos de carro do local. Se voc\u00ea chegar fora desse hor\u00e1rio, pode ser necess\u00e1rio providenciar seu pr\u00f3prio transporte, como Ride, Feres etc.<\/li>\n<li>Forneceremos transporte de retorno para o Aeroporto Internacional Addis Abeba Bole (ADD) do local para qualquer partida no domingo, 12 de novembro. Se a sua partida for fora desse hor\u00e1rio, pode ser necess\u00e1rio providenciar seu pr\u00f3prio transporte, como Ride, Feres etc.<\/li>\n<li>O transporte do aeroporto ser\u00e1 em grupos de chegadas. Voc\u00ea pode precisar esperar no aeroporto por um curto per\u00edodo de tempo enquanto outros chegam. Da mesma forma, o transporte de volta ao aeroporto ser\u00e1 grupos de partidas.<\/li>\n<\/ul>\n<h3>\n\t\tAs inscri\u00e7\u00f5es est\u00e3o encerradas.\n\t<\/h3>","protected":false},"excerpt":{"rendered":"","protected":false},"author":1,"featured_media":0,"parent":1574,"menu_order":0,"comment_status":"closed","ping_status":"closed","template":"","meta":{"footnotes":""},"class_list":["post-1576","page","type-page","status-publish"],"_links":{"self":[{"href":"https:\/\/staging.gcf.community\/pt\/wp-json\/wp\/v2\/pages\/1576","targetHints":{"allow":["GET"]}}],"collection":[{"href":"https:\/\/staging.gcf.community\/pt\/wp-json\/wp\/v2\/pages"}],"about":[{"href":"https:\/\/staging.gcf.community\/pt\/wp-json\/wp\/v2\/types\/page"}],"author":[{"embeddable":true,"href":"https:\/\/staging.gcf.community\/pt\/wp-json\/wp\/v2\/users\/1"}],"replies":[{"embeddable":true,"href":"https:\/\/staging.gcf.community\/pt\/wp-json\/wp\/v2\/comments?post=1576"}],"version-history":[{"count":1,"href":"https:\/\/staging.gcf.community\/pt\/wp-json\/wp\/v2\/pages\/1576\/revisions"}],"predecessor-version":[{"id":2301,"href":"https:\/\/staging.gcf.community\/pt\/wp-json\/wp\/v2\/pages\/1576\/revisions\/2301"}],"up":[{"embeddable":true,"href":"https:\/\/staging.gcf.community\/pt\/wp-json\/wp\/v2\/pages\/1574"}],"wp:attachment":[{"href":"https:\/\/staging.gcf.community\/pt\/wp-json\/wp\/v2\/media?parent=1576"}],"curies":[{"name":"wp","href":"https:\/\/api.w.org\/{rel}","templated":true}]}}