{"id":849,"date":"2023-03-14T15:06:36","date_gmt":"2023-03-14T15:06:36","guid":{"rendered":"https:\/\/gcf.community\/?page_id=849"},"modified":"2023-12-16T12:13:52","modified_gmt":"2023-12-16T12:13:52","slug":"tools","status":"publish","type":"page","link":"https:\/\/staging.gcf.community\/es\/tools\/","title":{"rendered":"Herramientas"},"content":{"rendered":"<h1>\n\t\tHerramientas\n\t<\/h1>\n\t<p>Hay una serie de herramientas que hemos desarrollado como parte del trabajo que realiza el Foro Mundial de la Infancia. Estas herramientas pueden ser \u00fatiles en una variedad de contextos, como el pensamiento creativo, la creaci\u00f3n de contenido colaborativo, el trabajo en equipo, la ideaci\u00f3n de proyectos. Algunos de estos se enumeran aqu\u00ed. Pronto se a\u00f1adir\u00e1n m\u00e1s.<\/p>\n<p><a href=\"https:\/\/staging.gcf.community\/es\/tools\/creative-thinking-process\/\">Proceso de pensamiento creativo<\/a><\/p>\n<p><a href=\"https:\/\/staging.gcf.community\/es\/tools\/flashlab\/\">FlashLab<\/a><\/p>\n<p><a href=\"https:\/\/staging.gcf.community\/es\/tools\/thinkramp\/\">pensar rampa<\/a><\/p>","protected":false},"excerpt":{"rendered":"","protected":false},"author":1,"featured_media":0,"parent":0,"menu_order":0,"comment_status":"closed","ping_status":"closed","template":"","meta":{"footnotes":""},"class_list":["post-849","page","type-page","status-publish"],"_links":{"self":[{"href":"https:\/\/staging.gcf.community\/es\/wp-json\/wp\/v2\/pages\/849","targetHints":{"allow":["GET"]}}],"collection":[{"href":"https:\/\/staging.gcf.community\/es\/wp-json\/wp\/v2\/pages"}],"about":[{"href":"https:\/\/staging.gcf.community\/es\/wp-json\/wp\/v2\/types\/page"}],"author":[{"embeddable":true,"href":"https:\/\/staging.gcf.community\/es\/wp-json\/wp\/v2\/users\/1"}],"replies":[{"embeddable":true,"href":"https:\/\/staging.gcf.community\/es\/wp-json\/wp\/v2\/comments?post=849"}],"version-history":[{"count":1,"href":"https:\/\/staging.gcf.community\/es\/wp-json\/wp\/v2\/pages\/849\/revisions"}],"predecessor-version":[{"id":2362,"href":"https:\/\/staging.gcf.community\/es\/wp-json\/wp\/v2\/pages\/849\/revisions\/2362"}],"wp:attachment":[{"href":"https:\/\/staging.gcf.community\/es\/wp-json\/wp\/v2\/media?parent=849"}],"curies":[{"name":"wp","href":"https:\/\/api.w.org\/{rel}","templated":true}]}}