{"id":808,"date":"2023-03-14T14:57:44","date_gmt":"2023-03-14T14:57:44","guid":{"rendered":"https:\/\/gcf.community\/?page_id=808"},"modified":"2023-03-16T12:24:37","modified_gmt":"2023-03-16T12:24:37","slug":"goplay","status":"publish","type":"page","link":"https:\/\/staging.gcf.community\/es\/related\/goplay\/","title":{"rendered":"Ir a jugar"},"content":{"rendered":"<h3>\n\t\tRelacionado\n\t<\/h3>\n<h1>\n\t\tIr a jugar\n\t<\/h1>\n\t<h4>\u00bfQu\u00e9 es GOPlay?<\/h4>\n<p>GOPlay is part of the sport movement. GOPlay focuses on children, teens, families, and communities &#8211; and is therefore open to all. The six priorities of the sport movement are going to unreached people and places, praying strategically, empowering local leaders and teams, and mobilizing every church.<\/p>\n<p>The sport movement sees this phase as a season to develop leaders and team &#8211; mature and multiplying leaders &#8211; supporting and praying for more workers of the harvest (Matthew 9:38). These leaders and teams need to be prepared for going to the GAPS &#8211; places and groups of people where there are no sports ministry leaders and teams making disciples for Jesus.<\/p>\n<p>GOPlay est\u00e1 operando en este ecosistema de movimiento deportivo m\u00e1s grande. En la \u00faltima d\u00e9cada hemos contado con recursos de capacitaci\u00f3n competentes para formar l\u00edderes que trabajen espec\u00edficamente con ni\u00f1os y adolescentes. Este ha sido nuestro gran enfoque. En colaboraci\u00f3n con GCF y GO Health &amp; Fitness, hemos explorado el potencial de ayudar a las familias a discipular activamente a sus hijos y estar en misi\u00f3n en sus comunidades locales. Vemos esta como la temporada de ir y ayudar a las familias en todas partes, anim\u00e1ndolas tambi\u00e9n a IR a sus GAPS.<\/p>\n<h4>Prioridades estrat\u00e9gicas 2023-2025<\/h4>\n<ol>\n<li>Millones de familias en misi\u00f3n<\/li>\n<li>Kids and Youth Leadership Journeys &#8211; apprenticeships<\/li>\n<li>Multiply Schools &#8211; mobilize leaders to start and continue GOPlay disciple-making strategies &#8211; hybrid and face-to-face equipping of leaders and teams.<\/li>\n<li>Contin\u00fae agudizando y movilizando estrategias activas para hacer disc\u00edpulos en todo el cuerpo de Cristo a trav\u00e9s de estrategias GOPlay como Kids Games, WLC, CCON y festivales.<\/li>\n<li>Continuar fortaleciendo alianzas y colaboraci\u00f3n con otros movimientos y organizaciones con sinergia a nuestra visi\u00f3n.<\/li>\n<\/ol>","protected":false},"excerpt":{"rendered":"","protected":false},"author":1,"featured_media":0,"parent":853,"menu_order":0,"comment_status":"closed","ping_status":"closed","template":"","meta":{"footnotes":""},"class_list":["post-808","page","type-page","status-publish"],"_links":{"self":[{"href":"https:\/\/staging.gcf.community\/es\/wp-json\/wp\/v2\/pages\/808","targetHints":{"allow":["GET"]}}],"collection":[{"href":"https:\/\/staging.gcf.community\/es\/wp-json\/wp\/v2\/pages"}],"about":[{"href":"https:\/\/staging.gcf.community\/es\/wp-json\/wp\/v2\/types\/page"}],"author":[{"embeddable":true,"href":"https:\/\/staging.gcf.community\/es\/wp-json\/wp\/v2\/users\/1"}],"replies":[{"embeddable":true,"href":"https:\/\/staging.gcf.community\/es\/wp-json\/wp\/v2\/comments?post=808"}],"version-history":[{"count":0,"href":"https:\/\/staging.gcf.community\/es\/wp-json\/wp\/v2\/pages\/808\/revisions"}],"up":[{"embeddable":true,"href":"https:\/\/staging.gcf.community\/es\/wp-json\/wp\/v2\/pages\/853"}],"wp:attachment":[{"href":"https:\/\/staging.gcf.community\/es\/wp-json\/wp\/v2\/media?parent=808"}],"curies":[{"name":"wp","href":"https:\/\/api.w.org\/{rel}","templated":true}]}}