{"id":804,"date":"2023-03-14T14:57:09","date_gmt":"2023-03-14T14:57:09","guid":{"rendered":"https:\/\/gcf.community\/?page_id=804"},"modified":"2023-10-03T23:06:30","modified_gmt":"2023-10-03T22:06:30","slug":"about","status":"publish","type":"page","link":"https:\/\/staging.gcf.community\/es\/about\/","title":{"rendered":"Acerca de"},"content":{"rendered":"<h1>\n\t\tDescripci\u00f3n general\n\t<\/h1>\n<h3>\n\t\t\u00bfQuienes somos?\n\t<\/h3>\n\t<p>Somos una red asociada de m\u00e1s de 100 organizaciones, grandes y peque\u00f1as, locales e internacionales, que se han unido en torno a los ni\u00f1os y el evangelio. nos adherimos a la <a href=\"https:\/\/lausanne.org\/content\/covenant\/lausanne-covenant#cov\" target=\"_blank\" rel=\"noopener\">Pacto de Lausana<\/a> en asuntos de creencia cristiana y buscar vivir los valores del reino de Dios en todo lo que hacemos.<\/p>\n<p>Dado que dos tercios de los 2.200 millones de ni\u00f1os del mundo no se ven afectados por nuestros esfuerzos actuales, algo tiene que cambiar... r\u00e1pidamente. Como resultado, nos desafiamos unos a otros a pensar b\u00edblicamente sobre el ministerio con ni\u00f1os y a explorar el mejor pensamiento misional de todo el mundo. A medida que combinamos esto con un ambiente de pensamiento creativo e innovador, est\u00e1n surgiendo y compartiendo nuevas y maravillosas formas de ministrar con ni\u00f1os, l\u00edderes, iglesias y familias.<\/p>\n<p>La tecnolog\u00eda permite que personas de todo el mundo trabajen juntas continuamente en proyectos y exploren nuevas ideas. Aproximadamente cada dos a\u00f1os tenemos una reuni\u00f3n mundial cara a cara m\u00e1s grande. Entre estos tiempos, grupos m\u00e1s peque\u00f1os se re\u00fanen cuando surge la necesidad. Intentamos reunirnos en diferentes lugares del mundo para permitir que asista una amplia variedad de personas.<\/p>\n<p>Todo esto se logra a trav\u00e9s de asociaciones globales con esp\u00edritu de servicio. Nuestro deseo es ver herramientas efectivas y pensamiento innovador disponibles para todo el Cuerpo de Cristo. En los sitios web del FCM descubrir\u00e1 muchos recursos y modelos ministeriales que no tienen costo ni restricciones de derechos de autor; si\u00e9ntase libre de traducirlos, usarlos, mejorarlos, agregarles y transmitirlos a otros.<\/p>\n<p>Sabemos que no somos la \u00fanica respuesta al desaf\u00edo global del evangelismo y discipulado de los ni\u00f1os. Nos consideramos levadura que ayuda a que suba todo el lote de masa. Aunque peque\u00f1os, buscamos servir de tal manera que cada iglesia y cada organizaci\u00f3n pueda beneficiarse de nuestros esfuerzos.<\/p>\n<h3>\n\t\tlo que valoramos\n\t<\/h3>\n\t<p>Unos y otros<\/p>\n\t<p>Trabajando juntos<\/p>\n\t<p>amor y humildad<\/p>\n\t<p>compartiendo generosamente<\/p>\n\t<p>Coraje y creatividad<\/p>\n<h3>\n\t\tPrioridades estrat\u00e9gicas\n\t<\/h3>\n\t<p>La prioridad de GCF es ayudar al pueblo de Dios a hacer disc\u00edpulos entre los ni\u00f1os y ayudarlos a experimentar el shalom de Dios. Se presta especial atenci\u00f3n a esto dentro del contexto de la familia y los ni\u00f1os en situaci\u00f3n de riesgo. Creemos que el objetivo final de esto es equipar y animar a los ni\u00f1os a ser contribuyentes activos a la misi\u00f3n de Dios y su comunidad.<\/p>\n<ol>\n<li>Facilitar a la comunidad compartir conocimientos, herramientas y oportunidades.<\/li>\n<li>Facilitar la asociaci\u00f3n para lograr m\u00e1s juntos de lo que podemos lograr separados<\/li>\n<li>Alentar y facilitar una generosa liberaci\u00f3n de recursos dentro de un marco de c\u00f3digo abierto<\/li>\n<li>Fortalecer la colaboraci\u00f3n, especialmente en torno a las familias misionales.<\/li>\n<li>Reformar el liderazgo, integrando a l\u00edderes m\u00e1s j\u00f3venes<\/li>\n<li>Desarrollar pilotos regionales de comunidades de aprendizaje<\/li>\n<li>Ampliar el alcance estrat\u00e9gico de la Experiencia de Liderazgo (LE) del GCF<\/li>\n<li>Despliegue FlashLab y otras herramientas de innovaci\u00f3n<\/li>\n<\/ol>","protected":false},"excerpt":{"rendered":"","protected":false},"author":1,"featured_media":0,"parent":0,"menu_order":0,"comment_status":"closed","ping_status":"closed","template":"","meta":{"footnotes":""},"class_list":["post-804","page","type-page","status-publish"],"_links":{"self":[{"href":"https:\/\/staging.gcf.community\/es\/wp-json\/wp\/v2\/pages\/804","targetHints":{"allow":["GET"]}}],"collection":[{"href":"https:\/\/staging.gcf.community\/es\/wp-json\/wp\/v2\/pages"}],"about":[{"href":"https:\/\/staging.gcf.community\/es\/wp-json\/wp\/v2\/types\/page"}],"author":[{"embeddable":true,"href":"https:\/\/staging.gcf.community\/es\/wp-json\/wp\/v2\/users\/1"}],"replies":[{"embeddable":true,"href":"https:\/\/staging.gcf.community\/es\/wp-json\/wp\/v2\/comments?post=804"}],"version-history":[{"count":1,"href":"https:\/\/staging.gcf.community\/es\/wp-json\/wp\/v2\/pages\/804\/revisions"}],"predecessor-version":[{"id":2237,"href":"https:\/\/staging.gcf.community\/es\/wp-json\/wp\/v2\/pages\/804\/revisions\/2237"}],"wp:attachment":[{"href":"https:\/\/staging.gcf.community\/es\/wp-json\/wp\/v2\/media?parent=804"}],"curies":[{"name":"wp","href":"https:\/\/api.w.org\/{rel}","templated":true}]}}