{"id":792,"date":"2023-03-14T14:54:06","date_gmt":"2023-03-14T14:54:06","guid":{"rendered":"https:\/\/gcf.community\/?page_id=792"},"modified":"2023-03-16T12:19:08","modified_gmt":"2023-03-16T12:19:08","slug":"brokenness-to-wholeness-framework","status":"publish","type":"page","link":"https:\/\/staging.gcf.community\/es\/about\/brokenness-to-wholeness-framework\/","title":{"rendered":"Marco de Quebrantamiento a la Totalidad"},"content":{"rendered":"<h3>\n\t\tAcerca de\n\t<\/h3>\n<h1>\n\t\tMarco de Quebrantamiento a la Totalidad\n\t<\/h1>\n\t\t\t\t<img loading=\"lazy\" decoding=\"async\" src=\"https:\/\/staging.gcf.community\/wp-content\/uploads\/2023\/03\/Brokennes-to-Wholeness-2018.jpg\" alt=\"Brokennes to Wholeness 2018\" itemprop=\"image\" height=\"1084\" width=\"1200\" title=\"Quebrantados a la Plenitud 2018\" onerror=\"this.style.display='none'\"  \/>\n\t<p>Este diagrama muestra el camino desde el Quebrantamiento del pecado hasta la Plenitud del shalom.<\/p>\n<p>Los dos ejes representan las dos esferas de quebrantamiento.<\/p>\n<h4>Eje horizontal<\/h4>\n<p>El quebrantamiento f\u00edsico, personal y social se evidencia en la pobreza, la guerra, el abuso, la enfermedad, etc. Los programas de ayuda y desarrollo pueden ayudar a llevar a estos ni\u00f1os a un entorno seguro y saludable donde puedan desarrollarse personalmente y contribuir a la sociedad.<\/p>\n<h4>Eje vertical<\/h4>\n<p>La separaci\u00f3n espiritual de Dios a trav\u00e9s del pecado y la ignorancia se cura cuando la iglesia se acerca, comparte el Evangelio y los gu\u00eda a una relaci\u00f3n con Dios. Como parte de la comunidad de Su Cuerpo, su relaci\u00f3n con Dios se fortalece y se les permite convertirse en participantes activos de Su obra.<\/p>\n<p>All children are currently somewhere on this matrix &#8211; experiencing different levels of brokenness and wholeness in different areas of their lives. Our goal is to move them closer to the complete wholeness of Shalom, found in the upper right quadrant.<\/p>","protected":false},"excerpt":{"rendered":"","protected":false},"author":1,"featured_media":0,"parent":804,"menu_order":0,"comment_status":"closed","ping_status":"closed","template":"","meta":{"footnotes":""},"class_list":["post-792","page","type-page","status-publish"],"_links":{"self":[{"href":"https:\/\/staging.gcf.community\/es\/wp-json\/wp\/v2\/pages\/792","targetHints":{"allow":["GET"]}}],"collection":[{"href":"https:\/\/staging.gcf.community\/es\/wp-json\/wp\/v2\/pages"}],"about":[{"href":"https:\/\/staging.gcf.community\/es\/wp-json\/wp\/v2\/types\/page"}],"author":[{"embeddable":true,"href":"https:\/\/staging.gcf.community\/es\/wp-json\/wp\/v2\/users\/1"}],"replies":[{"embeddable":true,"href":"https:\/\/staging.gcf.community\/es\/wp-json\/wp\/v2\/comments?post=792"}],"version-history":[{"count":0,"href":"https:\/\/staging.gcf.community\/es\/wp-json\/wp\/v2\/pages\/792\/revisions"}],"up":[{"embeddable":true,"href":"https:\/\/staging.gcf.community\/es\/wp-json\/wp\/v2\/pages\/804"}],"wp:attachment":[{"href":"https:\/\/staging.gcf.community\/es\/wp-json\/wp\/v2\/media?parent=792"}],"curies":[{"name":"wp","href":"https:\/\/api.w.org\/{rel}","templated":true}]}}