{"id":788,"date":"2023-03-14T14:52:26","date_gmt":"2023-03-14T14:52:26","guid":{"rendered":"https:\/\/gcf.community\/?page_id=788"},"modified":"2023-08-30T15:39:41","modified_gmt":"2023-08-30T14:39:41","slug":"writing-process","status":"publish","type":"page","link":"https:\/\/staging.gcf.community\/es\/tools\/flashlab\/writing-process\/","title":{"rendered":"Proceso de escritura"},"content":{"rendered":"<h1>\n\t\tProceso de escritura de FlashLab\n\t<\/h1>\n\t<p>Cada equipo de trabajo estar\u00e1 partiendo de un punto diferente, por lo que cada uno tendr\u00e1 diferentes tareas a realizar. Algunos equipos no tienen sesiones de capacitaci\u00f3n escritas en su tema general, mientras que otros equipos tienen la mayor\u00eda de las sesiones de capacitaci\u00f3n escritas. Sin embargo, como estamos creando nuevas herramientas adem\u00e1s de las sesiones de capacitaci\u00f3n, habr\u00e1 muchas tareas para que cada equipo las realice.<\/p>\n\t\t\t\t<img loading=\"lazy\" decoding=\"async\" src=\"https:\/\/staging.gcf.community\/wp-content\/uploads\/2023\/03\/flashlab-process.png\" alt=\"flashlab process\" itemprop=\"image\" height=\"222\" width=\"900\" title=\"proceso de laboratorio flash\" onerror=\"this.style.display='none'\">\n\t<p>This writing process below is indicative only. Each team&#8217;s facilitator will be shaping a process that will uniquely work for their team. Your team will need to:<\/p>\n<h5>Entender toda la tarea<\/h5>\n<p>Audite y comprenda el \u00e1rea de contenido en la que est\u00e1 trabajando su equipo. Comprenda c\u00f3mo las sesiones\/partes encajan en el panorama general.<\/p>\n<ul>\n<li>\u00bfQu\u00e9 nuevos componentes est\u00e1s haciendo? \u00bfPor qu\u00e9?<\/li>\n<li>\u00bfCu\u00e1l es el problema que est\u00e1 tratando de resolver?<\/li>\n<li>Comprenda las plantillas y c\u00f3mo encaja cada pieza.<\/li>\n<\/ul>\n<h5>Hacer un plan<\/h5>\n<p>Mientras planean, h\u00e1ganse estas preguntas.<\/p>\n<ul>\n<li>\u00bfQu\u00e9 podemos priorizar para hacer en este per\u00edodo de tiempo de FlashLab?<\/li>\n<li>\u00bfCu\u00e1les son los vac\u00edos y las tareas a completar?<\/li>\n<li>\u00bfCu\u00e1les ser\u00e1n los equipos y sub-equipos? \u00bfRoles?<\/li>\n<li>\u00bfQui\u00e9n har\u00e1 qu\u00e9 tareas?<\/li>\n<li>\u00bfC\u00f3mo podemos continuar despu\u00e9s de este FlashLab?<\/li>\n<\/ul>\n\t\t\t\t<img loading=\"lazy\" decoding=\"async\" src=\"https:\/\/staging.gcf.community\/wp-content\/uploads\/2023\/03\/Stretch-play-choose.png\" alt=\"Stretch play choose\" itemprop=\"image\" height=\"258\" width=\"600\" title=\"Estirar jugar elegir\" onerror=\"this.style.display='none'\">\n\t<h5>Lluvia de ideas, crear, escribir y revisar<\/h5>\n<p>Vea el proceso de 1 a 7 a continuaci\u00f3n.<\/p>\n\t\t\t\t<a href=\"https:\/\/staging.gcf.community\/wp-content\/uploads\/2023\/03\/brainstorm.png\" target=\"_self\" itemprop=\"url\" rel=\"noopener\">\n\t\t\t\t<img loading=\"lazy\" decoding=\"async\" src=\"https:\/\/staging.gcf.community\/wp-content\/uploads\/2023\/03\/brainstorm.png\" alt=\"brainstorm\" itemprop=\"image\" height=\"781\" width=\"1200\" title=\"idea genial\" onerror=\"this.style.display='none'\">\n\t\t\t\t<\/a>\n\t<h5>Celebra todo lo que Dios ha hecho<\/h5>\n<p>Let&#8217;s see what God can do in our midst as we labor together.<\/p>","protected":false},"excerpt":{"rendered":"","protected":false},"author":1,"featured_media":0,"parent":1917,"menu_order":0,"comment_status":"closed","ping_status":"closed","template":"","meta":{"footnotes":""},"class_list":["post-788","page","type-page","status-publish"],"_links":{"self":[{"href":"https:\/\/staging.gcf.community\/es\/wp-json\/wp\/v2\/pages\/788","targetHints":{"allow":["GET"]}}],"collection":[{"href":"https:\/\/staging.gcf.community\/es\/wp-json\/wp\/v2\/pages"}],"about":[{"href":"https:\/\/staging.gcf.community\/es\/wp-json\/wp\/v2\/types\/page"}],"author":[{"embeddable":true,"href":"https:\/\/staging.gcf.community\/es\/wp-json\/wp\/v2\/users\/1"}],"replies":[{"embeddable":true,"href":"https:\/\/staging.gcf.community\/es\/wp-json\/wp\/v2\/comments?post=788"}],"version-history":[{"count":0,"href":"https:\/\/staging.gcf.community\/es\/wp-json\/wp\/v2\/pages\/788\/revisions"}],"up":[{"embeddable":true,"href":"https:\/\/staging.gcf.community\/es\/wp-json\/wp\/v2\/pages\/1917"}],"wp:attachment":[{"href":"https:\/\/staging.gcf.community\/es\/wp-json\/wp\/v2\/media?parent=788"}],"curies":[{"name":"wp","href":"https:\/\/api.w.org\/{rel}","templated":true}]}}