{"id":776,"date":"2023-03-14T14:43:06","date_gmt":"2023-03-14T14:43:06","guid":{"rendered":"https:\/\/gcf.community\/?page_id=776"},"modified":"2023-03-17T07:15:29","modified_gmt":"2023-03-17T07:15:29","slug":"venue-information","status":"publish","type":"page","link":"https:\/\/staging.gcf.community\/es\/events\/brazil2023\/venue-information\/","title":{"rendered":"Informaci\u00f3n del lugar"},"content":{"rendered":"<h3>\n\t\tBrasil 2023\n\t<\/h3>\n<h1>\n\t\tInformaci\u00f3n del lugar\n\t<\/h1>\n\t<h4>Wifi<\/h4>\n<p>Seleccione FAROL_WIFI. Se le pedir\u00e1 que complete un sencillo formulario de registro.<\/p>\n<h4>Horas de comer<\/h4>\n<p>Por favor, tenga en cuenta las horas de las comidas. El restaurante est\u00e1 ubicado en el nivel inferior.<\/p>\n<ul>\n<li>Breakfast: 8 &#8211; 10am<\/li>\n<li>Lunch: 12 &#8211; 2pm<\/li>\n<li>Dinner: 7 &#8211; 9pm<\/li>\n<\/ul>\n<h4>Para los que se alojen en el Ibis<\/h4>\n<p>Para aquellos que se alojen en IBIS, se ofrece un servicio de transporte antes del desayuno y un viaje de regreso despu\u00e9s de la cena. Por favor traiga todo lo que pueda necesitar durante el d\u00eda al lugar. Si necesita hacer un viaje adicional al hotel, h\u00e1gase amigo de alguien que est\u00e9 aqu\u00ed con su auto, o hable con Val o Liz para ayudar a coordinar un taxi.<\/p>\n<h4>mercado \/ tienda<\/h4>\n<p>If you forgot, or run out of, any essentials please feel free to check out the store (open 10am &#8211; 6pm).<\/p>\n<p>El IBIS est\u00e1 ubicado al lado de un centro comercial. Si desea explorar, consulte con el personal del hotel acerca de compartir un viaje con quienes se hospedan en el IBIS. Deber\u00e1 coordinar su propio viaje de regreso. El centro comercial cierra a las 22:00.<\/p>\n<h4>Actividades<\/h4>\n<ul>\n<li>Pool hours: 9am &#8211; 6pm<\/li>\n<li>Court hours: 7am &#8211; 10pm<\/li>\n<li>Lake activities (kayak, hammocks and paddle boats): 10am &#8211; 5pm<\/li>\n<\/ul>\n<h4>Secadoras de cabello<\/h4>\n<p>Hay algunos secadores de pelo que se pueden pedir prestados en el hotel. Por favor, pregunte en la recepci\u00f3n. Aseg\u00farese de devolver el secador de pelo a la recepci\u00f3n cuando haya terminado de usarlo.<\/p>\n<h4>Agua<\/h4>\n<p>El agua de la habitaci\u00f3n y del restaurante est\u00e1n incluidos. Tenga en cuenta que la fuente de agua (en la gran jarra azul) cerca del auditorio proviene de un pozo de agua local.<\/p>","protected":false},"excerpt":{"rendered":"","protected":false},"author":1,"featured_media":0,"parent":919,"menu_order":0,"comment_status":"closed","ping_status":"closed","template":"","meta":{"footnotes":""},"class_list":["post-776","page","type-page","status-publish"],"_links":{"self":[{"href":"https:\/\/staging.gcf.community\/es\/wp-json\/wp\/v2\/pages\/776","targetHints":{"allow":["GET"]}}],"collection":[{"href":"https:\/\/staging.gcf.community\/es\/wp-json\/wp\/v2\/pages"}],"about":[{"href":"https:\/\/staging.gcf.community\/es\/wp-json\/wp\/v2\/types\/page"}],"author":[{"embeddable":true,"href":"https:\/\/staging.gcf.community\/es\/wp-json\/wp\/v2\/users\/1"}],"replies":[{"embeddable":true,"href":"https:\/\/staging.gcf.community\/es\/wp-json\/wp\/v2\/comments?post=776"}],"version-history":[{"count":0,"href":"https:\/\/staging.gcf.community\/es\/wp-json\/wp\/v2\/pages\/776\/revisions"}],"up":[{"embeddable":true,"href":"https:\/\/staging.gcf.community\/es\/wp-json\/wp\/v2\/pages\/919"}],"wp:attachment":[{"href":"https:\/\/staging.gcf.community\/es\/wp-json\/wp\/v2\/media?parent=776"}],"curies":[{"name":"wp","href":"https:\/\/api.w.org\/{rel}","templated":true}]}}