{"id":717,"date":"2023-02-23T07:22:21","date_gmt":"2023-02-23T07:22:21","guid":{"rendered":"https:\/\/gcf.community\/?page_id=717"},"modified":"2023-03-17T05:45:30","modified_gmt":"2023-03-17T05:45:30","slug":"travel-information","status":"publish","type":"page","link":"https:\/\/staging.gcf.community\/es\/events\/brazil2023\/travel-information\/","title":{"rendered":"Informaci\u00f3n de viaje"},"content":{"rendered":"<h3>\n\t\tBrasil 2023\n\t<\/h3>\n<h1>\n\t\tInformaci\u00f3n de viaje\n\t<\/h1>\n\t<p>Puede encontrar \u00fatil la siguiente informaci\u00f3n.<\/p>\n<p>Si desea descargar esta informaci\u00f3n en formato PDF, puede hacerlo haciendo clic en el bot\u00f3n a continuaci\u00f3n.<\/p>\n\t<a href=\"https:\/\/staging.gcf.community\/wp-content\/uploads\/2023\/02\/Brazil-2023-Meetings-INFORMATION.pdf\" target=\"_self\" role=\"button\" download=\"Brazil-2023-Meetings-INFORMATION.pdf\" aria-label=\"Descargar PDF\" rel=\"noopener\">\n\t\t\t\t\t\tDescargar PDF\n\t\t\t\t\t<\/a>\n\t\t\t\tInformaci\u00f3n del contacto\n\t\t\t\t<p>La direcci\u00f3n del local es:<\/p>\n<p>Farol IBM Alphaville, Camino Concordia Salus 3100\/3500, Jacare\u00ed, SP 12334-080<\/p>\n<p>El enlace de Waze para direcciones es: <a href=\"https:\/\/waze.com\/ul\/h6gz78gccg\" target=\"_blank\" rel=\"noopener\">https:\/\/waze.com\/ul\/h6gz78gccg<\/a><\/p>\n<p>Tel\u00e9fono: <a href=\"tel:+5511947276718\">+55 11 94727-6718<\/a><\/p>\n\t\t\t\tEn caso de emergencia\n\t\t\t\t<p><strong>valle<\/strong><br \/>Tel\u00e9fono: <a href=\"tel:+5511981120201\">+55 11 98112-0201<\/a> <br \/>Correo electr\u00f3nico: <a href=\"mailto:valbygill@gmail.com\">valbygill@gmail.com<\/a><\/p>\n<p><strong>Jaime<br \/><\/strong>Tel\u00e9fono: <a href=\"tel:+447506789420\">+44 7506 789420<\/a> <br \/>Correo electr\u00f3nico: <a href=\"mailto:james@perfectlydigital.net\">james@perfectlydigital.net<\/a><\/p>\n<p><strong>pedro<br \/><\/strong>Tel\u00e9fono: <a href=\"tel:+351916686956\">+351 916 686 956<\/a> <br \/>Correo electr\u00f3nico: <a href=\"mailto:pedritomateus@gmail.com\">pedritomateus@gmail.com<\/a><\/p>\n\t\t\t\tTransporte desde el aeropuerto\n\t\t\t\t<p>Se proporcionan traslados desde el aeropuerto y de regreso. No necesita reservar su propio traslado. Arreglaremos los detalles de esto y le haremos saber los detalles m\u00e1s cerca del momento. Esto incluir\u00e1 d\u00f3nde encontrar el servicio de traslado y cualquier otra persona que viajar\u00e1 al lugar con usted.<\/p>\n\t\t\t\tClima en S\u00e3o Paulo\n\t\t\t\t<p>La temperatura media en S\u00e3o Paulo en marzo es de 20-28\u00b0C. Ser\u00e1 el final de la temporada de lluvias. Dado que es el final de la temporada de lluvias, le recomendamos que traiga repelente de mosquitos. \u00a0<\/p>\n<p>The venue is located in the outskirts of the city (about an hour&#8217;s drive from S\u00e3o Paulo airport) in a wooded area.<\/p>\n\t\t\t\tQu\u00e9 ponerse\n\t\t\t\t<p>Nuestros tiempos de reuni\u00f3n ser\u00e1n atuendos casuales. Pantalones cortos, jeans, pantalones, camisetas, vestidos, todos son atuendos adecuados, lo que sea c\u00f3modo. No hay necesidad de trajes, corbatas o ropa formal.\u00a0<\/p>\n\t\t\t\tTiempo\n\t\t\t\t<p>The time in S\u00e3o Paulo is GMT &#8211; 3.<\/p>\n\t\t\t\tElectr\u00f3nica\n\t\t\t\t<p><img loading=\"lazy\" decoding=\"async\" src=\"https:\/\/staging.gcf.community\/wp-content\/uploads\/2023\/02\/socket.png\" alt=\"\" width=\"193\" height=\"193\" \/>El voltaje en S\u00e3o Paulo es 220, sin embargo el enchufe es diferente. Los enchufes en el lugar requieren tres puntas como se muestra en la imagen. Estos se llaman Tipo N. Querr\u00e1 traer un adaptador.<\/p>\n\t\t\t\tIdioma\n\t\t\t\t<p>El idioma ingl\u00e9s no se habla ampliamente. Si quieres impresionar a algunos lugare\u00f1os, aprende algunas de las palabras y expresiones portuguesas como: \u00a0<\/p>\n<ul>\n<li>Bom dia (buenos d\u00edas)<\/li>\n<li>Boa noite (buenas noches)<\/li>\n<li>Obrigada (thank you &#8211; if you are female)<\/li>\n<li>Obrigado (thank you &#8211; if you are male)<\/li>\n<li>Legal (genial)<\/li>\n<\/ul>\n\t\t\t\tEfectivo \/ tarjetas\n\t\t\t\t<p>La mayor\u00eda de los lugares aceptar\u00e1n tarjetas de cr\u00e9dito y d\u00e9bito (Visa y Mastercard). American Express no es tan ampliamente aceptado. Si desea convertir a dinero local (REAL), puede recuperar fondos de cajeros autom\u00e1ticos regulares o en Cambio. Para cambiar fondos a d\u00f3lares, se le cobrar\u00e1n tarifas a fondos locales y luego una segunda vez para convertir a d\u00f3lares. Si ha hecho arreglos para pagar una parte de sus costos en efectivo, le recomendamos que haga el cambio en su pa\u00eds local a d\u00f3lares. \u00a0<\/p>\n\t\t\t\tM\u00e9dico\n\t\t\t\t<p>Si tiene alguna afecci\u00f3n m\u00e9dica preexistente, le pedimos que nos lo notifique, en particular, cualquier alergia alimentaria o ambiental. Hay primeros auxilios disponibles en las instalaciones, pero cualquier problema de salud importante requerir\u00e1 una visita a un m\u00e9dico local. Aseg\u00farese de tener una copia impresa de los datos de contacto de su seguro y el n\u00famero de p\u00f3liza.<\/p>\n<p>Si est\u00e1 tomando medicamentos, debe traer una copia de sus recetas con usted. Tambi\u00e9n es una buena idea llevar un suministro de sus recetas tanto en su equipaje de mano como en el facturado en caso de que se pierda.<\/p>\n\t\t\t\tServicios del hotel\n\t\t\t\t<p>El lugar proporciona jab\u00f3n l\u00edquido, champ\u00fa, acondicionador y loci\u00f3n. Tambi\u00e9n hay tres secadores de pelo que se pueden pedir prestados y devolverlos a la recepci\u00f3n despu\u00e9s de su uso. Tenga en cuenta que el papel higi\u00e9nico debe ir a la papelera y no al inodoro.<\/p>\n\t\t\t\tInternet\n\t\t\t\t<p>Habr\u00e1 Internet en todo el lugar donde nos hospedaremos y nos reuniremos. Tenga en cuenta que puede ser m\u00e1s lento durante el tiempo libre cuando las personas intentan conectarse.<\/p>\n\t\t\t\tsaludos culturales\n\t\t\t\t<p>Como probablemente sepa, los brasile\u00f1os son muy relacionales y les encanta el contacto personal cuando se conectan con usted. Es posible que muchos quieran abrazarte cuando te saludan, especialmente aquellos con los que comienzas a relacionarte m\u00e1s de una o dos veces. Han sido m\u00e1s sensibles desde el COVID, pero encontrar\u00e1s algunos que a\u00fan querr\u00e1n saludarte con abrazos cada vez que se reconecten contigo. Si desea mantener la distancia, aseg\u00farese de estirar la mano para estrechar la mano o usar una m\u00e1scara. Esta ser\u00e1 una se\u00f1al de que est\u00e1s siendo m\u00e1s cauteloso y prefieres abstenerte de los toques amorosos adicionales.\u00a0<\/p>\n\t\t\t\tCuando fuera del lugar\n\t\t\t\t<p><strong>Haz copias de tus documentos<br \/><\/strong>En Brasil se requiere llevar una prueba de identidad y, aunque es posible que nunca se le pida que la muestre, en los raros casos en que lo hace, se espera que la tenga. En lugar de llevar su pasaporte, licencia de conducir o cualquier otra forma de identidad en su persona, solo lleve fotocopias claras y limpias de su identidad, asegur\u00e1ndose de que sea una identificaci\u00f3n con foto.<\/p>\n<p><strong>Monederos \/ bolsas<br \/><\/strong>A bag that crosses over your body is the best kind. Avoid carrying around larger, expensive handbags or bags with an open pocket which is easy for pick-pocketing. Don&#8217;t leave your bag unattended.<\/p>\n<p>Evite colgar sus bolsas en el respaldo de las sillas, ya que es f\u00e1cil que una persona tome sus cosas y huya r\u00e1pidamente. Mantenga sus pertenencias cerca de su cuerpo o en la silla a su lado.<\/p>\n<p><strong>Celulares<br \/><\/strong>Evite que su tel\u00e9fono celular sea visible cuando camine al aire libre. No guarde su tel\u00e9fono celular en su bolsillo trasero o en un bolsillo lateral de su bolso donde sea f\u00e1cil de agarrar.<\/p>\n<p><strong>cruce de calles<br \/><\/strong>Double check EVEN if there is green man telling you are allowed to cross. It&#8217;s common for cars to start speeding up from far away when the light has turned yellow and go through as it turns red.<\/p>","protected":false},"excerpt":{"rendered":"","protected":false},"author":1,"featured_media":0,"parent":919,"menu_order":0,"comment_status":"closed","ping_status":"closed","template":"","meta":{"footnotes":""},"class_list":["post-717","page","type-page","status-publish"],"_links":{"self":[{"href":"https:\/\/staging.gcf.community\/es\/wp-json\/wp\/v2\/pages\/717","targetHints":{"allow":["GET"]}}],"collection":[{"href":"https:\/\/staging.gcf.community\/es\/wp-json\/wp\/v2\/pages"}],"about":[{"href":"https:\/\/staging.gcf.community\/es\/wp-json\/wp\/v2\/types\/page"}],"author":[{"embeddable":true,"href":"https:\/\/staging.gcf.community\/es\/wp-json\/wp\/v2\/users\/1"}],"replies":[{"embeddable":true,"href":"https:\/\/staging.gcf.community\/es\/wp-json\/wp\/v2\/comments?post=717"}],"version-history":[{"count":0,"href":"https:\/\/staging.gcf.community\/es\/wp-json\/wp\/v2\/pages\/717\/revisions"}],"up":[{"embeddable":true,"href":"https:\/\/staging.gcf.community\/es\/wp-json\/wp\/v2\/pages\/919"}],"wp:attachment":[{"href":"https:\/\/staging.gcf.community\/es\/wp-json\/wp\/v2\/media?parent=717"}],"curies":[{"name":"wp","href":"https:\/\/api.w.org\/{rel}","templated":true}]}}