{"id":2283,"date":"2023-10-19T07:47:26","date_gmt":"2023-10-19T06:47:26","guid":{"rendered":"https:\/\/gcf.community\/?page_id=2283"},"modified":"2023-11-02T11:14:09","modified_gmt":"2023-11-02T11:14:09","slug":"faq","status":"publish","type":"page","link":"https:\/\/staging.gcf.community\/es\/events\/ethiopia2023\/faq\/","title":{"rendered":"Preguntas m\u00e1s frecuentes"},"content":{"rendered":"<h1>\n\t\tFVC Etiop\u00eda 2023\n\t<\/h1>\n\t\t\t<button tabindex=\"0\" aria-label=\"Men\u00fa\">\n\t\t\t\t\t\t\t<\/button>\n\t<nav aria-label=\"Etiop\u00eda\" itemscope=\"itemscope\" itemtype=\"https:\/\/schema.org\/SiteNavigationElement\">\n\t\t<ul id=\"menu-ethiopia\"><li id=\"menu-item-1790\"><a href=\"https:\/\/staging.gcf.community\/es\/events\/ethiopia2023\/registration\/\">Registro<\/a><\/li><li id=\"menu-item-2277\"><a href=\"https:\/\/staging.gcf.community\/es\/events\/ethiopia2023\/confirmation\/\">Confirmaci\u00f3n<\/a><\/li><li id=\"menu-item-1797\"><a href=\"https:\/\/staging.gcf.community\/es\/events\/ethiopia2023\/payment\/\">Pago<\/a><\/li><li id=\"menu-item-2310\"><a href=\"https:\/\/staging.gcf.community\/es\/events\/ethiopia2023\/program\/\">Programa<\/a><\/li><li id=\"menu-item-2328\"><a href=\"https:\/\/staging.gcf.community\/es\/events\/ethiopia2023\/local-information\/\">Informaci\u00f3n local<\/a><\/li><li id=\"menu-item-2292\"><a href=\"https:\/\/staging.gcf.community\/es\/events\/ethiopia2023\/faq\/\" aria-current=\"page\">Preguntas m\u00e1s frecuentes<\/a><\/li><\/ul>\n\t\t\t<\/nav>\n<h2>\n\t\tPreguntas frecuentes\n\t<\/h2>\n\t<p>Consulte a continuaci\u00f3n las respuestas a las preguntas m\u00e1s frecuentes.<\/p>\n<p>Tambi\u00e9n te puede interesar ver el documento de Informaci\u00f3n Local <a href=\"https:\/\/staging.gcf.community\/es\/events\/ethiopia2023\/local-information\/\">aqu\u00ed<\/a>.<\/p>\n\t\t\t\tHoteles\n\t\t\t\t<p>Nuestras reuniones se realizar\u00e1n en el Hotel Grand Eliana (<a href=\"https:\/\/elianahotel.com\/\" target=\"_blank\" rel=\"noopener\">https:\/\/elianahotel.com\/<\/a>).<\/p>\n<p>Debido a la cantidad de personas que asistiremos estaremos alojando a algunas personas en el Grand Eliana y otras en el Hotel Churchill (<a href=\"https:\/\/churchilladdisababa.com-hotel.website\/\" target=\"_blank\" rel=\"noopener\">https:\/\/churchilladdisababa.com-hotel.website\/<\/a>) que est\u00e1 a pocos pasos del Grand Eliana. Deber\u00eda haber recibido confirmaci\u00f3n del hotel en el que se hospedar\u00e1. Si no ha recibido esta informaci\u00f3n, comun\u00edquese con <a href=\"mailto:info@gcf.community\">info@gcf.community<\/a>.<\/p>\n<p>Los datos de contacto del Hotel Grand Eliana son:<\/p>\n<p><strong>Direcci\u00f3n<\/strong>: Grand Eliana Hotel, Piazza, Wawel Street, 21777, Addis Abeba <br \/><strong>Tel\u00e9fono<\/strong>. <a href=\"tel:+251111262600\">+251 11 126 2600<\/a><\/p>\n<p>Los datos de contacto del Churchill Hotel son:<\/p>\n<p><strong>Direcci\u00f3n<\/strong>: Churchill Hotel, Churchill Avenue, Arada, Addis Abeba <br \/><strong>Tel\u00e9fono<\/strong>: <a href=\"tel:+251111111212\">+251 11 111 1212<\/a><\/p>\n\t\t\t\tContactos de emergencia\n\t\t\t\t<p>En caso de emergencia, comun\u00edquese con uno de los siguientes:<\/p>\n<p><strong>Seble<\/strong><br \/>Tel\u00e9fono: <a href=\"tel:+251942526573\">+251 94 252 6573<\/a><br \/>Correo electr\u00f3nico: <a href=\"mailto:swongelasrat@gmail.com\">swongelasrat@gmail.com<\/a><\/p>\n<p><strong>Conseguirte<\/strong><br \/>Tel\u00e9fono: <a href=\"tel:+251911706784\">+251 91 170 6784<\/a><br \/>Correo electr\u00f3nico: <a href=\"mailto:getuamare@gmail.com\">getuamare@gmail.com<\/a><\/p>\n<p><strong>Jaime<\/strong><br \/>Tel\u00e9fono: <a href=\"tel:+447506789420\">+44 7506 789420<\/a><br \/>Correo electr\u00f3nico: <a href=\"mailto:james@perfectlydigital.net\">james@perfectlydigital.net<\/a><\/p>\n<p><strong>dawit<\/strong><br \/>Tel\u00e9fono: <a href=\"tel:+251913757587\">+251 91 375 7587<\/a><br \/>Correo electr\u00f3nico: <a href=\"mailto:davemul8@gmail.com\">davemul8@gmail.com<\/a><\/p>\n\t\t\t\tGrabaci\u00f3n de la llamada de Zoom previa al foro\n\t\t\t\t<p>La grabaci\u00f3n de la llamada de zoom previa al foro ya est\u00e1 lista. Puedes verlo aqu\u00ed: <a href=\"https:\/\/staging.gcf.community\/es\/events\/ethiopia2023\/pre-forum-zoom-call\/\">https:\/\/staging.gcf.community\/events\/ethiopia2023\/pre-forum-zoom-call\/<\/a>.<\/p>\n<p>Si no pudiste asistir te recomendamos ver la grabaci\u00f3n. Proporcionar\u00e1 una buena visi\u00f3n de una serie de \u00e1reas diferentes en las que nos centraremos durante nuestro tiempo juntos en Etiop\u00eda.<\/p>\n\t\t\t\tVisas\n\t\t\t\t<p>Las visas se pueden comprar en l\u00ednea a trav\u00e9s del sitio web del gobierno et\u00edope aqu\u00ed: <a href=\"https:\/\/www.evisa.gov.et\/\" target=\"_blank\" rel=\"noopener\">https:\/\/www.evisa.gov.et\/<\/a>. Por favor aseg\u00farese de elegir Visa de Turista. Es posible que algunos de ustedes necesiten comprar su visa cuando lleguen, pero cuando sea posible, les recomendamos que la obtengan en l\u00ednea con anticipaci\u00f3n si pueden. Le ahorrar\u00e1 mucho tiempo en el aeropuerto.<\/p>\n<p>A menos que sea ciudadano et\u00edope, los \u00fanicos pa\u00edses que no necesitan visa para viajar a Etiop\u00eda son Kenia y Yibuti. En caso de duda, consulte con su embajada\/consulado.<\/p>\n\t\t\t\tCostos del d\u00eda\n\t\t\t\t<p>Si es un visitante de un d\u00eda (por ejemplo, si vive en Addis o se hospeda con amigos o colegas y no en el hotel), el costo es <strong>$30 al d\u00eda<\/strong>. Esto incluye el uso de las instalaciones durante el d\u00eda y el almuerzo. Si desea cenar en el hotel, tendr\u00e1 un suplemento de $15, sumando el total del d\u00eda a <strong>$45 por d\u00eda<\/strong>.<\/p>\n<p>Puede pagarlo en el formulario de pago del sitio web. O puedes traer efectivo y pagar a la llegada. Si trae dinero en efectivo, aseg\u00farese de ver a James para que pueda marcarlo en la lista.<\/p>\n\t\t\t\tC\u00f3digo de vestimenta\n\t\t\t\t<p>El c\u00f3digo de vestimenta para nuestras reuniones es informal. A las mujeres en Etiop\u00eda, especialmente en la ciudad, es com\u00fan verlas con pantalones y vestidos. Los pantalones cortos no son tan comunes en el ambiente de la iglesia. Si evitamos los pantalones cortos eso ser\u00e1 bueno.<\/p>\n\t\t\t\tClima\n\t\t\t\t<p>El promedio para noviembre es de m\u00e1ximas de 23c (73f) y m\u00ednimas de 7c (45f). Es probable que est\u00e9 seco, pero, por supuesto, es posible que llueva.<\/p>\n\t\t\t\tInformaci\u00f3n sobre vacunas\n\t\t\t\t<p>Algunas personas nos han preguntado si se requiere alguna vacuna para Etiop\u00eda, espec\u00edficamente contra la fiebre amarilla.<\/p>\n<p>Etiop\u00eda exige prueba de vacunaci\u00f3n contra la fiebre amarilla si llega de una regi\u00f3n donde el virus est\u00e1 presente. Por lo tanto, depende completamente de d\u00f3nde viaje y por d\u00f3nde haya pasado.<\/p>\n<p>Adem\u00e1s, es posible que necesite ciertas vacunas al regresar a su propio pa\u00eds despu\u00e9s de haber visitado ciertos pa\u00edses.<\/p>\n<p>Las variables son bastante significativas, por lo que le recomendamos encarecidamente que obtenga asesoramiento personal sobre vacunas en un centro de salud local que pueda brindarle consejos espec\u00edficos para sus circunstancias.<\/p>","protected":false},"excerpt":{"rendered":"","protected":false},"author":1,"featured_media":0,"parent":1574,"menu_order":0,"comment_status":"closed","ping_status":"closed","template":"","meta":{"footnotes":""},"class_list":["post-2283","page","type-page","status-publish"],"_links":{"self":[{"href":"https:\/\/staging.gcf.community\/es\/wp-json\/wp\/v2\/pages\/2283","targetHints":{"allow":["GET"]}}],"collection":[{"href":"https:\/\/staging.gcf.community\/es\/wp-json\/wp\/v2\/pages"}],"about":[{"href":"https:\/\/staging.gcf.community\/es\/wp-json\/wp\/v2\/types\/page"}],"author":[{"embeddable":true,"href":"https:\/\/staging.gcf.community\/es\/wp-json\/wp\/v2\/users\/1"}],"replies":[{"embeddable":true,"href":"https:\/\/staging.gcf.community\/es\/wp-json\/wp\/v2\/comments?post=2283"}],"version-history":[{"count":8,"href":"https:\/\/staging.gcf.community\/es\/wp-json\/wp\/v2\/pages\/2283\/revisions"}],"predecessor-version":[{"id":2332,"href":"https:\/\/staging.gcf.community\/es\/wp-json\/wp\/v2\/pages\/2283\/revisions\/2332"}],"up":[{"embeddable":true,"href":"https:\/\/staging.gcf.community\/es\/wp-json\/wp\/v2\/pages\/1574"}],"wp:attachment":[{"href":"https:\/\/staging.gcf.community\/es\/wp-json\/wp\/v2\/media?parent=2283"}],"curies":[{"name":"wp","href":"https:\/\/api.w.org\/{rel}","templated":true}]}}