{"id":2004,"date":"2023-08-30T14:56:11","date_gmt":"2023-08-30T13:56:11","guid":{"rendered":"https:\/\/gcf.community\/?page_id=2004"},"modified":"2023-09-05T13:50:52","modified_gmt":"2023-09-05T12:50:52","slug":"share-and-multiply","status":"publish","type":"page","link":"https:\/\/staging.gcf.community\/es\/tools\/flashlab\/share-and-multiply\/","title":{"rendered":"5 \u2013 Comparte y multiplica"},"content":{"rendered":"<nav aria-label=\"FlashLab\" itemscope=\"itemscope\" itemtype=\"https:\/\/schema.org\/SiteNavigationElement\">\n\t\t<ul id=\"menu-flashlab\"><li id=\"menu-item-2008\"><a href=\"https:\/\/staging.gcf.community\/es\/tools\/flashlab\/\" tabindex=\"0\" role=\"link\">FlashLab<\/a><\/li><li id=\"menu-item-2010\"><a href=\"https:\/\/staging.gcf.community\/es\/tools\/flashlab\/flashlab23\/\" tabindex=\"0\" role=\"link\">FlashLab23<\/a><ul>\t<li id=\"menu-item-2022\"><a href=\"https:\/\/staging.gcf.community\/es\/tools\/flashlab\/flashlab23\/reflection\/\" tabindex=\"0\" role=\"link\">Reflexi\u00f3n<\/a><\/li>\t<li id=\"menu-item-2016\"><a href=\"https:\/\/staging.gcf.community\/es\/tools\/flashlab\/flashlab23\/files\/\" tabindex=\"0\" role=\"link\">Archivos<\/a><\/li>\t<li id=\"menu-item-2027\"><a href=\"https:\/\/staging.gcf.community\/es\/tools\/flashlab\/zoom-recordings\/\" tabindex=\"0\" role=\"link\">Grabaciones con zoom<\/a><\/li>\t<li id=\"menu-item-2142\"><a href=\"https:\/\/staging.gcf.community\/es\/tools\/flashlab\/flashlab23\/schedule\/\" tabindex=\"0\" role=\"link\">Cronograma<\/a><\/li><\/ul><\/li><li id=\"menu-item-2014\"><a href=\"https:\/\/staging.gcf.community\/es\/tools\/flashlab\/overview\/\" tabindex=\"0\" role=\"link\">Descripci\u00f3n general<\/a><\/li><li id=\"menu-item-2011\"><a href=\"https:\/\/staging.gcf.community\/es\/tools\/flashlab\/how-to-start\/\" tabindex=\"0\" role=\"link\">C\u00f3mo empezar<\/a><\/li><li id=\"menu-item-2017\"><a href=\"https:\/\/staging.gcf.community\/es\/tools\/flashlab\/process\/\" tabindex=\"0\" role=\"link\">Proceso<\/a><\/li><li id=\"menu-item-2009\"><a href=\"https:\/\/staging.gcf.community\/es\/tools\/flashlab\/different-models\/\" tabindex=\"0\" role=\"link\">Diferentes modelos<\/a><\/li><li id=\"menu-item-2012\"><a href=\"https:\/\/staging.gcf.community\/es\/tools\/flashlab\/look-and-listen\/\" tabindex=\"0\" role=\"link\">1 \u2013 Mira y Escucha<\/a><\/li><li id=\"menu-item-2020\"><a href=\"https:\/\/staging.gcf.community\/es\/tools\/flashlab\/think-and-explore\/\" tabindex=\"0\" role=\"link\">2 \u2013 Piensa y explora<\/a><\/li><li id=\"menu-item-2013\"><a href=\"https:\/\/staging.gcf.community\/es\/tools\/flashlab\/make-and-create\/\" tabindex=\"0\" role=\"link\">3 \u2013 Hacer y crear<\/a><\/li><li id=\"menu-item-2019\"><a href=\"https:\/\/staging.gcf.community\/es\/tools\/flashlab\/test-and-refine\/\" tabindex=\"0\" role=\"link\">4 \u2013 Probar y perfeccionar<\/a><\/li><li id=\"menu-item-2018\"><a href=\"https:\/\/staging.gcf.community\/es\/tools\/flashlab\/share-and-multiply\/\" aria-current=\"page\" tabindex=\"0\" role=\"link\">5 \u2013 Comparte y multiplica<\/a><\/li><li id=\"menu-item-2136\"><a href=\"https:\/\/staging.gcf.community\/es\/tools\/flashlab\/useful-links\/\" tabindex=\"0\" role=\"link\">Enlaces \u00fatiles<\/a><\/li><\/ul>\n\t\t\t<\/nav>\n\t\t\t<button tabindex=\"0\" role=\"button\" aria-label=\"Men\u00fa FlashLab\">\n\t\t\t\tMen\u00fa FlashLab\t\t\t<\/button>\n\t<nav aria-label=\"FlashLab\" itemscope=\"itemscope\" itemtype=\"https:\/\/schema.org\/SiteNavigationElement\">\n\t\t<a href=\"javascript:void(0)\" aria-label=\"Cerrar el men\u00fa\" role=\"button\">\u00d7<\/a>\n\t\t<ul id=\"menu-flashlab-1\"><li id=\"menu-item-2008\"><a href=\"https:\/\/staging.gcf.community\/es\/tools\/flashlab\/\" tabindex=\"0\" role=\"link\">FlashLab<\/a><\/li><li id=\"menu-item-2010\"><a href=\"https:\/\/staging.gcf.community\/es\/tools\/flashlab\/flashlab23\/\" tabindex=\"0\" role=\"link\">FlashLab23<\/a><ul>\t<li id=\"menu-item-2022\"><a href=\"https:\/\/staging.gcf.community\/es\/tools\/flashlab\/flashlab23\/reflection\/\" tabindex=\"0\" role=\"link\">Reflexi\u00f3n<\/a><\/li>\t<li id=\"menu-item-2016\"><a href=\"https:\/\/staging.gcf.community\/es\/tools\/flashlab\/flashlab23\/files\/\" tabindex=\"0\" role=\"link\">Archivos<\/a><\/li>\t<li id=\"menu-item-2027\"><a href=\"https:\/\/staging.gcf.community\/es\/tools\/flashlab\/zoom-recordings\/\" tabindex=\"0\" role=\"link\">Grabaciones con zoom<\/a><\/li>\t<li id=\"menu-item-2142\"><a href=\"https:\/\/staging.gcf.community\/es\/tools\/flashlab\/flashlab23\/schedule\/\" tabindex=\"0\" role=\"link\">Cronograma<\/a><\/li><\/ul><\/li><li id=\"menu-item-2014\"><a href=\"https:\/\/staging.gcf.community\/es\/tools\/flashlab\/overview\/\" tabindex=\"0\" role=\"link\">Descripci\u00f3n general<\/a><\/li><li id=\"menu-item-2011\"><a href=\"https:\/\/staging.gcf.community\/es\/tools\/flashlab\/how-to-start\/\" tabindex=\"0\" role=\"link\">C\u00f3mo empezar<\/a><\/li><li id=\"menu-item-2017\"><a href=\"https:\/\/staging.gcf.community\/es\/tools\/flashlab\/process\/\" tabindex=\"0\" role=\"link\">Proceso<\/a><\/li><li id=\"menu-item-2009\"><a href=\"https:\/\/staging.gcf.community\/es\/tools\/flashlab\/different-models\/\" tabindex=\"0\" role=\"link\">Diferentes modelos<\/a><\/li><li id=\"menu-item-2012\"><a href=\"https:\/\/staging.gcf.community\/es\/tools\/flashlab\/look-and-listen\/\" tabindex=\"0\" role=\"link\">1 \u2013 Mira y Escucha<\/a><\/li><li id=\"menu-item-2020\"><a href=\"https:\/\/staging.gcf.community\/es\/tools\/flashlab\/think-and-explore\/\" tabindex=\"0\" role=\"link\">2 \u2013 Piensa y explora<\/a><\/li><li id=\"menu-item-2013\"><a href=\"https:\/\/staging.gcf.community\/es\/tools\/flashlab\/make-and-create\/\" tabindex=\"0\" role=\"link\">3 \u2013 Hacer y crear<\/a><\/li><li id=\"menu-item-2019\"><a href=\"https:\/\/staging.gcf.community\/es\/tools\/flashlab\/test-and-refine\/\" tabindex=\"0\" role=\"link\">4 \u2013 Probar y perfeccionar<\/a><\/li><li id=\"menu-item-2018\"><a href=\"https:\/\/staging.gcf.community\/es\/tools\/flashlab\/share-and-multiply\/\" aria-current=\"page\" tabindex=\"0\" role=\"link\">5 \u2013 Comparte y multiplica<\/a><\/li><li id=\"menu-item-2136\"><a href=\"https:\/\/staging.gcf.community\/es\/tools\/flashlab\/useful-links\/\" tabindex=\"0\" role=\"link\">Enlaces \u00fatiles<\/a><\/li><\/ul>\n\t\t\t<\/nav>\n\n<h4>\n\t\tUna vez que su recurso est\u00e9 terminado, comp\u00e1rtalo con otros. \u00a1Ay\u00fadelo a traducirlo, eval\u00fae el proceso FlashLab y celebre!\n\t<\/h4>\n<h2>\n\t\tCompartiendo su recurso\n\t<\/h2>\n\t<p>Making something to share is at the heart of a FlashLab. We&#8217;re giving our creativity away for the sake of Jesus&#8217; Kingdom.<\/p>\n<h3>donde compartir<\/h3>\n<p>FlashLabs recommend sharing resources freely and widely. How you share is up to your team. You may already have a network, organization, church, denomination, or movement with which to share your resource. We have found that many people all over the world need resources they cannot afford to buy, so consider sharing freely &#8211; see the impact multiply!<\/p>\n<p>Tambi\u00e9n puedes compartirlo:<\/p>\n<ul>\n<li>On Max7.org &#8211; a free resource sharing site &#8211; see the FlashLab toolkit on how to upload to Max7.<\/li>\n<li>On global sites &#8211; social media, chat apps, YouTube, etc. Be aware of any security implications or places where best not to share.<\/li>\n<\/ul>\n<h2>\n\t\tTraductorio\n\t<\/h2>\n\t<p>Su idioma es s\u00f3lo uno de los 7.100 idiomas. Imag\u00ednese cu\u00e1ntas personas m\u00e1s se beneficiar\u00edan de su arduo trabajo si estuviera disponible y compartido en otro idioma. \u00a1GUAU!<\/p>\n<h3>Como traducir<\/h3>\n<ul>\n<li>Mientras comparte su recurso, invite a aquellos en su red que hablan otros idiomas a ofrecer su tiempo como voluntarios para ayudar a traducirlo.<\/li>\n<li>Los recursos que son simples y en un formato de archivo f\u00e1cil de traducir son mucho mejores para los traductores. Max7 cuenta con un equipo de traductores voluntarios que traducen generosamente a m\u00e1s de 40 idiomas.<\/li>\n<li>Algunos recursos de FlashLabs se han creado sin palabras. \u00a1Se pueden usar en cualquier idioma!<\/li>\n<\/ul>\n<h3>Cosas para recordar<\/h3>\n<ul>\n<li>Si su recurso es largo y complejo, es menos probable que se traduzca.<\/li>\n<li>Evite el uso de met\u00e1foras dif\u00edciles, lenguaje idiom\u00e1tico, acr\u00f3nimos o chistes relacionados con palabras y lenguaje. Estos son dif\u00edciles de traducir.<\/li>\n<\/ul>\n<h2>\n\t\tEvaluar\n\t<\/h2>\n\t<p>Aprender y evaluar es un \u00faltimo paso valioso. Necesitamos seguir observando y aprendiendo para mejorar los m\u00e9todos que utilizamos. La pr\u00f3xima vez nuestro trabajo ser\u00e1 mejor.<\/p>\n<h3>Corto plazo<\/h3>\n<p>T\u00f3mese un tiempo para analizar el proceso de FlashLab:<\/p>\n<ul>\n<li>\u00bfQu\u00e9 funcion\u00f3?<\/li>\n<li>\u00bfQu\u00e9 se podr\u00eda mejorar?<\/li>\n<li>\u00bfQu\u00e9 te sorprendi\u00f3?<\/li>\n<li>\u00bfQu\u00e9 nueva idea podr\u00edamos hacer la pr\u00f3xima vez?<\/li>\n<\/ul>\n<p>Comparta sus comentarios con los facilitadores de su FlashLab.<\/p>\n<h3>A m\u00e1s largo plazo<\/h3>\n<p>A algunos miembros del equipo se les debe asignar la tarea de rastrear c\u00f3mo ha ido el recurso a lo largo del tiempo:<\/p>\n<ul>\n<li>\u00bfEst\u00e1 funcionando? \u00bfEst\u00e1 logrando el objetivo que ten\u00edas? \u00bfC\u00f3mo?<\/li>\n<li>\u00bfSe est\u00e1 multiplicando?<\/li>\n<li>\u00bfSe est\u00e1 utilizando de una manera que usted no pretend\u00eda?<\/li>\n<li>\u00bfHa llevado a nuevas ideas?<\/li>\n<\/ul>\n<h2>\n\t\tCelebrar\n\t<\/h2>\n\t<p>\u00a1Tu FlashLab deber\u00eda terminar con una celebraci\u00f3n!<\/p>\n<h3>Algunas formas de celebrar<\/h3>\n<ul>\n<li>Coman juntos si est\u00e1n todos en el mismo lugar.<\/li>\n<li>Pray to the Lord and give thanks for the work done and for each team member&#8217;s part.<\/li>\n<li>Celebre las partes dif\u00edciles y comparta palabras de aliento entre s\u00ed.<\/li>\n<\/ul>\n<p>Gracias por ser parte de FlashLab. Comparta este folleto con otras personas a quienes les pueda resultar \u00fatil. Esperamos que se anime lo suficiente para realizar otro FlashLab y ver m\u00e1s herramientas, recursos y traducciones al servicio del Reino en todo el mundo.<\/p>\n\t<a href=\"https:\/\/staging.gcf.community\/es\/tools\/flashlab\/test-and-refine\/\" target=\"_self\" role=\"button\" aria-label=\"ANTERIOR\" rel=\"noopener\">\n\t\t\t\t\t\tANTERIOR\n\t\t\t\t\t<\/a>\n\t<a href=\"https:\/\/staging.gcf.community\/es\/tools\/flashlab\/useful-links\/\" target=\"_self\" role=\"button\" aria-label=\"PR\u00d3XIMO\" rel=\"noopener\">\n\t\t\t\t\t\tPR\u00d3XIMO\n\t\t\t<\/a>","protected":false},"excerpt":{"rendered":"","protected":false},"author":1,"featured_media":0,"parent":1917,"menu_order":0,"comment_status":"closed","ping_status":"closed","template":"","meta":{"footnotes":""},"class_list":["post-2004","page","type-page","status-publish"],"_links":{"self":[{"href":"https:\/\/staging.gcf.community\/es\/wp-json\/wp\/v2\/pages\/2004","targetHints":{"allow":["GET"]}}],"collection":[{"href":"https:\/\/staging.gcf.community\/es\/wp-json\/wp\/v2\/pages"}],"about":[{"href":"https:\/\/staging.gcf.community\/es\/wp-json\/wp\/v2\/types\/page"}],"author":[{"embeddable":true,"href":"https:\/\/staging.gcf.community\/es\/wp-json\/wp\/v2\/users\/1"}],"replies":[{"embeddable":true,"href":"https:\/\/staging.gcf.community\/es\/wp-json\/wp\/v2\/comments?post=2004"}],"version-history":[{"count":0,"href":"https:\/\/staging.gcf.community\/es\/wp-json\/wp\/v2\/pages\/2004\/revisions"}],"up":[{"embeddable":true,"href":"https:\/\/staging.gcf.community\/es\/wp-json\/wp\/v2\/pages\/1917"}],"wp:attachment":[{"href":"https:\/\/staging.gcf.community\/es\/wp-json\/wp\/v2\/media?parent=2004"}],"curies":[{"name":"wp","href":"https:\/\/api.w.org\/{rel}","templated":true}]}}