{"id":1992,"date":"2023-08-30T14:52:30","date_gmt":"2023-08-30T13:52:30","guid":{"rendered":"https:\/\/gcf.community\/?page_id=1992"},"modified":"2023-09-05T13:49:24","modified_gmt":"2023-09-05T12:49:24","slug":"think-and-explore","status":"publish","type":"page","link":"https:\/\/staging.gcf.community\/es\/tools\/flashlab\/think-and-explore\/","title":{"rendered":"2 \u2013 Piensa y explora"},"content":{"rendered":"<nav aria-label=\"FlashLab\" itemscope=\"itemscope\" itemtype=\"https:\/\/schema.org\/SiteNavigationElement\">\n\t\t<ul id=\"menu-flashlab\"><li id=\"menu-item-2008\"><a href=\"https:\/\/staging.gcf.community\/es\/tools\/flashlab\/\" tabindex=\"0\" role=\"link\">FlashLab<\/a><\/li><li id=\"menu-item-2010\"><a href=\"https:\/\/staging.gcf.community\/es\/tools\/flashlab\/flashlab23\/\" tabindex=\"0\" role=\"link\">FlashLab23<\/a><ul>\t<li id=\"menu-item-2022\"><a href=\"https:\/\/staging.gcf.community\/es\/tools\/flashlab\/flashlab23\/reflection\/\" tabindex=\"0\" role=\"link\">Reflexi\u00f3n<\/a><\/li>\t<li id=\"menu-item-2016\"><a href=\"https:\/\/staging.gcf.community\/es\/tools\/flashlab\/flashlab23\/files\/\" tabindex=\"0\" role=\"link\">Archivos<\/a><\/li>\t<li id=\"menu-item-2027\"><a href=\"https:\/\/staging.gcf.community\/es\/tools\/flashlab\/zoom-recordings\/\" tabindex=\"0\" role=\"link\">Grabaciones con zoom<\/a><\/li>\t<li id=\"menu-item-2142\"><a href=\"https:\/\/staging.gcf.community\/es\/tools\/flashlab\/flashlab23\/schedule\/\" tabindex=\"0\" role=\"link\">Cronograma<\/a><\/li><\/ul><\/li><li id=\"menu-item-2014\"><a href=\"https:\/\/staging.gcf.community\/es\/tools\/flashlab\/overview\/\" tabindex=\"0\" role=\"link\">Descripci\u00f3n general<\/a><\/li><li id=\"menu-item-2011\"><a href=\"https:\/\/staging.gcf.community\/es\/tools\/flashlab\/how-to-start\/\" tabindex=\"0\" role=\"link\">C\u00f3mo empezar<\/a><\/li><li id=\"menu-item-2017\"><a href=\"https:\/\/staging.gcf.community\/es\/tools\/flashlab\/process\/\" tabindex=\"0\" role=\"link\">Proceso<\/a><\/li><li id=\"menu-item-2009\"><a href=\"https:\/\/staging.gcf.community\/es\/tools\/flashlab\/different-models\/\" tabindex=\"0\" role=\"link\">Diferentes modelos<\/a><\/li><li id=\"menu-item-2012\"><a href=\"https:\/\/staging.gcf.community\/es\/tools\/flashlab\/look-and-listen\/\" tabindex=\"0\" role=\"link\">1 \u2013 Mira y Escucha<\/a><\/li><li id=\"menu-item-2020\"><a href=\"https:\/\/staging.gcf.community\/es\/tools\/flashlab\/think-and-explore\/\" aria-current=\"page\" tabindex=\"0\" role=\"link\">2 \u2013 Piensa y explora<\/a><\/li><li id=\"menu-item-2013\"><a href=\"https:\/\/staging.gcf.community\/es\/tools\/flashlab\/make-and-create\/\" tabindex=\"0\" role=\"link\">3 \u2013 Hacer y crear<\/a><\/li><li id=\"menu-item-2019\"><a href=\"https:\/\/staging.gcf.community\/es\/tools\/flashlab\/test-and-refine\/\" tabindex=\"0\" role=\"link\">4 \u2013 Probar y perfeccionar<\/a><\/li><li id=\"menu-item-2018\"><a href=\"https:\/\/staging.gcf.community\/es\/tools\/flashlab\/share-and-multiply\/\" tabindex=\"0\" role=\"link\">5 \u2013 Comparte y multiplica<\/a><\/li><li id=\"menu-item-2136\"><a href=\"https:\/\/staging.gcf.community\/es\/tools\/flashlab\/useful-links\/\" tabindex=\"0\" role=\"link\">Enlaces \u00fatiles<\/a><\/li><\/ul>\n\t\t\t<\/nav>\n\t\t\t<button tabindex=\"0\" role=\"button\" aria-label=\"Men\u00fa FlashLab\">\n\t\t\t\tMen\u00fa FlashLab\t\t\t<\/button>\n\t<nav aria-label=\"FlashLab\" itemscope=\"itemscope\" itemtype=\"https:\/\/schema.org\/SiteNavigationElement\">\n\t\t<a href=\"javascript:void(0)\" aria-label=\"Cerrar el men\u00fa\" role=\"button\">\u00d7<\/a>\n\t\t<ul id=\"menu-flashlab-1\"><li id=\"menu-item-2008\"><a href=\"https:\/\/staging.gcf.community\/es\/tools\/flashlab\/\" tabindex=\"0\" role=\"link\">FlashLab<\/a><\/li><li id=\"menu-item-2010\"><a href=\"https:\/\/staging.gcf.community\/es\/tools\/flashlab\/flashlab23\/\" tabindex=\"0\" role=\"link\">FlashLab23<\/a><ul>\t<li id=\"menu-item-2022\"><a href=\"https:\/\/staging.gcf.community\/es\/tools\/flashlab\/flashlab23\/reflection\/\" tabindex=\"0\" role=\"link\">Reflexi\u00f3n<\/a><\/li>\t<li id=\"menu-item-2016\"><a href=\"https:\/\/staging.gcf.community\/es\/tools\/flashlab\/flashlab23\/files\/\" tabindex=\"0\" role=\"link\">Archivos<\/a><\/li>\t<li id=\"menu-item-2027\"><a href=\"https:\/\/staging.gcf.community\/es\/tools\/flashlab\/zoom-recordings\/\" tabindex=\"0\" role=\"link\">Grabaciones con zoom<\/a><\/li>\t<li id=\"menu-item-2142\"><a href=\"https:\/\/staging.gcf.community\/es\/tools\/flashlab\/flashlab23\/schedule\/\" tabindex=\"0\" role=\"link\">Cronograma<\/a><\/li><\/ul><\/li><li id=\"menu-item-2014\"><a href=\"https:\/\/staging.gcf.community\/es\/tools\/flashlab\/overview\/\" tabindex=\"0\" role=\"link\">Descripci\u00f3n general<\/a><\/li><li id=\"menu-item-2011\"><a href=\"https:\/\/staging.gcf.community\/es\/tools\/flashlab\/how-to-start\/\" tabindex=\"0\" role=\"link\">C\u00f3mo empezar<\/a><\/li><li id=\"menu-item-2017\"><a href=\"https:\/\/staging.gcf.community\/es\/tools\/flashlab\/process\/\" tabindex=\"0\" role=\"link\">Proceso<\/a><\/li><li id=\"menu-item-2009\"><a href=\"https:\/\/staging.gcf.community\/es\/tools\/flashlab\/different-models\/\" tabindex=\"0\" role=\"link\">Diferentes modelos<\/a><\/li><li id=\"menu-item-2012\"><a href=\"https:\/\/staging.gcf.community\/es\/tools\/flashlab\/look-and-listen\/\" tabindex=\"0\" role=\"link\">1 \u2013 Mira y Escucha<\/a><\/li><li id=\"menu-item-2020\"><a href=\"https:\/\/staging.gcf.community\/es\/tools\/flashlab\/think-and-explore\/\" aria-current=\"page\" tabindex=\"0\" role=\"link\">2 \u2013 Piensa y explora<\/a><\/li><li id=\"menu-item-2013\"><a href=\"https:\/\/staging.gcf.community\/es\/tools\/flashlab\/make-and-create\/\" tabindex=\"0\" role=\"link\">3 \u2013 Hacer y crear<\/a><\/li><li id=\"menu-item-2019\"><a href=\"https:\/\/staging.gcf.community\/es\/tools\/flashlab\/test-and-refine\/\" tabindex=\"0\" role=\"link\">4 \u2013 Probar y perfeccionar<\/a><\/li><li id=\"menu-item-2018\"><a href=\"https:\/\/staging.gcf.community\/es\/tools\/flashlab\/share-and-multiply\/\" tabindex=\"0\" role=\"link\">5 \u2013 Comparte y multiplica<\/a><\/li><li id=\"menu-item-2136\"><a href=\"https:\/\/staging.gcf.community\/es\/tools\/flashlab\/useful-links\/\" tabindex=\"0\" role=\"link\">Enlaces \u00fatiles<\/a><\/li><\/ul>\n\t\t\t<\/nav>\n\n<h4>\n\t\tT\u00f3mese el tiempo para proponer ideas buenas, frescas y \u00fatiles. Elige uno para seguir adelante.\n\t<\/h4>\n<h2>\n\t\tExplorar ideas\n\t<\/h2>\n\t<p>La segunda etapa consiste en involucrar el cerebro y el coraz\u00f3n de diferentes maneras para generar ideas que ayuden a satisfacer las necesidades descubiertas en <a href=\"https:\/\/staging.gcf.community\/es\/tools\/flashlab\/look-and-listen\/\">Mira y escucha<\/a>.<\/p>\n<h3>producir muchas ideas<\/h3>\n<p>En su equipo, t\u00f3mese entre 20 y 30 minutos para producir tantas ideas como pueda. Detener.<\/p>\n<ul>\n<li>Don&#8217;t discuss or judge ideas yet &#8211; just allow the group to write down or share their ideas.<\/li>\n<li>Build on everyone&#8217;s ideas (For example, one person suggests an idea, and others take up the &#8220;Yes! And &#8230;&#8221; challenge, offering something that builds upon the original idea).<\/li>\n<li>Sigue presionando tu cerebro para obtener m\u00e1s ideas. \u00a1Tu idea n\u00famero 10 o 30 podr\u00eda terminar siendo la mejor!<\/li>\n<li>Agregue un objeto o palabra al azar a la lluvia de ideas (ejemplos: azul, s\u00e1ndwich, nube, pulpo). Intenta crear m\u00e1s ideas usando esta palabra como plataforma de lanzamiento.<\/li>\n<\/ul>\n<p>Capture everyone&#8217;s ideas in a visible way. Use what you have: boards, small notes, large sheets of paper. <a href=\"https:\/\/jamboard.google.com\/\" target=\"_blank\" rel=\"noopener\">Jamboard de Google<\/a> es una buena herramienta gratuita en l\u00ednea para generar ideas. Es especialmente \u00fatil para FlashLabs virtuales.<\/p>\n<h2>\n\t\tDescansa y olvida\n\t<\/h2>\n\t<p>Nuestro Dios ha creado tu cerebro para que sea incre\u00edblemente creativo. \u00a1Lo sorprendente es que tu cerebro es m\u00e1s creativo cuando NO est\u00e1s tratando de ser creativo!<\/p>\n<p>\u00a1El siguiente paso en esta etapa del FlashLab es dejar la lluvia de ideas y centrarse en otra cosa!<\/p>\n<ul>\n<li>Descansar<\/li>\n<li>Salir a caminar o hacer deporte<\/li>\n<li>Hacer algo diferente<\/li>\n<\/ul>\n<p>Deje que su cerebro haga su trabajo mientras usted se concentra en otra parte. Puede descubrir que produce sus mejores ideas en la ducha, cuando corre o cuando se despierta. Este es tu incre\u00edble cerebro haciendo su trabajo en segundo plano.<\/p>\n<p>Write down any new thoughts or modifications to build on existing ideas that &#8216;pop&#8217; into your mind.<\/p>\n<h2>\n\t\tJuega con ideas\n\t<\/h2>\n\t<p>El juego es un ejercicio valioso para las ideas que su equipo produjo en el paso anterior.<\/p>\n<p>Elija tres de las ideas:<\/p>\n<ul>\n<li>Uno que parece f\u00e1cil y pr\u00e1ctico.<\/li>\n<li>Uno que parece escandaloso o dif\u00edcil.<\/li>\n<li>One in the middle &#8211; not too easy or too hard<\/li>\n<\/ul>\n<p>A continuaci\u00f3n se muestran algunas formas de jugar con las ideas. Puede encontrar m\u00e1s informaci\u00f3n en el kit de herramientas FlashLab.<\/p>\n<p>Transforma una idea imaginando c\u00f3mo ser\u00eda si:<\/p>\n<ul>\n<li>It was upside down &#8211; for example, instead of one big event, you had many small events.<\/li>\n<li>If it was shrunk &#8211; instead of a 50-page manual, you made one with only two pages.<\/li>\n<\/ul>\n<p>Romper una idea dividi\u00e9ndola en sus partes y:<\/p>\n<ul>\n<li>Reorganice las piezas nuevamente en un nuevo orden.<\/li>\n<li>Deseche una parte y vea lo que tiene.<\/li>\n<\/ul>\n<p>Combine ideas mediante:<\/p>\n<ul>\n<li>Combinando dos de tus diferentes ideas.<\/li>\n<\/ul>\n<p>Haga malabarismos con estas dos ideas en su mente y vea en qu\u00e9 podr\u00edan convertirse.<\/p>\n<ul>\n<li>Mire una idea a trav\u00e9s de una lente diferente, como la perspectiva de un ni\u00f1o, una hormiga o desde lo alto.<\/li>\n<\/ul>\n<h2>\n\t\tElige ideas\n\t<\/h2>\n\t<p>Una vez que hayas jugado con las ideas, t\u00f3mate un tiempo para orar, pensar y elegir lo que desarrollar\u00e1s.<\/p>\n<h3>C\u00f3mo elegir una buena idea<\/h3>\n<p>Algunos de estos aspectos pueden resultar \u00fatiles a la hora de elegir qu\u00e9 idea llevar adelante:<\/p>\n<ul>\n<li>Despu\u00e9s de la oraci\u00f3n, \u00bfpuedes identificar cu\u00e1l quiere Dios que hagas?<\/li>\n<li>\u00bfQu\u00e9 idea satisfar\u00e1 mejor las necesidades y las personas que identific\u00f3 en la etapa 1?<\/li>\n<li>\u00bfQu\u00e9 idea te emociona m\u00e1s?<\/li>\n<li>\u00bfQu\u00e9 idea se puede lograr en el tiempo que tienes?<\/li>\n<li>\u00bfQu\u00e9 idea te atrae y te lleva a crear algo \u00fanico?<\/li>\n<\/ul>\n\t<a href=\"https:\/\/staging.gcf.community\/es\/tools\/flashlab\/look-and-listen\/\" target=\"_self\" role=\"button\" aria-label=\"ANTERIOR\" rel=\"noopener\">\n\t\t\t\t\t\tANTERIOR\n\t\t\t\t\t<\/a>\n\t<a href=\"https:\/\/staging.gcf.community\/es\/tools\/flashlab\/make-and-create\/\" target=\"_self\" role=\"button\" aria-label=\"PR\u00d3XIMO\" rel=\"noopener\">\n\t\t\t\t\t\tPR\u00d3XIMO\n\t\t\t<\/a>","protected":false},"excerpt":{"rendered":"","protected":false},"author":1,"featured_media":0,"parent":1917,"menu_order":0,"comment_status":"closed","ping_status":"closed","template":"","meta":{"footnotes":""},"class_list":["post-1992","page","type-page","status-publish"],"_links":{"self":[{"href":"https:\/\/staging.gcf.community\/es\/wp-json\/wp\/v2\/pages\/1992","targetHints":{"allow":["GET"]}}],"collection":[{"href":"https:\/\/staging.gcf.community\/es\/wp-json\/wp\/v2\/pages"}],"about":[{"href":"https:\/\/staging.gcf.community\/es\/wp-json\/wp\/v2\/types\/page"}],"author":[{"embeddable":true,"href":"https:\/\/staging.gcf.community\/es\/wp-json\/wp\/v2\/users\/1"}],"replies":[{"embeddable":true,"href":"https:\/\/staging.gcf.community\/es\/wp-json\/wp\/v2\/comments?post=1992"}],"version-history":[{"count":0,"href":"https:\/\/staging.gcf.community\/es\/wp-json\/wp\/v2\/pages\/1992\/revisions"}],"up":[{"embeddable":true,"href":"https:\/\/staging.gcf.community\/es\/wp-json\/wp\/v2\/pages\/1917"}],"wp:attachment":[{"href":"https:\/\/staging.gcf.community\/es\/wp-json\/wp\/v2\/media?parent=1992"}],"curies":[{"name":"wp","href":"https:\/\/api.w.org\/{rel}","templated":true}]}}