{"id":1954,"date":"2023-08-30T14:42:25","date_gmt":"2023-08-30T13:42:25","guid":{"rendered":"https:\/\/gcf.community\/?page_id=1954"},"modified":"2023-09-05T13:54:24","modified_gmt":"2023-09-05T12:54:24","slug":"reflection","status":"publish","type":"page","link":"https:\/\/staging.gcf.community\/es\/tools\/flashlab\/flashlab23\/reflection\/","title":{"rendered":"Reflexi\u00f3n"},"content":{"rendered":"<nav aria-label=\"FlashLab\" itemscope=\"itemscope\" itemtype=\"https:\/\/schema.org\/SiteNavigationElement\">\n\t\t<ul id=\"menu-flashlab\"><li id=\"menu-item-2008\"><a href=\"https:\/\/staging.gcf.community\/es\/tools\/flashlab\/\" tabindex=\"0\" role=\"link\">FlashLab<\/a><\/li><li id=\"menu-item-2010\"><a href=\"https:\/\/staging.gcf.community\/es\/tools\/flashlab\/flashlab23\/\" tabindex=\"0\" role=\"link\">FlashLab23<\/a><ul>\t<li id=\"menu-item-2022\"><a href=\"https:\/\/staging.gcf.community\/es\/tools\/flashlab\/flashlab23\/reflection\/\" aria-current=\"page\" tabindex=\"0\" role=\"link\">Reflexi\u00f3n<\/a><\/li>\t<li id=\"menu-item-2016\"><a href=\"https:\/\/staging.gcf.community\/es\/tools\/flashlab\/flashlab23\/files\/\" tabindex=\"0\" role=\"link\">Archivos<\/a><\/li>\t<li id=\"menu-item-2027\"><a href=\"https:\/\/staging.gcf.community\/es\/tools\/flashlab\/zoom-recordings\/\" tabindex=\"0\" role=\"link\">Grabaciones con zoom<\/a><\/li><\/ul><\/li><li id=\"menu-item-2014\"><a href=\"https:\/\/staging.gcf.community\/es\/tools\/flashlab\/overview\/\" tabindex=\"0\" role=\"link\">Descripci\u00f3n general<\/a><\/li><li id=\"menu-item-2011\"><a href=\"https:\/\/staging.gcf.community\/es\/tools\/flashlab\/how-to-start\/\" tabindex=\"0\" role=\"link\">C\u00f3mo empezar<\/a><\/li><li id=\"menu-item-2017\"><a href=\"https:\/\/staging.gcf.community\/es\/tools\/flashlab\/process\/\" tabindex=\"0\" role=\"link\">Proceso<\/a><\/li><li id=\"menu-item-2009\"><a href=\"https:\/\/staging.gcf.community\/es\/tools\/flashlab\/different-models\/\" tabindex=\"0\" role=\"link\">Diferentes modelos<\/a><\/li><li id=\"menu-item-2012\"><a href=\"https:\/\/staging.gcf.community\/es\/tools\/flashlab\/look-and-listen\/\" tabindex=\"0\" role=\"link\">Mira y escucha<\/a><\/li><li id=\"menu-item-2020\"><a href=\"https:\/\/staging.gcf.community\/es\/tools\/flashlab\/think-and-explore\/\" tabindex=\"0\" role=\"link\">Piensa y explora<\/a><\/li><li id=\"menu-item-2013\"><a href=\"https:\/\/staging.gcf.community\/es\/tools\/flashlab\/make-and-create\/\" tabindex=\"0\" role=\"link\">Hacer y crear<\/a><\/li><li id=\"menu-item-2019\"><a href=\"https:\/\/staging.gcf.community\/es\/tools\/flashlab\/test-and-refine\/\" tabindex=\"0\" role=\"link\">Probar y refinar<\/a><\/li><li id=\"menu-item-2018\"><a href=\"https:\/\/staging.gcf.community\/es\/tools\/flashlab\/share-and-multiply\/\" tabindex=\"0\" role=\"link\">Compartir y multiplicar<\/a><\/li><\/ul>\n\t\t\t<\/nav>\n\t\t\t<button tabindex=\"0\" role=\"button\" aria-label=\"Men\u00fa FlashLab\">\n\t\t\t\tMen\u00fa FlashLab\t\t\t<\/button>\n\t<nav aria-label=\"FlashLab\" itemscope=\"itemscope\" itemtype=\"https:\/\/schema.org\/SiteNavigationElement\">\n\t\t<a href=\"javascript:void(0)\" aria-label=\"Cerrar el men\u00fa\" role=\"button\">\u00d7<\/a>\n\t\t<ul id=\"menu-flashlab-1\"><li id=\"menu-item-2008\"><a href=\"https:\/\/staging.gcf.community\/es\/tools\/flashlab\/\" tabindex=\"0\" role=\"link\">FlashLab<\/a><\/li><li id=\"menu-item-2010\"><a href=\"https:\/\/staging.gcf.community\/es\/tools\/flashlab\/flashlab23\/\" tabindex=\"0\" role=\"link\">FlashLab23<\/a><ul>\t<li id=\"menu-item-2022\"><a href=\"https:\/\/staging.gcf.community\/es\/tools\/flashlab\/flashlab23\/reflection\/\" aria-current=\"page\" tabindex=\"0\" role=\"link\">Reflexi\u00f3n<\/a><\/li>\t<li id=\"menu-item-2016\"><a href=\"https:\/\/staging.gcf.community\/es\/tools\/flashlab\/flashlab23\/files\/\" tabindex=\"0\" role=\"link\">Archivos<\/a><\/li>\t<li id=\"menu-item-2027\"><a href=\"https:\/\/staging.gcf.community\/es\/tools\/flashlab\/zoom-recordings\/\" tabindex=\"0\" role=\"link\">Grabaciones con zoom<\/a><\/li><\/ul><\/li><li id=\"menu-item-2014\"><a href=\"https:\/\/staging.gcf.community\/es\/tools\/flashlab\/overview\/\" tabindex=\"0\" role=\"link\">Descripci\u00f3n general<\/a><\/li><li id=\"menu-item-2011\"><a href=\"https:\/\/staging.gcf.community\/es\/tools\/flashlab\/how-to-start\/\" tabindex=\"0\" role=\"link\">C\u00f3mo empezar<\/a><\/li><li id=\"menu-item-2017\"><a href=\"https:\/\/staging.gcf.community\/es\/tools\/flashlab\/process\/\" tabindex=\"0\" role=\"link\">Proceso<\/a><\/li><li id=\"menu-item-2009\"><a href=\"https:\/\/staging.gcf.community\/es\/tools\/flashlab\/different-models\/\" tabindex=\"0\" role=\"link\">Diferentes modelos<\/a><\/li><li id=\"menu-item-2012\"><a href=\"https:\/\/staging.gcf.community\/es\/tools\/flashlab\/look-and-listen\/\" tabindex=\"0\" role=\"link\">Mira y escucha<\/a><\/li><li id=\"menu-item-2020\"><a href=\"https:\/\/staging.gcf.community\/es\/tools\/flashlab\/think-and-explore\/\" tabindex=\"0\" role=\"link\">Piensa y explora<\/a><\/li><li id=\"menu-item-2013\"><a href=\"https:\/\/staging.gcf.community\/es\/tools\/flashlab\/make-and-create\/\" tabindex=\"0\" role=\"link\">Hacer y crear<\/a><\/li><li id=\"menu-item-2019\"><a href=\"https:\/\/staging.gcf.community\/es\/tools\/flashlab\/test-and-refine\/\" tabindex=\"0\" role=\"link\">Probar y refinar<\/a><\/li><li id=\"menu-item-2018\"><a href=\"https:\/\/staging.gcf.community\/es\/tools\/flashlab\/share-and-multiply\/\" tabindex=\"0\" role=\"link\">Compartir y multiplicar<\/a><\/li><\/ul>\n\t\t\t<\/nav>\n\n\t<p>FlashLab es un proceso y m\u00e9todo para crear nuevas herramientas y recursos ministeriales.<\/p>\n<p>Podr\u00edas preguntarte \u00bfpor qu\u00e9? Lo sabemos:<\/p>\n        <p><em>Toda la Escritura es inspirada por Dios y es \u00fatil para <\/em><em>ense\u00f1ar, reprender, corregir y entrenar en <\/em><em>justicia, para que el siervo de Dios sea <\/em><em>completamente equipado para toda buena obra.<\/em>2 Timoteo 3:16 NVI<\/p>    \n\t<p>Entonces, \u00bfpor qu\u00e9 necesitamos m\u00e1s herramientas y recursos?<\/p>\n<p>At the heart of FlashLab is a desire to see people everywhere engaged with God&#8217;s Word. Making new tools and resources is a way of training, equipping, engaging, inspiring and communicating God&#8217;s Word in many languages. Maybe it&#8217;s a Bible curriculum or a video or a training session or an experiential game. Any one of these can be used by God to help others engage with His Word and meet Jesus.<\/p>\n        <p><em>El amor inquebrantable del Se\u00f1or nunca cesa;<\/em><br><em>&nbsp; &nbsp;sus misericordias nunca terminan;<\/em><br><em>Son nuevos cada ma\u00f1ana;<\/em><br><em>&nbsp; &nbsp;grande es tu fidelidad.<\/em>Lamentaciones 3:22-23 NVI<\/p>    \n\t<p>Como parte de este FlashLab, t\u00f3mate un tiempo para leer la Biblia y reflexionar sobre c\u00f3mo el Se\u00f1or nos ha hecho.<\/p>\n<h3>en ser creativo<\/h3>\n<p>Read about the first person in the Bible said to be &#8220;filled with the Spirit of God&#8221; &#8211; Bezalel (Exodus 31: 1-5). What creative gifts can we offer?<\/p>\n<p>David, so creative, wanted to &#8220;sing a new song&#8221; to the Lord (Psalms 96 &amp; 98). What can we offer to the Lord that is fresh and new today?<\/p>\n<h3>En nuestro dar de tiempo<\/h3>\n<p>Lea 2 Corintios 9:6-8. \u00bfC\u00f3mo podemos ser generosos en nuestro tiempo, aliento y trabajo en beneficio de los dem\u00e1s?<\/p>\n<h3>Al compartir nuestros dones en unidad<\/h3>\n<p>Cada miembro de un equipo tiene diferentes dones que ofrecer, pero todos somos uno bajo Jes\u00fas. Lea Efesios 4:1-16 o 1 Corintios 12:12-19. Para que FlashLab funcione, habr\u00e1 diferentes personas sirviendo de diferentes maneras.<\/p>","protected":false},"excerpt":{"rendered":"","protected":false},"author":1,"featured_media":0,"parent":1921,"menu_order":0,"comment_status":"closed","ping_status":"closed","template":"","meta":{"footnotes":""},"class_list":["post-1954","page","type-page","status-publish"],"_links":{"self":[{"href":"https:\/\/staging.gcf.community\/es\/wp-json\/wp\/v2\/pages\/1954","targetHints":{"allow":["GET"]}}],"collection":[{"href":"https:\/\/staging.gcf.community\/es\/wp-json\/wp\/v2\/pages"}],"about":[{"href":"https:\/\/staging.gcf.community\/es\/wp-json\/wp\/v2\/types\/page"}],"author":[{"embeddable":true,"href":"https:\/\/staging.gcf.community\/es\/wp-json\/wp\/v2\/users\/1"}],"replies":[{"embeddable":true,"href":"https:\/\/staging.gcf.community\/es\/wp-json\/wp\/v2\/comments?post=1954"}],"version-history":[{"count":0,"href":"https:\/\/staging.gcf.community\/es\/wp-json\/wp\/v2\/pages\/1954\/revisions"}],"up":[{"embeddable":true,"href":"https:\/\/staging.gcf.community\/es\/wp-json\/wp\/v2\/pages\/1921"}],"wp:attachment":[{"href":"https:\/\/staging.gcf.community\/es\/wp-json\/wp\/v2\/media?parent=1954"}],"curies":[{"name":"wp","href":"https:\/\/api.w.org\/{rel}","templated":true}]}}