{"id":1921,"date":"2023-08-30T06:47:15","date_gmt":"2023-08-30T05:47:15","guid":{"rendered":"https:\/\/gcf.community\/?page_id=1921"},"modified":"2023-09-05T13:52:21","modified_gmt":"2023-09-05T12:52:21","slug":"flashlab23","status":"publish","type":"page","link":"https:\/\/staging.gcf.community\/es\/tools\/flashlab\/flashlab23\/","title":{"rendered":"FlashLab23"},"content":{"rendered":"<nav aria-label=\"FlashLab\" itemscope=\"itemscope\" itemtype=\"https:\/\/schema.org\/SiteNavigationElement\">\n\t\t<ul id=\"menu-flashlab\"><li id=\"menu-item-2008\"><a href=\"https:\/\/staging.gcf.community\/es\/tools\/flashlab\/\" tabindex=\"0\" role=\"link\">FlashLab<\/a><\/li><li id=\"menu-item-2010\"><a href=\"https:\/\/staging.gcf.community\/es\/tools\/flashlab\/flashlab23\/\" aria-current=\"page\" tabindex=\"0\" role=\"link\">FlashLab23<\/a><ul>\t<li id=\"menu-item-2022\"><a href=\"https:\/\/staging.gcf.community\/es\/tools\/flashlab\/flashlab23\/reflection\/\" tabindex=\"0\" role=\"link\">Reflexi\u00f3n<\/a><\/li>\t<li id=\"menu-item-2016\"><a href=\"https:\/\/staging.gcf.community\/es\/tools\/flashlab\/flashlab23\/files\/\" tabindex=\"0\" role=\"link\">Archivos<\/a><\/li>\t<li id=\"menu-item-2027\"><a href=\"https:\/\/staging.gcf.community\/es\/tools\/flashlab\/zoom-recordings\/\" tabindex=\"0\" role=\"link\">Grabaciones con zoom<\/a><\/li><\/ul><\/li><li id=\"menu-item-2014\"><a href=\"https:\/\/staging.gcf.community\/es\/tools\/flashlab\/overview\/\" tabindex=\"0\" role=\"link\">Descripci\u00f3n general<\/a><\/li><li id=\"menu-item-2011\"><a href=\"https:\/\/staging.gcf.community\/es\/tools\/flashlab\/how-to-start\/\" tabindex=\"0\" role=\"link\">C\u00f3mo empezar<\/a><\/li><li id=\"menu-item-2017\"><a href=\"https:\/\/staging.gcf.community\/es\/tools\/flashlab\/process\/\" tabindex=\"0\" role=\"link\">Proceso<\/a><\/li><li id=\"menu-item-2009\"><a href=\"https:\/\/staging.gcf.community\/es\/tools\/flashlab\/different-models\/\" tabindex=\"0\" role=\"link\">Diferentes modelos<\/a><\/li><li id=\"menu-item-2012\"><a href=\"https:\/\/staging.gcf.community\/es\/tools\/flashlab\/look-and-listen\/\" tabindex=\"0\" role=\"link\">Mira y escucha<\/a><\/li><li id=\"menu-item-2020\"><a href=\"https:\/\/staging.gcf.community\/es\/tools\/flashlab\/think-and-explore\/\" tabindex=\"0\" role=\"link\">Piensa y explora<\/a><\/li><li id=\"menu-item-2013\"><a href=\"https:\/\/staging.gcf.community\/es\/tools\/flashlab\/make-and-create\/\" tabindex=\"0\" role=\"link\">Hacer y crear<\/a><\/li><li id=\"menu-item-2019\"><a href=\"https:\/\/staging.gcf.community\/es\/tools\/flashlab\/test-and-refine\/\" tabindex=\"0\" role=\"link\">Probar y refinar<\/a><\/li><li id=\"menu-item-2018\"><a href=\"https:\/\/staging.gcf.community\/es\/tools\/flashlab\/share-and-multiply\/\" tabindex=\"0\" role=\"link\">Compartir y multiplicar<\/a><\/li><\/ul>\n\t\t\t<\/nav>\n\t\t\t<button tabindex=\"0\" role=\"button\" aria-label=\"Men\u00fa FlashLab\">\n\t\t\t\tMen\u00fa FlashLab\t\t\t<\/button>\n\t<nav aria-label=\"FlashLab\" itemscope=\"itemscope\" itemtype=\"https:\/\/schema.org\/SiteNavigationElement\">\n\t\t<a href=\"javascript:void(0)\" aria-label=\"Cerrar el men\u00fa\" role=\"button\">\u00d7<\/a>\n\t\t<ul id=\"menu-flashlab-1\"><li id=\"menu-item-2008\"><a href=\"https:\/\/staging.gcf.community\/es\/tools\/flashlab\/\" tabindex=\"0\" role=\"link\">FlashLab<\/a><\/li><li id=\"menu-item-2010\"><a href=\"https:\/\/staging.gcf.community\/es\/tools\/flashlab\/flashlab23\/\" aria-current=\"page\" tabindex=\"0\" role=\"link\">FlashLab23<\/a><ul>\t<li id=\"menu-item-2022\"><a href=\"https:\/\/staging.gcf.community\/es\/tools\/flashlab\/flashlab23\/reflection\/\" tabindex=\"0\" role=\"link\">Reflexi\u00f3n<\/a><\/li>\t<li id=\"menu-item-2016\"><a href=\"https:\/\/staging.gcf.community\/es\/tools\/flashlab\/flashlab23\/files\/\" tabindex=\"0\" role=\"link\">Archivos<\/a><\/li>\t<li id=\"menu-item-2027\"><a href=\"https:\/\/staging.gcf.community\/es\/tools\/flashlab\/zoom-recordings\/\" tabindex=\"0\" role=\"link\">Grabaciones con zoom<\/a><\/li><\/ul><\/li><li id=\"menu-item-2014\"><a href=\"https:\/\/staging.gcf.community\/es\/tools\/flashlab\/overview\/\" tabindex=\"0\" role=\"link\">Descripci\u00f3n general<\/a><\/li><li id=\"menu-item-2011\"><a href=\"https:\/\/staging.gcf.community\/es\/tools\/flashlab\/how-to-start\/\" tabindex=\"0\" role=\"link\">C\u00f3mo empezar<\/a><\/li><li id=\"menu-item-2017\"><a href=\"https:\/\/staging.gcf.community\/es\/tools\/flashlab\/process\/\" tabindex=\"0\" role=\"link\">Proceso<\/a><\/li><li id=\"menu-item-2009\"><a href=\"https:\/\/staging.gcf.community\/es\/tools\/flashlab\/different-models\/\" tabindex=\"0\" role=\"link\">Diferentes modelos<\/a><\/li><li id=\"menu-item-2012\"><a href=\"https:\/\/staging.gcf.community\/es\/tools\/flashlab\/look-and-listen\/\" tabindex=\"0\" role=\"link\">Mira y escucha<\/a><\/li><li id=\"menu-item-2020\"><a href=\"https:\/\/staging.gcf.community\/es\/tools\/flashlab\/think-and-explore\/\" tabindex=\"0\" role=\"link\">Piensa y explora<\/a><\/li><li id=\"menu-item-2013\"><a href=\"https:\/\/staging.gcf.community\/es\/tools\/flashlab\/make-and-create\/\" tabindex=\"0\" role=\"link\">Hacer y crear<\/a><\/li><li id=\"menu-item-2019\"><a href=\"https:\/\/staging.gcf.community\/es\/tools\/flashlab\/test-and-refine\/\" tabindex=\"0\" role=\"link\">Probar y refinar<\/a><\/li><li id=\"menu-item-2018\"><a href=\"https:\/\/staging.gcf.community\/es\/tools\/flashlab\/share-and-multiply\/\" tabindex=\"0\" role=\"link\">Compartir y multiplicar<\/a><\/li><\/ul>\n\t\t\t<\/nav>\n\n\t<h2>\u00a1\u00danase al FlashLab Mundial 2023!<\/h2>\n<p>An opportunity to work on creating new resources that you need for your community. Join your group alongside the sport movement, GO Play, Global Children&#8217;s Forum, GO Health &amp; Fitness, family.fit, Gen-G, Max7 and many more!<\/p>\n<p>FlashLab es un proceso simple, guiado y colaborativo para crear nuevos recursos para su comunidad. Est\u00e1 abierto a cualquier equipo de trabajo y puedes trabajar en recursos en tu idioma y para tu gente.<\/p>\n<p>Groups we know about will be focused on creating resources for families on mission, youth leadership, children&#8217;s generosity, fitness, trauma recovery, community engagement, generosity, and unreached people of all ages. Add your tasks to this wonderful list!<\/p>\n<p>Invol\u00facrate trayendo un equipo y un proyecto para trabajar que tu comunidad necesita. Tambi\u00e9n puedes unirte a un equipo que trabaja en un \u00e1rea que te interese.<\/p>\n<p>El FlashLab comienza el 4 de septiembre de 2023 con una llamada de Zoom y finaliza a mediados de octubre.<\/p>\n<h3>Para registrar su inter\u00e9s<\/h3>\n<p>Join one of the &#8220;FlashLab 2023 info groups&#8221;:<\/p>\n<ul>\n<li><strong>Telegrama:<\/strong> <a href=\"https:\/\/t.me\/+PYZl1L7-swFmYjZk\" target=\"_blank\" rel=\"noopener\">https:\/\/t.me\/+PYZl1L7-swFmYjZk<\/a><\/li>\n<li><strong>WhatsApp:<\/strong> <a href=\"https:\/\/chat.whatsapp.com\/FQSYil7jQdaKCn3o9zUd3e\" target=\"_blank\" rel=\"noopener\">https:\/\/chat.whatsapp.com\/FQSYil7jQdaKCn3o9zUd3e<\/a><\/li>\n<\/ul>\n<p>Reg\u00edstrese para una de las convocatorias Zoom de lanzamiento de FlashLab 2023 el 4 de septiembre:<\/p>\n<ul>\n<li><strong>7 am hora de Nueva York<\/strong>: <a href=\"https:\/\/us02web.zoom.us\/meeting\/register\/tZctduyorjoiHdRaJnqz9UUZOx4E2Iwr4c93\" target=\"_blank\" rel=\"noopener\">https:\/\/us02web.zoom.us\/meeting\/register\/tZctduyorjoiHdRaJnqz9UUZOx4E2Iwr4c93<\/a><\/li>\n<li><strong>7 p.m. hora de Nueva York<\/strong>: <a href=\"https:\/\/us02web.zoom.us\/meeting\/register\/tZ0kdisrDooGdExtxaN_GkEeGeeyUAuY9Q7\" target=\"_blank\" rel=\"noopener\">https:\/\/us02web.zoom.us\/meeting\/register\/tZ0kdisrDooGdExtxaN_GkEeGeeyUAuY9Q7<\/a><\/li>\n<\/ul>","protected":false},"excerpt":{"rendered":"","protected":false},"author":1,"featured_media":0,"parent":1917,"menu_order":0,"comment_status":"closed","ping_status":"closed","template":"","meta":{"footnotes":""},"class_list":["post-1921","page","type-page","status-publish"],"_links":{"self":[{"href":"https:\/\/staging.gcf.community\/es\/wp-json\/wp\/v2\/pages\/1921","targetHints":{"allow":["GET"]}}],"collection":[{"href":"https:\/\/staging.gcf.community\/es\/wp-json\/wp\/v2\/pages"}],"about":[{"href":"https:\/\/staging.gcf.community\/es\/wp-json\/wp\/v2\/types\/page"}],"author":[{"embeddable":true,"href":"https:\/\/staging.gcf.community\/es\/wp-json\/wp\/v2\/users\/1"}],"replies":[{"embeddable":true,"href":"https:\/\/staging.gcf.community\/es\/wp-json\/wp\/v2\/comments?post=1921"}],"version-history":[{"count":0,"href":"https:\/\/staging.gcf.community\/es\/wp-json\/wp\/v2\/pages\/1921\/revisions"}],"up":[{"embeddable":true,"href":"https:\/\/staging.gcf.community\/es\/wp-json\/wp\/v2\/pages\/1917"}],"wp:attachment":[{"href":"https:\/\/staging.gcf.community\/es\/wp-json\/wp\/v2\/media?parent=1921"}],"curies":[{"name":"wp","href":"https:\/\/api.w.org\/{rel}","templated":true}]}}