{"id":1776,"date":"2023-05-29T13:49:07","date_gmt":"2023-05-29T12:49:07","guid":{"rendered":"https:\/\/gcf.community\/?page_id=1776"},"modified":"2024-08-21T13:07:34","modified_gmt":"2024-08-21T12:07:34","slug":"projects","status":"publish","type":"page","link":"https:\/\/staging.gcf.community\/es\/projects\/","title":{"rendered":"Proyectos"},"content":{"rendered":"<h1>\n\t\tProyectos\n\t<\/h1>\n\t<p>Creemos que la vida de los ni\u00f1os est\u00e1 determinada por la familia, los medios de comunicaci\u00f3n, la iglesia, la escuela y una variedad de otras organizaciones. GCF busca ser un movimiento desinteresado que sirve silenciosamente a cada uno de ellos de una manera que los ayude en su papel de proteger a los ni\u00f1os y ayudarlos a identificar, moldear y liberar el potencial que Dios les ha dado.<\/p>\n<p>Creemos que la colaboraci\u00f3n es la clave para alcanzar y hacer disc\u00edpulos de los ni\u00f1os de todo el mundo. Trabajando solos, solo estamos ara\u00f1ando la superficie de este desaf\u00edo. Con este fin, se est\u00e1n desarrollando m\u00faltiples proyectos a trav\u00e9s de GCF para servir a la iglesia local. Estos proyectos incluyen:<\/p>\n\t<p>Experiencia en liderazgo<\/p>\n\t<p>Familias en Misi\u00f3n<\/p>\n\t<p>Ni\u00f1os en todas partes<\/p>\n\t<p>Max7<\/p>\n\t<p>KidsHubs<\/p>\n\t<p>Kidshub TV<\/p>\n\t<p>Ni\u00f1os en Riesgo<\/p>\n\t<p>Ni\u00f1os y familias<\/p>\n\t<p>Generaciones generosas<\/p>","protected":false},"excerpt":{"rendered":"","protected":false},"author":1,"featured_media":0,"parent":0,"menu_order":0,"comment_status":"closed","ping_status":"closed","template":"","meta":{"footnotes":""},"class_list":["post-1776","page","type-page","status-publish"],"_links":{"self":[{"href":"https:\/\/staging.gcf.community\/es\/wp-json\/wp\/v2\/pages\/1776","targetHints":{"allow":["GET"]}}],"collection":[{"href":"https:\/\/staging.gcf.community\/es\/wp-json\/wp\/v2\/pages"}],"about":[{"href":"https:\/\/staging.gcf.community\/es\/wp-json\/wp\/v2\/types\/page"}],"author":[{"embeddable":true,"href":"https:\/\/staging.gcf.community\/es\/wp-json\/wp\/v2\/users\/1"}],"replies":[{"embeddable":true,"href":"https:\/\/staging.gcf.community\/es\/wp-json\/wp\/v2\/comments?post=1776"}],"version-history":[{"count":3,"href":"https:\/\/staging.gcf.community\/es\/wp-json\/wp\/v2\/pages\/1776\/revisions"}],"predecessor-version":[{"id":2378,"href":"https:\/\/staging.gcf.community\/es\/wp-json\/wp\/v2\/pages\/1776\/revisions\/2378"}],"wp:attachment":[{"href":"https:\/\/staging.gcf.community\/es\/wp-json\/wp\/v2\/media?parent=1776"}],"curies":[{"name":"wp","href":"https:\/\/api.w.org\/{rel}","templated":true}]}}