{"id":1687,"date":"2023-05-27T10:30:07","date_gmt":"2023-05-27T09:30:07","guid":{"rendered":"https:\/\/gcf.community\/?page_id=1687"},"modified":"2023-05-29T15:01:54","modified_gmt":"2023-05-29T14:01:54","slug":"participate","status":"publish","type":"page","link":"https:\/\/staging.gcf.community\/es\/participate\/","title":{"rendered":"Participar"},"content":{"rendered":"<h1>\n\t\t\u00a1Involucrarse!\n\t<\/h1>\n\t<p>\u00bfTe gustar\u00eda ser parte del Foro Mundial de la Infancia? \u00a1Es muy sencillo! Un buen primer paso es suscribirse a nuestro bolet\u00edn informativo a continuaci\u00f3n. Luego recibir\u00e1s actualizaciones de nuestras novedades y tambi\u00e9n de nuestros eventos online y presenciales.<\/p>\n<p>Quiz\u00e1s tengas una historia que compartir sobre el ministerio infantil. \u00a1Nos encantar\u00eda escuchar eso tambi\u00e9n!<\/p>\n<p>Si tiene alguna pregunta, no dude en preguntar.<\/p>\n\t<a href=\"https:\/\/staging.gcf.community\/es\/participate\/subscribe\/\" target=\"_self\" role=\"button\" aria-label=\"Suscr\u00edbete a las actualizaciones\" rel=\"noopener\">\n\t\t\t\t\t\tSuscr\u00edbete a las actualizaciones\n\t\t\t\t\t<\/a>\n\t<a href=\"https:\/\/staging.gcf.community\/es\/participate\/share-your-story\/\" target=\"_self\" role=\"button\" aria-label=\"Comparte tu historia\" rel=\"noopener\">\n\t\t\t\t\t\tComparte tu historia\n\t\t\t\t\t<\/a>\n\t<a href=\"https:\/\/staging.gcf.community\/es\/contact\/\" target=\"_self\" role=\"button\" aria-label=\"Ponerse en contacto\" rel=\"noopener\">\n\t\t\t\t\t\tPonerse en contacto\n\t\t\t\t\t<\/a>","protected":false},"excerpt":{"rendered":"","protected":false},"author":1,"featured_media":0,"parent":0,"menu_order":0,"comment_status":"closed","ping_status":"closed","template":"","meta":{"footnotes":""},"class_list":["post-1687","page","type-page","status-publish"],"_links":{"self":[{"href":"https:\/\/staging.gcf.community\/es\/wp-json\/wp\/v2\/pages\/1687","targetHints":{"allow":["GET"]}}],"collection":[{"href":"https:\/\/staging.gcf.community\/es\/wp-json\/wp\/v2\/pages"}],"about":[{"href":"https:\/\/staging.gcf.community\/es\/wp-json\/wp\/v2\/types\/page"}],"author":[{"embeddable":true,"href":"https:\/\/staging.gcf.community\/es\/wp-json\/wp\/v2\/users\/1"}],"replies":[{"embeddable":true,"href":"https:\/\/staging.gcf.community\/es\/wp-json\/wp\/v2\/comments?post=1687"}],"version-history":[{"count":0,"href":"https:\/\/staging.gcf.community\/es\/wp-json\/wp\/v2\/pages\/1687\/revisions"}],"wp:attachment":[{"href":"https:\/\/staging.gcf.community\/es\/wp-json\/wp\/v2\/media?parent=1687"}],"curies":[{"name":"wp","href":"https:\/\/api.w.org\/{rel}","templated":true}]}}