{"id":1656,"date":"2023-05-26T16:18:46","date_gmt":"2023-05-26T15:18:46","guid":{"rendered":"https:\/\/gcf.community\/?page_id=1656"},"modified":"2023-09-11T15:55:02","modified_gmt":"2023-09-11T14:55:02","slug":"families-on-mission","status":"publish","type":"page","link":"https:\/\/staging.gcf.community\/es\/campaigns\/families-on-mission\/","title":{"rendered":"Familias en Misi\u00f3n"},"content":{"rendered":"<a href=\"https:\/\/staging.gcf.community\/es\/campaigns\/families-on-mission\/\" target=\"_self\" itemprop=\"url\" rel=\"noopener\">\n\t\t\t\t<img loading=\"lazy\" decoding=\"async\" src=\"https:\/\/staging.gcf.community\/wp-content\/uploads\/2023\/05\/fom-logo-portrait-transparent-for-white-background-600.png\" alt=\"fom logo portrait transparent for white background 600\" itemprop=\"image\" height=\"536\" width=\"600\" title=\"fom logo retrato transparente para fondo blanco 600\" onerror=\"this.style.display='none'\"  \/>\n\t\t\t\t<\/a>\n<h2>\n\t\tTodas las familias\n\t<\/h2>\n<h2>\n\t\tA trav\u00e9s de cada iglesia\n\t<\/h2>\n<h2>\n\t\ta cada comunidad\n\t<\/h2>\n\t\t\t<button tabindex=\"0\" role=\"button\" aria-label=\"Men\u00fa\">\n\t\t\t\t\t\t\t<\/button>\n\t<nav aria-label=\"FoM\" itemscope=\"itemscope\" itemtype=\"https:\/\/schema.org\/SiteNavigationElement\">\n\t\t<ul id=\"menu-fom\"><li id=\"menu-item-1752\"><a href=\"https:\/\/staging.gcf.community\/es\/campaigns\/families-on-mission\/\" aria-current=\"page\">Introducci\u00f3n<\/a><\/li><li id=\"menu-item-1723\"><a href=\"https:\/\/staging.gcf.community\/es\/campaigns\/families-on-mission\/statement\/\">Declaraci\u00f3n<\/a><\/li><li id=\"menu-item-1725\"><a href=\"https:\/\/staging.gcf.community\/es\/campaigns\/families-on-mission\/report\/\">Informe<\/a><\/li><li id=\"menu-item-2204\"><a href=\"https:\/\/staging.gcf.community\/es\/campaigns\/families-on-mission\/resources\/\">Recursos<\/a><\/li><li id=\"menu-item-1724\"><a href=\"https:\/\/staging.gcf.community\/es\/campaigns\/families-on-mission\/showcase\/\">Escaparate<\/a><\/li><li id=\"menu-item-1731\"><a href=\"https:\/\/staging.gcf.community\/es\/campaigns\/families-on-mission\/videos\/\">V\u00eddeos<\/a><\/li><\/ul>\n\t\t\t<\/nav>\n<h1>\n\t\tIntroducci\u00f3n\n\t<\/h1>\n\t<p>Ha habido un impulso creciente en torno a las necesidades de las familias y c\u00f3mo podemos atenderlas mejor junto con los ni\u00f1os. Las discusiones recientes plantearon el desaf\u00edo de c\u00f3mo podr\u00edamos ver a un mill\u00f3n de familias en todo el mundo abrazando lo que significa pensar y actuar misionalmente. Mirando las necesidades que nos rodean en nuestro mundo, y como socios del Reino, comenzamos a so\u00f1ar c\u00f3mo podr\u00edamos ver a Dios abrir un camino para equipar y liberar a 100 millones de familias misionales mientras exploramos y servimos juntos.<\/p>\n<p>En marzo de 2023 nos reunimos en S\u00e3o Paulo como un foro de asociaci\u00f3n colaborativa que reuni\u00f3 a equipos de GCF, GOPlay, Go Health &amp; Fitness, Generous Generation, family.fit y Rede M\u00e3os Dados. Juntos buscamos servir a ni\u00f1os, j\u00f3venes y familias con un enfoque especial en familias misioneras, explorando c\u00f3mo podemos crecer como comunidades de aprendizaje, incubando ideas contagiosas juntos e incluyendo un enfoque especial en invertir en l\u00edderes m\u00e1s j\u00f3venes.<\/p>\n<p>El foro de S\u00e3o Paulo inici\u00f3 una serie de grupos de trabajo y proyectos. Estos incluyeron mirar a las iglesias locales, el papel de los padres y abuelos, el alcance regional, global y digital, y un grupo especial que explor\u00f3 toda el \u00e1rea de la generosidad.<\/p>\n<p>Descargue el informe en formato PDF usando el bot\u00f3n a continuaci\u00f3n.<\/p>\n\t<a href=\"https:\/\/staging.gcf.community\/wp-content\/uploads\/2023\/05\/Sao-Paulo-Report-compressed.pdf\" target=\"_self\" role=\"button\" download=\"Sao-Paulo-Report-compressed.pdf\" aria-label=\"Informe completo (PDF)\" rel=\"noopener\">\n\t\t\t\t\t\tInforme completo (PDF)\n\t\t\t\t\t<\/a>","protected":false},"excerpt":{"rendered":"","protected":false},"author":1,"featured_media":0,"parent":1652,"menu_order":0,"comment_status":"closed","ping_status":"closed","template":"","meta":{"footnotes":""},"class_list":["post-1656","page","type-page","status-publish"],"_links":{"self":[{"href":"https:\/\/staging.gcf.community\/es\/wp-json\/wp\/v2\/pages\/1656","targetHints":{"allow":["GET"]}}],"collection":[{"href":"https:\/\/staging.gcf.community\/es\/wp-json\/wp\/v2\/pages"}],"about":[{"href":"https:\/\/staging.gcf.community\/es\/wp-json\/wp\/v2\/types\/page"}],"author":[{"embeddable":true,"href":"https:\/\/staging.gcf.community\/es\/wp-json\/wp\/v2\/users\/1"}],"replies":[{"embeddable":true,"href":"https:\/\/staging.gcf.community\/es\/wp-json\/wp\/v2\/comments?post=1656"}],"version-history":[{"count":0,"href":"https:\/\/staging.gcf.community\/es\/wp-json\/wp\/v2\/pages\/1656\/revisions"}],"up":[{"embeddable":true,"href":"https:\/\/staging.gcf.community\/es\/wp-json\/wp\/v2\/pages\/1652"}],"wp:attachment":[{"href":"https:\/\/staging.gcf.community\/es\/wp-json\/wp\/v2\/media?parent=1656"}],"curies":[{"name":"wp","href":"https:\/\/api.w.org\/{rel}","templated":true}]}}