{"id":1576,"date":"2023-04-20T18:45:23","date_gmt":"2023-04-20T17:45:23","guid":{"rendered":"https:\/\/gcf.community\/?page_id=1576"},"modified":"2023-10-24T08:38:02","modified_gmt":"2023-10-24T07:38:02","slug":"registration","status":"publish","type":"page","link":"https:\/\/staging.gcf.community\/es\/events\/ethiopia2023\/registration\/","title":{"rendered":"Registro"},"content":{"rendered":"<h1>\n\t\tFVC Etiop\u00eda 2023\n\t<\/h1>\n\t\t\t<button tabindex=\"0\" aria-label=\"Men\u00fa\">\n\t\t\t\t\t\t\t<\/button>\n\t<nav aria-label=\"Etiop\u00eda\" itemscope=\"itemscope\" itemtype=\"https:\/\/schema.org\/SiteNavigationElement\">\n\t\t<ul id=\"menu-ethiopia\"><li id=\"menu-item-1790\"><a href=\"https:\/\/staging.gcf.community\/es\/events\/ethiopia2023\/registration\/\" aria-current=\"page\">Registro<\/a><\/li><li id=\"menu-item-2277\"><a href=\"https:\/\/staging.gcf.community\/es\/events\/ethiopia2023\/confirmation\/\">Confirmaci\u00f3n<\/a><\/li><li id=\"menu-item-1797\"><a href=\"https:\/\/staging.gcf.community\/es\/events\/ethiopia2023\/payment\/\">Pago<\/a><\/li><li id=\"menu-item-2292\"><a href=\"https:\/\/staging.gcf.community\/es\/events\/ethiopia2023\/important-messages\/\">Mensajes importantes<\/a><\/li><\/ul>\n\t\t\t<\/nav>\n<h2>\n\t\tFormulario de inscripci\u00f3n\n\t<\/h2>\n\t<p>Estamos encantados de anunciar que la pr\u00f3xima reuni\u00f3n del Foro Mundial de la Infancia tendr\u00e1 lugar en Addis Abeba, Etiop\u00eda, a partir de la cena del <strong>martes 7 de noviembre<\/strong> hasta el desayuno en <strong>domingo 12 de noviembre de 2023<\/strong>.<\/p>\n\t\t\t\t\t<a href=\"javascript:void(0);\" id=\"fl-accordion--label-0\" tabindex=\"0\" aria-controls=\"fl-accordion--panel-0\">\u00bfPor qu\u00e9 deber\u00eda venir?<\/a>\n\t\t\t\t\t\t\t\t\t\t\t<a href=\"#\" id=\"fl-accordion--icon-0\" tabindex=\"-1\" aria-controls=\"fl-accordion--panel-0\"><i>Expandir<\/i><\/a>\n\t\t\t\t\t<p>Han pasado muchas cosas en los \u00faltimos a\u00f1os, en los que viajar no ha sido posible y, en muchos sentidos, todav\u00eda nos estamos adaptando a c\u00f3mo han cambiado las cosas. A principios de marzo de este a\u00f1o, nuestra comunidad GCF, junto con los equipos de GOPlay, family.fit y Generous Generation se reunieron en S\u00e3o Paulo, Brasil, con el enfoque principal en Families in Mission. Se lanzaron varios equipos de trabajo de proyectos, y el trabajo en los proyectos contin\u00faa despu\u00e9s de la reuni\u00f3n de Brasil. \u00a1Estamos emocionados de ver cu\u00e1les ser\u00e1n los resultados a medida que continuamos esforz\u00e1ndonos por alcanzar nuestra meta de equipar a 100 millones de familias misioneras!<\/p>\n<p>Mientras nos reunimos en noviembre en Addis, el trabajo sobre Familias en Misi\u00f3n continuar\u00e1 enfoc\u00e1ndose en buscar la gu\u00eda de Dios sobre c\u00f3mo equipar a las familias misioneras en un contexto africano. Ha habido un impulso creciente en torno a las necesidades de las familias y c\u00f3mo podemos servirles mejor junto con los ni\u00f1os. Al observar las necesidades que nos rodean en nuestro mundo, espec\u00edficamente en \u00c1frica, y al unirnos como socios del Reino, \u00bfpodr\u00edamos siquiera comenzar a imaginar c\u00f3mo podr\u00edamos ver a Dios abrir el camino para equipar a 100 millones de familias misionales?<\/p>\n<p>Tenemos una visi\u00f3n para ni\u00f1os en todas partes caminando con Jes\u00fas. \u00danase a nosotros durante unos preciosos d\u00edas para orar, explorar, aprender y crear juntos mientras construimos sobre las reuniones que tuvimos en Brasil en el contexto de las siguientes \u00e1reas:<\/p>\n<ul>\n<li><strong>Liderazgo<\/strong>\n<ul>\n<li>Libere a los j\u00f3venes l\u00edderes para que sean pioneros en la pr\u00f3xima temporada<\/li>\n<li>Conectar mentores y aprendices, ampliando el desarrollo de liderazgo<\/li>\n<li>Desarrollar estrategias de multiplicaci\u00f3n para la Experiencia de Liderazgo<\/li>\n<\/ul>\n<\/li>\n<li><strong>Pilotos regionales de la comunidad de aprendizaje<\/strong>\n<ul>\n<li>Conectar y acelerar las comunidades regionales de aprendizaje en Am\u00e9rica Latina, \u00c1frica, Asia y Europa<\/li>\n<li>Integrar la Experiencia de Liderazgo como estrategia de multiplicaci\u00f3n del ADN del GCF<\/li>\n<\/ul>\n<\/li>\n<li><strong>Innovaci\u00f3n<\/strong>\n<ul>\n<li>Cree equipos FlashLab h\u00edbridos para innovar en torno a proyectos clave (family.fit, Experiencia de liderazgo, Familia, Regiones, Academia)<\/li>\n<\/ul>\n<\/li>\n<\/ul>\n<p>Las reuniones en Addis incluir\u00e1n representantes de instituciones teol\u00f3gicas, l\u00edderes de iglesias, l\u00edderes de ministerios, practicantes locales y l\u00edderes j\u00f3venes. Las reuniones de GCF son innovadoras, perspicaces y una gran comunidad de compa\u00f1erismo como familia.<\/p>\n<p>Si es nuevo en GCF, \u00a1tenga la seguridad de que somos una comunidad acogedora! Priorizamos un ambiente c\u00e1lido y amigable, asegurando que los reci\u00e9n llegados se sientan a gusto. Si se une a nosotros por primera vez, nos complace ayudarlo a navegar durante nuestro tiempo juntos, ayudarlo a hacer nuevos amigos y familiarizarse con los diferentes aspectos de los grupos y proyectos.<\/p>\n\t<p>Nuestras reuniones se llevar\u00e1n a cabo en el <a href=\"https:\/\/www.elianahotel.com\/\" target=\"_blank\" rel=\"noopener\">Gran Hotel Eliana<\/a> ubicado aqu\u00ed:<\/p>\n\t<iframe src=\"https:\/\/www.google.com\/maps\/embed?pb=!1m18!1m12!1m3!1d3940.3685937515565!2d38.74956814206024!3d9.030100697551262!2m3!1f0!2f0!3f0!3m2!1i1024!2i768!4f13.1!3m3!1m2!1s0x164b85f137eb0829%3A0xc367647315386be6!2sEliana%20Hotel%20%7C%20Piazza!5e0!3m2!1sen!2suk!4v1683127388262!5m2!1sen!2suk\" width=\"1020\" height=\"450\" allowfullscreen=\"\" loading=\"lazy\" referrerpolicy=\"no-referrer-when-downgrade\"><\/iframe>\n\t<p>los <em>Gran Hotel Eliana<\/em> est\u00e1 situado a 10 km del Aeropuerto Internacional de Addis Abeba Bole (ADD).<\/p>\n\t\t\t\t\t\t\t\t\t\t\t\t\t\t\t\t\t<a href=\"https:\/\/staging.gcf.community\/wp-content\/uploads\/2023\/05\/Deluxe-Queen-2-400x300-1.jpg\" target=\"_self\" data-caption=\"\" rel=\"noopener\">\n\t\t\t\t\t\t<figure>\n\t\t\t\t\t\t\t\t\t\t\t\t\t\t\t<img decoding=\"async\" src=\"https:\/\/staging.gcf.community\/wp-content\/uploads\/2023\/05\/Deluxe-Queen-2-400x300-1.jpg\" alt=\"\" \/>\n\t\t\t\t\t\t\t\t\t\t\t\t\t<\/figure>\n\t\t\t\t\t\t\t\t\t\t<\/a>\n\t\t\t\t\t\t\t\t\t\t\t\t\t\t\t\t\t<a href=\"https:\/\/staging.gcf.community\/wp-content\/uploads\/2023\/05\/Eliana-hotel-2-400x300-1.jpg\" target=\"_self\" data-caption=\"\" rel=\"noopener\">\n\t\t\t\t\t\t<figure>\n\t\t\t\t\t\t\t\t\t\t\t\t\t\t\t<img decoding=\"async\" src=\"https:\/\/staging.gcf.community\/wp-content\/uploads\/2023\/05\/Eliana-hotel-2-400x300-1.jpg\" alt=\"\" \/>\n\t\t\t\t\t\t\t\t\t\t\t\t\t<\/figure>\n\t\t\t\t\t\t\t\t\t\t<\/a>\n\t\t\t\t\t\t\t\t\t\t\t\t\t\t\t\t\t<a href=\"https:\/\/staging.gcf.community\/wp-content\/uploads\/2023\/05\/Eliana-hotel-4-400x300-1.jpg\" target=\"_self\" data-caption=\"\" rel=\"noopener\">\n\t\t\t\t\t\t<figure>\n\t\t\t\t\t\t\t\t\t\t\t\t\t\t\t<img decoding=\"async\" src=\"https:\/\/staging.gcf.community\/wp-content\/uploads\/2023\/05\/Eliana-hotel-4-400x300-1.jpg\" alt=\"\" \/>\n\t\t\t\t\t\t\t\t\t\t\t\t\t<\/figure>\n\t\t\t\t\t\t\t\t\t\t<\/a>\n\t\t\t\t\t\t\t\t\t\t\t\t\t\t\t\t\t<a href=\"https:\/\/staging.gcf.community\/wp-content\/uploads\/2023\/05\/Eliana-hotel-5-400x300-1.jpg\" target=\"_self\" data-caption=\"\" rel=\"noopener\">\n\t\t\t\t\t\t<figure>\n\t\t\t\t\t\t\t\t\t\t\t\t\t\t\t<img decoding=\"async\" src=\"https:\/\/staging.gcf.community\/wp-content\/uploads\/2023\/05\/Eliana-hotel-5-400x300-1.jpg\" alt=\"\" \/>\n\t\t\t\t\t\t\t\t\t\t\t\t\t<\/figure>\n\t\t\t\t\t\t\t\t\t\t<\/a>\n\t\t\t\t\t\t\t\t\t\t\t\t\t\t\t\t\t<a href=\"https:\/\/staging.gcf.community\/wp-content\/uploads\/2023\/05\/Eliana-hotel-6-400x300-1.jpg\" target=\"_self\" data-caption=\"\" rel=\"noopener\">\n\t\t\t\t\t\t<figure>\n\t\t\t\t\t\t\t\t\t\t\t\t\t\t\t<img decoding=\"async\" src=\"https:\/\/staging.gcf.community\/wp-content\/uploads\/2023\/05\/Eliana-hotel-6-400x300-1.jpg\" alt=\"\" \/>\n\t\t\t\t\t\t\t\t\t\t\t\t\t<\/figure>\n\t\t\t\t\t\t\t\t\t\t<\/a>\n\t\t\t\t\t\t\t\t\t\t\t\t\t\t\t\t\t<a href=\"https:\/\/staging.gcf.community\/wp-content\/uploads\/2023\/05\/Eliana-hotel-7-400x300-1.jpg\" target=\"_self\" data-caption=\"\" rel=\"noopener\">\n\t\t\t\t\t\t<figure>\n\t\t\t\t\t\t\t\t\t\t\t\t\t\t\t<img decoding=\"async\" src=\"https:\/\/staging.gcf.community\/wp-content\/uploads\/2023\/05\/Eliana-hotel-7-400x300-1.jpg\" alt=\"\" \/>\n\t\t\t\t\t\t\t\t\t\t\t\t\t<\/figure>\n\t\t\t\t\t\t\t\t\t\t<\/a>\n\t\t\t\t\t\t\t\t\t\t\t\t\t\t\t\t\t<a href=\"https:\/\/staging.gcf.community\/wp-content\/uploads\/2023\/05\/Eliana-hotel-8-400x300-1.jpg\" target=\"_self\" data-caption=\"\" rel=\"noopener\">\n\t\t\t\t\t\t<figure>\n\t\t\t\t\t\t\t\t\t\t\t\t\t\t\t<img decoding=\"async\" src=\"https:\/\/staging.gcf.community\/wp-content\/uploads\/2023\/05\/Eliana-hotel-8-400x300-1.jpg\" alt=\"\" \/>\n\t\t\t\t\t\t\t\t\t\t\t\t\t<\/figure>\n\t\t\t\t\t\t\t\t\t\t<\/a>\n\t\t\t\t\t\t\t\t\t\t\t\t\t\t\t\t\t<a href=\"https:\/\/staging.gcf.community\/wp-content\/uploads\/2023\/05\/Eliana-hotel-10-400x300-1.jpg\" target=\"_self\" data-caption=\"\" rel=\"noopener\">\n\t\t\t\t\t\t<figure>\n\t\t\t\t\t\t\t\t\t\t\t\t\t\t\t<img decoding=\"async\" src=\"https:\/\/staging.gcf.community\/wp-content\/uploads\/2023\/05\/Eliana-hotel-10-400x300-1.jpg\" alt=\"\" \/>\n\t\t\t\t\t\t\t\t\t\t\t\t\t<\/figure>\n\t\t\t\t\t\t\t\t\t\t<\/a>\n\t\t\t\t\t\t\t\t\t\t\t\t\t\t\t\t\t<a href=\"https:\/\/staging.gcf.community\/wp-content\/uploads\/2023\/05\/Eliana-hotel-11-400x300-1.jpg\" target=\"_self\" data-caption=\"\" rel=\"noopener\">\n\t\t\t\t\t\t<figure>\n\t\t\t\t\t\t\t\t\t\t\t\t\t\t\t<img decoding=\"async\" src=\"https:\/\/staging.gcf.community\/wp-content\/uploads\/2023\/05\/Eliana-hotel-11-400x300-1.jpg\" alt=\"\" \/>\n\t\t\t\t\t\t\t\t\t\t\t\t\t<\/figure>\n\t\t\t\t\t\t\t\t\t\t<\/a>\n\t\t\t\t\t\t\t\t\t\t\t\t\t\t\t\t\t<a href=\"https:\/\/staging.gcf.community\/wp-content\/uploads\/2023\/05\/Elliana-Gallery-2-400x300-1.jpg\" target=\"_self\" data-caption=\"\" rel=\"noopener\">\n\t\t\t\t\t\t<figure>\n\t\t\t\t\t\t\t\t\t\t\t\t\t\t\t<img decoding=\"async\" src=\"https:\/\/staging.gcf.community\/wp-content\/uploads\/2023\/05\/Elliana-Gallery-2-400x300-1.jpg\" alt=\"\" \/>\n\t\t\t\t\t\t\t\t\t\t\t\t\t<\/figure>\n\t\t\t\t\t\t\t\t\t\t<\/a>\n\t\t\t\t\t\t\t\t\t\t\t\t\t\t\t\t\t<a href=\"https:\/\/staging.gcf.community\/wp-content\/uploads\/2023\/05\/Elliana-Gallery-10-400x300-1.jpg\" target=\"_self\" data-caption=\"\" rel=\"noopener\">\n\t\t\t\t\t\t<figure>\n\t\t\t\t\t\t\t\t\t\t\t\t\t\t\t<img decoding=\"async\" src=\"https:\/\/staging.gcf.community\/wp-content\/uploads\/2023\/05\/Elliana-Gallery-10-400x300-1.jpg\" alt=\"\" \/>\n\t\t\t\t\t\t\t\t\t\t\t\t\t<\/figure>\n\t\t\t\t\t\t\t\t\t\t<\/a>\n\t\t\t\t\t\t\t\t\t\t\t\t\t\t\t\t\t<a href=\"https:\/\/staging.gcf.community\/wp-content\/uploads\/2023\/05\/Elliana-Gallery-15-400x300-1.jpg\" target=\"_self\" data-caption=\"\" rel=\"noopener\">\n\t\t\t\t\t\t<figure>\n\t\t\t\t\t\t\t\t\t\t\t\t\t\t\t<img decoding=\"async\" src=\"https:\/\/staging.gcf.community\/wp-content\/uploads\/2023\/05\/Elliana-Gallery-15-400x300-1.jpg\" alt=\"\" \/>\n\t\t\t\t\t\t\t\t\t\t\t\t\t<\/figure>\n\t\t\t\t\t\t\t\t\t\t<\/a>\n\t\t\t\t\t\t<!-- pagination -->\n\t<h3>Notas importantes<\/h3>\n<hr \/>\n<ul>\n<li>Todos los precios a continuaci\u00f3n est\u00e1n en d\u00f3lares estadounidenses.<\/li>\n<li>Nuestras reuniones comenzar\u00e1n con la cena del martes 7 de noviembre. Favor de llegar a tiempo para el inicio de las reuniones.<\/li>\n<li>Nuestras reuniones terminar\u00e1n despu\u00e9s del desayuno el domingo 12 de noviembre. Planee quedarse durante la duraci\u00f3n de nuestras reuniones y organice su viaje de regreso despu\u00e9s de que hayan terminado las reuniones.<\/li>\n<\/ul>\n<p><strong>Para los que vienen de fuera de Etiop\u00eda:<\/strong><\/p>\n<ul>\n<li>Deber\u00e1 proporcionar un seguro de viaje.<\/li>\n<li>Su pasaporte debe tener una validez de seis meses despu\u00e9s de la fecha de entrada.<\/li>\n<\/ul>\n\t\t\t\t\t<a href=\"javascript:void(0);\" id=\"fl-accordion--label-0\" tabindex=\"0\" aria-controls=\"fl-accordion--panel-0\">COVID-19<\/a>\n\t\t\t\t\t\t\t\t\t\t\t<a href=\"#\" id=\"fl-accordion--icon-0\" tabindex=\"-1\" aria-controls=\"fl-accordion--panel-0\"><i>Expandir<\/i><\/a>\n\t\t\t\t\t<ul>\n<li>Al momento de escribir (mayo de 2023), no es necesario poder proporcionar evidencia de una vacuna contra el Covid-19 o un resultado negativo reciente de la prueba.<\/li>\n<li><strong>Sin embargo<\/strong>, algunos pa\u00edses exigen que se muestre un comprobante de vacunaci\u00f3n al regresar a casa. Consulte con el departamento de inmigraci\u00f3n de su pa\u00eds si esto se aplica a usted.<\/li>\n<li>Est\u00e1 prohibido que cualquier persona que sepa que est\u00e1 infectada con Covid-19 ingrese a Etiop\u00eda.<\/li>\n<li>Cualquier persona que muestre s\u00edntomas de Covid-19 tiene el deber de usar una m\u00e1scara facial de manera adecuada, hacerse la prueba y, si recibe un resultado positivo, aislarse hasta que la prueba sea negativa.<\/li>\n<li>Tenga en cuenta que las directrices pueden cambiar y es su responsabilidad consultar las recomendaciones de su gobierno nacional sobre viajes a Etiop\u00eda.<\/li>\n<li>Puede haber ocasiones en las que deba usar una m\u00e1scara para cumplir con las regulaciones locales. Proporcione su propia m\u00e1scara.<\/li>\n<\/ul>\n\t\t\t\t\t<a href=\"javascript:void(0);\" id=\"fl-accordion--label-1\" tabindex=\"0\" aria-controls=\"fl-accordion--panel-1\">Transporte desde\/hacia el aeropuerto<\/a>\n\t\t\t\t\t\t\t\t\t\t\t<a href=\"#\" id=\"fl-accordion--icon-1\" tabindex=\"-1\" aria-controls=\"fl-accordion--panel-1\"><i>Expandir<\/i><\/a>\n\t\t\t\t\t<ul>\n<li>Proporcionaremos transporte desde el Aeropuerto Internacional de Addis Abeba Bole (ADD) hasta el lugar de celebraci\u00f3n para cualquier llegada el martes 7 de noviembre. El aeropuerto est\u00e1 a unos 30 minutos en coche del lugar. Si llega fuera de ese horario, es posible que deba organizar su propio transporte, como Ride, Feres, etc.<\/li>\n<li>Proporcionaremos transporte de regreso al Aeropuerto Internacional Addis Abeba Bole (ADD) desde el lugar de celebraci\u00f3n para cualquier salida el domingo 12 de noviembre. Si su salida es fuera de ese horario, es posible que deba organizar su propio transporte, como Ride, Feres, etc.<\/li>\n<li>El transporte desde el aeropuerto ser\u00e1 en grupos de llegadas. Es posible que deba esperar en el aeropuerto durante un breve per\u00edodo de tiempo mientras llegan otros. De igual manera el transporte de regreso al aeropuerto se realizar\u00e1 en grupos de salidas.<\/li>\n<\/ul>\n<h3>\n\t\tLa inscripci\u00f3n ya est\u00e1 cerrada.\n\t<\/h3>","protected":false},"excerpt":{"rendered":"","protected":false},"author":1,"featured_media":0,"parent":1574,"menu_order":0,"comment_status":"closed","ping_status":"closed","template":"","meta":{"footnotes":""},"class_list":["post-1576","page","type-page","status-publish"],"_links":{"self":[{"href":"https:\/\/staging.gcf.community\/es\/wp-json\/wp\/v2\/pages\/1576","targetHints":{"allow":["GET"]}}],"collection":[{"href":"https:\/\/staging.gcf.community\/es\/wp-json\/wp\/v2\/pages"}],"about":[{"href":"https:\/\/staging.gcf.community\/es\/wp-json\/wp\/v2\/types\/page"}],"author":[{"embeddable":true,"href":"https:\/\/staging.gcf.community\/es\/wp-json\/wp\/v2\/users\/1"}],"replies":[{"embeddable":true,"href":"https:\/\/staging.gcf.community\/es\/wp-json\/wp\/v2\/comments?post=1576"}],"version-history":[{"count":1,"href":"https:\/\/staging.gcf.community\/es\/wp-json\/wp\/v2\/pages\/1576\/revisions"}],"predecessor-version":[{"id":2301,"href":"https:\/\/staging.gcf.community\/es\/wp-json\/wp\/v2\/pages\/1576\/revisions\/2301"}],"up":[{"embeddable":true,"href":"https:\/\/staging.gcf.community\/es\/wp-json\/wp\/v2\/pages\/1574"}],"wp:attachment":[{"href":"https:\/\/staging.gcf.community\/es\/wp-json\/wp\/v2\/media?parent=1576"}],"curies":[{"name":"wp","href":"https:\/\/api.w.org\/{rel}","templated":true}]}}