{"id":1037,"date":"2023-03-16T08:35:19","date_gmt":"2023-03-16T08:35:19","guid":{"rendered":"https:\/\/gcf.community\/?page_id=1037"},"modified":"2023-03-17T08:02:55","modified_gmt":"2023-03-17T08:02:55","slug":"different-perspectives-and-ways-of-working","status":"publish","type":"page","link":"https:\/\/staging.gcf.community\/es\/tools\/creative-thinking-process\/different-perspectives-and-ways-of-working\/","title":{"rendered":"Diferentes perspectivas y formas de trabajar."},"content":{"rendered":"<h3>\n\t\tHerramientas\n\t<\/h3>\n<h1>\n\t\tProceso de pensamiento creativo\n\t<\/h1>\n\t<h4>Diferentes perspectivas y formas de trabajar<\/h4>\n<p>La composici\u00f3n de tu equipo es importante. Cada persona aportar\u00e1 diferentes fortalezas en su forma de trabajar. Encontrar\u00e1n fortaleza como equipo cuando todas estas fortalezas individuales se combinen. Aqu\u00ed hay una manera de ver c\u00f3mo los diferentes miembros del equipo valoran diferentes cosas seg\u00fan el modelo DISC. Todos son importantes.<\/p>\n\t\t\t\t<img loading=\"lazy\" decoding=\"async\" src=\"https:\/\/staging.gcf.community\/wp-content\/uploads\/2023\/03\/DISC.png\" alt=\"DISC\" itemprop=\"image\" height=\"513\" width=\"600\" title=\"DESCT\" onerror=\"this.style.display='none'\"  \/>","protected":false},"excerpt":{"rendered":"","protected":false},"author":1,"featured_media":0,"parent":784,"menu_order":0,"comment_status":"closed","ping_status":"closed","template":"","meta":{"footnotes":""},"class_list":["post-1037","page","type-page","status-publish"],"_links":{"self":[{"href":"https:\/\/staging.gcf.community\/es\/wp-json\/wp\/v2\/pages\/1037","targetHints":{"allow":["GET"]}}],"collection":[{"href":"https:\/\/staging.gcf.community\/es\/wp-json\/wp\/v2\/pages"}],"about":[{"href":"https:\/\/staging.gcf.community\/es\/wp-json\/wp\/v2\/types\/page"}],"author":[{"embeddable":true,"href":"https:\/\/staging.gcf.community\/es\/wp-json\/wp\/v2\/users\/1"}],"replies":[{"embeddable":true,"href":"https:\/\/staging.gcf.community\/es\/wp-json\/wp\/v2\/comments?post=1037"}],"version-history":[{"count":0,"href":"https:\/\/staging.gcf.community\/es\/wp-json\/wp\/v2\/pages\/1037\/revisions"}],"up":[{"embeddable":true,"href":"https:\/\/staging.gcf.community\/es\/wp-json\/wp\/v2\/pages\/784"}],"wp:attachment":[{"href":"https:\/\/staging.gcf.community\/es\/wp-json\/wp\/v2\/media?parent=1037"}],"curies":[{"name":"wp","href":"https:\/\/api.w.org\/{rel}","templated":true}]}}